{"id":4607,"date":"2025-12-02T03:06:10","date_gmt":"2025-12-02T03:06:10","guid":{"rendered":"https:\/\/fips.unsa.edu.pe\/usefc\/?page_id=4607"},"modified":"2026-04-07T19:22:18","modified_gmt":"2026-04-07T19:22:18","slug":"portal","status":"publish","type":"page","link":"https:\/\/fips.unsa.edu.pe\/usefc\/portal\/","title":{"rendered":"Portal Acad\u00e9mico &#8211; Segunda Especialidad FIPS UNSA"},"content":{"rendered":"<div style=\"max-width: 850px;margin: auto;background: #fff;border-left: 6px solid #7B1B2D;padding: 25px;border-radius: 8px\">\n<table style=\"background-color: #f2f2f2;margin-bottom: 20px;border-collapse: collapse;height: 547px\" width=\"898\">\n<tbody>\n<tr>\n<td style=\"padding: 5px;text-align: justify\">\n<h3 style=\"color: #800000;margin-top: 0\">INGRESAR AL PORTAL ACAD\u00c9MICO<\/h3>\n<hr \/>\n<p><span style=\"color: #000000\">Accede al Portal Acad\u00e9mico:<\/span><\/p>\n<p><a style=\"background: #7B1B2D;color: #fff;padding: 10px 20px;text-decoration: none;border-radius: 6px;font-weight: bold\" href=\"https:\/\/script.google.com\/a\/macros\/unsa.edu.pe\/s\/AKfycbyRT6EewWxA30WxkEKbnZYnESA-sguofsTWhWAgSuEitjHClLGYFJxmSVMqZAsrwKPz\/exec\" target=\"_blank\" rel=\"noopener\">INGRESAR AL PORTAL ACAD\u00c9MICO<\/a><\/p>\n<p data-start=\"72\" data-end=\"95\">Estimado(a) estudiante:<\/p>\n<p data-start=\"97\" data-end=\"338\">A trav\u00e9s del <strong data-start=\"110\" data-end=\"130\">Portal Acad\u00e9mico<\/strong> podr\u00e1s visualizar tus <strong data-start=\"153\" data-end=\"162\">notas<\/strong>, <strong data-start=\"164\" data-end=\"177\">pensiones<\/strong> y las <strong data-start=\"184\" data-end=\"204\">fechas de inicio<\/strong> de cada curso asignado. Te recomendamos revisar esta informaci\u00f3n de manera peri\u00f3dica para mantenerte al tanto de tu avance acad\u00e9mico.<\/p>\n<p data-start=\"340\" data-end=\"449\">Ante cualquier duda o inconveniente, puedes comunicarte con el \u00e1rea de soporte acad\u00e9mico al siguiente correo:<\/p>\n<p data-start=\"451\" data-end=\"490\"><strong data-start=\"454\" data-end=\"490\"><a class=\"decorated-link cursor-pointer\" rel=\"noopener\" data-start=\"456\" data-end=\"488\">fips_usesp_academico@unsa.edu.pe<\/a><\/strong><\/p>\n<p data-start=\"492\" data-end=\"525\">Quedamos atentos a tus consultas.<\/p>\n<\/td>\n<\/tr>\n<\/tbody>\n<\/table>\n<\/div>\n","protected":false},"excerpt":{"rendered":"<p>INGRESAR AL PORTAL ACAD\u00c9MICO Accede al Portal Acad\u00e9mico: INGRESAR AL PORTAL ACAD\u00c9MICO Estimado(a) estudiante: A trav\u00e9s del Portal Acad\u00e9mico podr\u00e1s visualizar tus notas, pensiones y las fechas de inicio de cada curso asignado. Te recomendamos revisar esta informaci\u00f3n de manera peri\u00f3dica para mantenerte al tanto de tu avance acad\u00e9mico. Ante cualquier duda o inconveniente, puedes [&hellip;]<\/p>\n","protected":false},"author":22,"featured_media":0,"parent":0,"menu_order":0,"comment_status":"closed","ping_status":"closed","template":"","meta":{"_acf_changed":false,"footnotes":""},"class_list":["post-4607","page","type-page","status-publish","hentry"],"acf":[],"_links":{"self":[{"href":"https:\/\/fips.unsa.edu.pe\/usefc\/wp-json\/wp\/v2\/pages\/4607","targetHints":{"allow":["GET"]}}],"collection":[{"href":"https:\/\/fips.unsa.edu.pe\/usefc\/wp-json\/wp\/v2\/pages"}],"about":[{"href":"https:\/\/fips.unsa.edu.pe\/usefc\/wp-json\/wp\/v2\/types\/page"}],"author":[{"embeddable":true,"href":"https:\/\/fips.unsa.edu.pe\/usefc\/wp-json\/wp\/v2\/users\/22"}],"replies":[{"embeddable":true,"href":"https:\/\/fips.unsa.edu.pe\/usefc\/wp-json\/wp\/v2\/comments?post=4607"}],"version-history":[{"count":13,"href":"https:\/\/fips.unsa.edu.pe\/usefc\/wp-json\/wp\/v2\/pages\/4607\/revisions"}],"predecessor-version":[{"id":4787,"href":"https:\/\/fips.unsa.edu.pe\/usefc\/wp-json\/wp\/v2\/pages\/4607\/revisions\/4787"}],"wp:attachment":[{"href":"https:\/\/fips.unsa.edu.pe\/usefc\/wp-json\/wp\/v2\/media?parent=4607"}],"curies":[{"name":"wp","href":"https:\/\/api.w.org\/{rel}","templated":true}]}}