{"id":4547,"date":"2025-10-21T20:36:02","date_gmt":"2025-10-21T20:36:02","guid":{"rendered":"https:\/\/fips.unsa.edu.pe\/usefc\/?page_id=4547"},"modified":"2025-10-29T20:43:31","modified_gmt":"2025-10-29T20:43:31","slug":"registro-de-pensiones","status":"publish","type":"page","link":"https:\/\/fips.unsa.edu.pe\/usefc\/registro-de-pensiones\/","title":{"rendered":"Registro de Pensiones- Estudiantes USE FIPS"},"content":{"rendered":"<p><!-- ENCABEZADO --><\/p>\n<div style=\"background-color: #002147;padding: 20px;text-align: center;color: #ffffff\">\n<h2 style=\"margin: 0;color: #f2f2f2\">Registro de Pagos &#8211; Estudiantes<\/h2>\n<h2 style=\"margin: 0;color: #f2f2f2\">USE FIPS<\/h2>\n<\/div>\n<p><!-- CONTENEDOR GENERAL --><\/p>\n<div style=\"padding: 20px;font-family: Arial, sans-serif\">\n<p><!-- SECCI\u00d3N: Bienvenida --><\/p>\n<table style=\"background-color: #f2f2f2;margin-bottom: 20px;border-collapse: collapse;width: 100%\">\n<tbody>\n<tr>\n<td style=\"padding: 20px\">\n<h3 style=\"color: #800000;margin-top: 0\">Bienvenidos<\/h3>\n<p style=\"margin-top: 0;text-align: justify;color: #000000\">Bienvenido(a) al sitio de orientaci\u00f3n de la <strong>Segunda Especialidad<\/strong>.<br \/>\nAqu\u00ed encontrar\u00e1s la informaci\u00f3n necesaria para <strong>realizar el pago de pensi\u00f3n.<\/strong><\/p>\n<\/td>\n<\/tr>\n<\/tbody>\n<\/table>\n<p><!-- SECCI\u00d3N: Solicitud de Factura --><\/p>\n<h3 style=\"color: #800000;margin-top: 0\"><strong>Solicitud de Factura<\/strong><\/h3>\n<p style=\"margin-top: 0;text-align: justify;color: #000000\"><strong><br \/>\nEn caso requiera factura, deber\u00e1 solicitarla antes de realizar el pago al correo<br \/>\n<a href=\"mailto:seccion.ingresos@unsa.edu.pe\">seccion.ingresos@unsa.edu.pe<\/a>.<br \/>\n<\/strong><\/p>\n<p style=\"color: #000000\"><strong>Asunto:<\/strong> BLOQUEO DE C\u00d3DIGO PARA FACTURA<br \/>\n<strong>Debe indicar:<\/strong> Nombres, CUI, especialidad, RUC, raz\u00f3n social y correo de la empresa.<\/p>\n<p><!-- SECCI\u00d3N 1: Pago de pensi\u00f3n --><\/p>\n<table style=\"background-color: #f2f2f2;margin-bottom: 20px;border-collapse: collapse;width: 100%\">\n<tbody>\n<tr>\n<td style=\"padding: 20px;text-align: justify\">\n<h3 style=\"color: #800000;margin-top: 0\"><strong>1. Realiza el pago de pensi\u00f3n<\/strong><\/h3>\n<hr \/>\n<ol style=\"color: #000000;padding-left: 20px\">\n<li>Ingresa al sistema para descargar tu constancia de matr\u00edcula:<br \/>\n<a href=\"http:\/\/extranet.unsa.edu.pe\/sisacad\/matriculavirtual_segundas_25a\/acad_login.php\" target=\"_blank\" rel=\"noopener\"><br \/>\nIngresa aqu\u00ed<br \/>\n<\/a>.<\/li>\n<li>Visualizar\u00e1s tu <strong>c\u00f3digo bancario<\/strong> para el pago de pensiones.<br \/>\n<img decoding=\"async\" style=\"margin: 10px auto;max-width: 100%;height: auto;border-radius: 5px\" src=\"https:\/\/fips.unsa.edu.pe\/usefc\/wp-content\/uploads\/sites\/11\/2025\/10\/constancia-de-matricula.png\" alt=\"Ejemplo de constancia de matr\u00edcula\" \/><\/li>\n<li>Efect\u00faa el pago en <strong>UNSA Virtual<\/strong> con tu c\u00f3digo, mediante agente BCP, banca por internet, ventanilla o Yape.<\/li>\n<li>El sistema enviar\u00e1 autom\u00e1ticamente la <strong style=\"color: #800000\">BOLETA<\/strong> a tu correo institucional.<\/li>\n<\/ol>\n<\/td>\n<\/tr>\n<\/tbody>\n<\/table>\n<p><!-- SECCI\u00d3N 2: Recomendaci\u00f3n --><\/p>\n<table style=\"background-color: #f2f2f2;margin-bottom: 20px;border-collapse: collapse;width: 100%\">\n<tbody>\n<tr>\n<td style=\"padding: 20px;text-align: justify;color: #000000\">Se recuerda a los estudiantes que deben <strong>guardar su constancia de matr\u00edcula<\/strong> luego de descargarla del sistema.<br \/>\nEste documento es necesario para realizar el pago de pensi\u00f3n y para eventuales verificaciones acad\u00e9micas o administrativas.<\/td>\n<\/tr>\n<\/tbody>\n<\/table>\n<p><!-- SECCI\u00d3N 3: Consultas --><\/p>\n<h3 style=\"color: #800000;margin-top: 0\">Consultas<\/h3>\n<ul style=\"color: #000000;padding-left: 0\">\n<li><strong>Correo:<\/strong> fips_usesp_administracion@unsa.edu.pe<\/li>\n<\/ul>\n<\/div>\n<p><!-- PIE DE P\u00c1GINA --><\/p>\n<div style=\"background-color: #002147;color: #ffffff;text-align: center;padding: 10px\">\n<p style=\"margin: 0\">\u00a9 2025 UNSA &#8211; \u00c1rea de Tecnolog\u00eda Educativa<\/p>\n<\/div>\n","protected":false},"excerpt":{"rendered":"<p>Registro de Pagos &#8211; Estudiantes USE FIPS Bienvenidos Bienvenido(a) al sitio de orientaci\u00f3n de la Segunda Especialidad. Aqu\u00ed encontrar\u00e1s la informaci\u00f3n necesaria para realizar el pago de pensi\u00f3n. Solicitud de Factura En caso requiera factura, deber\u00e1 solicitarla antes de realizar el pago al correo seccion.ingresos@unsa.edu.pe. Asunto: BLOQUEO DE C\u00d3DIGO PARA FACTURA Debe indicar: Nombres, CUI, [&hellip;]<\/p>\n","protected":false},"author":22,"featured_media":4572,"parent":0,"menu_order":0,"comment_status":"closed","ping_status":"closed","template":"","meta":{"_acf_changed":false,"footnotes":""},"class_list":["post-4547","page","type-page","status-publish","has-post-thumbnail","hentry"],"acf":[],"_links":{"self":[{"href":"https:\/\/fips.unsa.edu.pe\/usefc\/wp-json\/wp\/v2\/pages\/4547","targetHints":{"allow":["GET"]}}],"collection":[{"href":"https:\/\/fips.unsa.edu.pe\/usefc\/wp-json\/wp\/v2\/pages"}],"about":[{"href":"https:\/\/fips.unsa.edu.pe\/usefc\/wp-json\/wp\/v2\/types\/page"}],"author":[{"embeddable":true,"href":"https:\/\/fips.unsa.edu.pe\/usefc\/wp-json\/wp\/v2\/users\/22"}],"replies":[{"embeddable":true,"href":"https:\/\/fips.unsa.edu.pe\/usefc\/wp-json\/wp\/v2\/comments?post=4547"}],"version-history":[{"count":25,"href":"https:\/\/fips.unsa.edu.pe\/usefc\/wp-json\/wp\/v2\/pages\/4547\/revisions"}],"predecessor-version":[{"id":4602,"href":"https:\/\/fips.unsa.edu.pe\/usefc\/wp-json\/wp\/v2\/pages\/4547\/revisions\/4602"}],"wp:featuredmedia":[{"embeddable":true,"href":"https:\/\/fips.unsa.edu.pe\/usefc\/wp-json\/wp\/v2\/media\/4572"}],"wp:attachment":[{"href":"https:\/\/fips.unsa.edu.pe\/usefc\/wp-json\/wp\/v2\/media?parent=4547"}],"curies":[{"name":"wp","href":"https:\/\/api.w.org\/{rel}","templated":true}]}}