{"id":4455,"date":"2025-10-20T21:20:35","date_gmt":"2025-10-20T21:20:35","guid":{"rendered":"https:\/\/fips.unsa.edu.pe\/usefc\/?page_id=4455"},"modified":"2025-10-22T00:43:29","modified_gmt":"2025-10-22T00:43:29","slug":"soporte-estudiantil","status":"publish","type":"page","link":"https:\/\/fips.unsa.edu.pe\/usefc\/soporte-estudiantil\/","title":{"rendered":"Gu\u00eda Tecnol\u00f3gica para Alumnos"},"content":{"rendered":"<div style=\"background-color: #002147;padding: 20px;text-align: center;color: #ffffff\">\n<h2>Gu\u00eda tecnol\u00f3gica \u2013 Estudiantes<\/h2>\n<h2>USE FIPS<\/h2>\n<\/div>\n<p><!-- Contenedor general --><\/p>\n<div style=\"padding: 20px\">\n<table style=\"background-color: #f2f2f2;margin-bottom: 20px;border-collapse: collapse\" width=\"100%\">\n<tbody>\n<tr>\n<td style=\"padding: 20px\">\n<h3 style=\"color: #800000;margin-top: 0\">Bienvenidos<\/h3>\n<p style=\"margin-top: 0;text-align: justify\"><span style=\"color: #000000\">Bienvenido(a) al sitio de orientaci\u00f3n de la Segunda Especialidad. Aqu\u00ed encontrar\u00e1s informaci\u00f3n sobre herramientas tecnol\u00f3gicas, cronograma de pagos y soporte t\u00e9cnico.<\/span><\/p>\n<\/td>\n<\/tr>\n<\/tbody>\n<\/table>\n<table style=\"background-color: #f2f2f2;margin-bottom: 20px;border-collapse: collapse\" width=\"100%\">\n<tbody>\n<tr>\n<td style=\"padding: 20px\">\n<h3 style=\"color: #800000;margin-top: 0\">METODOLOG\u00cdA<\/h3>\n<hr \/>\n<div style=\"background-color: #f2f2f2;padding: 20px;margin-bottom: 20px;border-radius: 5px;text-align: justify\">\n<h3 style=\"color: #800000;margin-top: 0\">Informaci\u00f3n Importante sobre Horarios y Comunicaciones<\/h3>\n<p><span style=\"color: #000000\">El horario de todas nuestras especialidades es durante el fin de semana:<\/span><br \/>\n<span style=\"color: #000000\"><strong>s\u00e1bado de 15:00 a 20:00<\/strong> y <strong>domingo de 8:00 a 13:00<\/strong>.<br \/>\n<\/span><br \/>\n<span style=\"color: #000000\">El cronograma de los cursos que comenzar\u00e1n podr\u00e1n visualizarlo en su calendario de Google,<\/span><br \/>\n<span style=\"color: #000000\">ingresando con su <strong>cuenta institucional<\/strong>.<br \/>\n<a style=\"color: #800000;font-weight: bold\" href=\"https:\/\/drive.google.com\/file\/d\/14ZlccA_cYO6nGCHPp2vI4EpRqEpHc85K\/view?usp=sharing\" target=\"_blank\" rel=\"noopener\">Ver tutor\u00eda aqu\u00ed<\/a><\/span><\/p>\n<p style=\"text-align: justify\"><span style=\"color: #000000\">Antes del inicio de cada curso, el alumno deber\u00e1 realizar el pago de pensi\u00f3n correspondiente,<\/span><br \/>\n<span style=\"color: #000000\">ya que cada curso es autosostenible dentro del programa.<\/span><\/p>\n<p style=\"text-align: justify\"><span style=\"color: #000000\">Los medios oficiales para comunicados son el <strong>correo institucional<\/strong> y nuestra<\/span><br \/>\n<a style=\"color: #800000;text-decoration: underline\" href=\"https:\/\/fips.unsa.edu.pe\/usefc\/\" target=\"_blank\" rel=\"noopener\">p\u00e1gina oficial de la Segunda Especialidad<\/a>.<br \/>\n<span style=\"color: #000000\">Adem\u00e1s, se ha creado un grupo de WhatsApp para brindar anuncios inmediatos a los alumnos.<\/span><\/p>\n<p>&nbsp;<\/p>\n<ul>\n<li><strong><a style=\"margin-top: 6px;padding: 6px 10px;background-color: #810808;color: #fff;border-radius: 5px;text-decoration: none;font-weight: bold;text-align: center;font-size: 12px\" href=\"https:\/\/fips.unsa.edu.pe\/usefc\/administrativos\/\" target=\"_blank\" rel=\"noopener\">Deseas comunicarte con alg\u00fan administrativo de la USE FIPS<\/a><\/strong><\/li>\n<\/ul>\n<\/div>\n<\/td>\n<\/tr>\n<\/tbody>\n<\/table>\n<table style=\"background-color: #f2f2f2;margin-bottom: 20px;border-collapse: collapse\" width=\"100%\">\n<tbody>\n<tr>\n<td style=\"padding: 20px;text-align: justify\">\n<h3 style=\"color: #800000;margin-top: 0\">1. CORREO INSTITUCIONAL UNSA<\/h3>\n<hr \/>\n<p><span style=\"color: #000000\">Como estudiante de la <strong data-start=\"88\" data-end=\"174\">Segunda Especialidad de la Facultad de Ingenier\u00eda de Producci\u00f3n y Servicios (FIPS)<\/strong>, la <strong data-start=\"179\" data-end=\"229\">Oficina Inform\u00e1tica de la UNSA (OTI)<\/strong> ha enviado a sus correos personales las credenciales de su <strong data-start=\"285\" data-end=\"329\">cuenta institucional UNSA (@unsa.edu.pe)<\/strong>, la cual le brindar\u00e1 m\u00faltiples beneficios acad\u00e9micos y administrativos.<\/span><\/p>\n<p data-start=\"142\" data-end=\"400\"><span style=\"color: #000000\">En caso de que <strong data-start=\"157\" data-end=\"202\">no le haya llegado su correo institucional<\/strong>, <strong data-start=\"210\" data-end=\"236\">olvido de contrase\u00f1a<\/strong> o <strong data-start=\"249\" data-end=\"278\">dificultades para acceder<\/strong>, deber\u00e1 escribir a <span style=\"color: #0000ff\"><strong>soportecorreo@unsa.edu.pe<\/strong><\/span>, solicitando la activaci\u00f3n o recuperaci\u00f3n de su cuenta institucional, tendr\u00e1 que <strong data-start=\"421\" data-end=\"455\">adjuntar su ficha de matr\u00edcula<\/strong> y una <strong data-start=\"462\" data-end=\"481\">copia de tu DNI<\/strong> para validar su identidad.<\/span><\/p>\n<h4 style=\"color: #002147;margin-bottom: 5px\"><strong>1. Acceso a Google Workspace for Education<\/strong><\/h4>\n<ul>\n<li><span style=\"color: #000000\">\u2713 Gmail institucional con capacidad.<\/span><\/li>\n<li><span style=\"color: #000000\">\u2713 Google Drive con espacio.<\/span><br \/>\n<h4 style=\"color: #002147;margin-bottom: 5px\"><span style=\"color: #000000\"><img loading=\"lazy\" decoding=\"async\" class=\"\" style=\"font-weight: 400;float: right;margin-left: 15px;margin-bottom: 15px\" src=\"https:\/\/fips.unsa.edu.pe\/usefc\/wp-content\/uploads\/sites\/11\/2025\/10\/images.jpg\" alt=\"Correo Institucional\" width=\"130\" height=\"81\" \/><\/span><\/h4>\n<\/li>\n<li><span style=\"color: #000000\">\u2713 Acceso a Google Docs, Sheets, Slides, Calendar, Meet, entre otros.<\/span><\/li>\n<\/ul>\n<h4 style=\"color: #002147;margin-bottom: 5px\"><strong>2. Acceso a las Grabaciones<\/strong><\/h4>\n<ul>\n<li><span style=\"color: #000000\">\u2713 Visualizaci\u00f3n de grabaciones desde el calendario institucional.<\/span><\/li>\n<\/ul>\n<h4 style=\"color: #002147;margin-bottom: 5px\"><strong>3. Aula Virtual UNSA<\/strong><\/h4>\n<ul>\n<li><span style=\"color: #000000\">\u2713 Acceso a materiales, tareas, foros y evaluaciones.<\/span><\/li>\n<li><span style=\"color: #000000\">\u2713 Ingreso exclusivo con tu cuenta institucional UNSA.<\/span><\/li>\n<\/ul>\n<h4 style=\"color: #002147;margin-bottom: 5px\"><strong>4. Tr\u00e1mites Acad\u00e9micos<\/strong><\/h4>\n<ul>\n<li><span style=\"color: #000000\">\u2713 Uso para solicitudes y comunicaci\u00f3n con docentes.<\/span><\/li>\n<\/ul>\n<p><span style=\"color: #000000\"><strong>Importante:<\/strong> El uso del <strong data-start=\"85\" data-end=\"109\">correo institucional<\/strong> es <strong data-start=\"113\" data-end=\"128\">obligatorio<\/strong>.<br data-start=\"129\" data-end=\"132\" \/>Se recomienda <strong data-start=\"146\" data-end=\"194\" data-is-only-node=\"\">revisar frecuentemente tu bandeja de entrada<\/strong> para mantenerte al d\u00eda con las <strong data-start=\"226\" data-end=\"286\">comunicaciones de los docentes y del \u00e1rea administrativa<\/strong>.<\/span><\/td>\n<\/tr>\n<\/tbody>\n<\/table>\n<table style=\"background-color: #f2f2f2;margin-bottom: 20px;border-collapse: collapse\" width=\"100%\">\n<tbody>\n<tr>\n<td style=\"padding: 20px;text-align: justify\">\n<h3 style=\"color: #800000;margin-top: 0\">3. AULA VIRTUAL<\/h3>\n<hr \/>\n<p><img decoding=\"async\" style=\"float: right;margin-left: 10px;margin-bottom: 15px\" src=\"https:\/\/fips.unsa.edu.pe\/usefc\/wp-content\/uploads\/sites\/11\/2025\/10\/dutic-preg-300x300.png\" alt=\"Aula Virtual Dutic\" width=\"100\" \/><img decoding=\"async\" style=\"float: right;margin-left: 10px;margin-bottom: 15px\" src=\"https:\/\/fips.unsa.edu.pe\/usefc\/wp-content\/uploads\/sites\/11\/2025\/10\/canvas-300x300.jpg\" alt=\"Aula Virtual Canvas\" width=\"100\" \/><span style=\"color: #000000\">Accede al aula virtual desde el siguiente enlace:<br \/>\n<\/span><\/p>\n<ul>\n<li><strong><a style=\"margin-top: 6px;padding: 6px 10px;background-color: #810808;color: #fff;border-radius: 5px;text-decoration: none;font-weight: bold;text-align: center;font-size: 12px\" href=\"https:\/\/fips.unsa.edu.pe\/usefc\/aulavirtual\/\" target=\"_blank\" rel=\"noopener\">AULA VIRTUAL<\/a><\/strong><\/li>\n<\/ul>\n<p><span style=\"color: #000000\">(se habilitar\u00e1 pr\u00f3ximamente).<\/span><\/p>\n<ul>\n<li><span style=\"color: #000000\">Accede a materiales, tareas, foros y evaluaciones.<\/span><\/li>\n<li><span style=\"color: #000000\">Necesitas tu cuenta de correo institucional UNSA para ingresar.<br \/>\n<\/span><\/li>\n<\/ul>\n<\/td>\n<\/tr>\n<\/tbody>\n<\/table>\n<table style=\"background-color: #f2f2f2;margin-bottom: 20px;border-collapse: collapse\" width=\"100%\">\n<tbody>\n<tr>\n<td style=\"padding: 20px;text-align: justify\">\n<h3 style=\"color: #800000;margin-top: 0\">3. VISUALIZACI\u00d3N DE NOTAS<\/h3>\n<hr \/>\n<p><img decoding=\"async\" style=\"float: right;margin-left: 10px;margin-bottom: 15px\" src=\"https:\/\/fips.unsa.edu.pe\/usefc\/wp-content\/uploads\/sites\/11\/2025\/10\/dutic-preg-300x300.png\" alt=\"Aula Virtual Dutic\" width=\"100\" \/><strong data-start=\"86\" data-end=\"112\">Estimados estudiantes,<\/strong><\/p>\n<p data-start=\"116\" data-end=\"297\">En el <strong data-start=\"122\" data-end=\"138\">Aula Virtual<\/strong> de cada asignatura se publicar\u00e1 el <strong data-start=\"174\" data-end=\"202\">promedio final del curso<\/strong>.<br data-start=\"203\" data-end=\"206\" \/>La <strong data-start=\"209\" data-end=\"239\">visualizaci\u00f3n de las notas<\/strong> depender\u00e1 del <strong data-start=\"254\" data-end=\"270\" data-is-only-node=\"\">Aula Virtual<\/strong> asignada a su promoci\u00f3n.<\/p>\n<p><span style=\"color: #000000\">\u00a0<\/span><\/p>\n<ul>\n<li><strong><a style=\"margin-top: 6px;padding: 6px 10px;background-color: #810808;color: #fff;border-radius: 5px;text-decoration: none;font-weight: bold;text-align: center;font-size: 12px\" href=\"https:\/\/drive.google.com\/file\/d\/1UIAMS0fTBsn7TV_ZxJcH_c-TP3g7AbPf\/view?usp=sharing\" target=\"_blank\" rel=\"noopener\">NOTAS EN CANVAS<\/a><\/strong><\/li>\n<li><strong><a style=\"margin-top: 6px;padding: 6px 10px;background-color: #810808;color: #fff;border-radius: 5px;text-decoration: none;font-weight: bold;text-align: center;font-size: 12px\" href=\"#\" target=\"_blank\" rel=\"noopener\">NOTAS EN DUTIC\u00a0 (Cargando tutorial)<\/a><\/strong><\/li>\n<\/ul>\n<\/td>\n<\/tr>\n<\/tbody>\n<\/table>\n<table style=\"background-color: #f2f2f2;margin-bottom: 20px;border-collapse: collapse\" width=\"100%\">\n<tbody>\n<tr>\n<td style=\"padding: 20px;text-align: justify\">\n<h3 style=\"color: #800000;margin-top: 0\">4. SISTEMA FINANCIERO<\/h3>\n<hr \/>\n<h4 style=\"color: #002147;margin-bottom: 5px\"><strong>1. Realizar el pago de pensi\u00f3n<\/strong><\/h4>\n<ul>\n<li><span style=\"color: #000000\">El c\u00f3digo bancario se encuentra en tu constancia de matr\u00edcula<\/span> (<span style=\"color: #800000\">ver imagen<\/span>).<\/li>\n<li><span style=\"color: #000000\">Usar la plataforma del BCP (Aplicativo BCP o Yape).<\/span><\/li>\n<li><span style=\"color: #000000\"><span style=\"color: #000000\"><span style=\"color: #000000\">Seleccionar \u00abUniversidad Nacional de San Agust\u00edn\u00bb en la categor\u00eda <strong>UNSA VIRTUAL<\/strong>.<\/span><\/span><\/span><br \/>\n<hr \/>\n<\/li>\n<li><strong><a style=\"margin-top: 6px;padding: 6px 10px;background-color: #810808;color: #fff;border-radius: 5px;text-decoration: none;font-weight: bold;text-align: center;font-size: 12px\" href=\"https:\/\/fips.unsa.edu.pe\/usefc\/registro-de-pensiones\/\" target=\"_blank\" rel=\"noopener\">Para mayor informaci\u00f3n, ingresa Aqu\u00ed<\/a><\/strong><\/li>\n<\/ul>\n<\/td>\n<\/tr>\n<\/tbody>\n<\/table>\n<p><!-- SECCI\u00d3N 4: Sistema Financiero --><\/p>\n<\/div>\n<div style=\"padding: 20px\">\n<table style=\"background-color: #f2f2f2;border-collapse: collapse\" width=\"100%\">\n<tbody>\n<tr>\n<td style=\"padding: 20px;text-align: justify\">\n<h3 style=\"color: #800000;margin-top: 0\">SOPORTE TI<\/h3>\n<hr \/>\n<ul>\n<li><span style=\"color: #000000\"><strong>Correo:<\/strong> fips_usesp_academico@unsa.edu.pe<\/span><\/li>\n<\/ul>\n<\/td>\n<\/tr>\n<\/tbody>\n<\/table>\n<\/div>\n<p><!-- Pie de p\u00e1gina --><\/p>\n<div style=\"background-color: #002147;color: #ffffff;text-align: center;padding: 10px\">\n<p style=\"margin: 0\">\u00a9 2025 UNSA &#8211; \u00c1rea de Tecnolog\u00eda Educativa<\/p>\n<\/div>\n<p>&nbsp;<\/p>\n","protected":false},"excerpt":{"rendered":"<p>Gu\u00eda tecnol\u00f3gica \u2013 Estudiantes USE FIPS Bienvenidos Bienvenido(a) al sitio de orientaci\u00f3n de la Segunda Especialidad. Aqu\u00ed encontrar\u00e1s informaci\u00f3n sobre herramientas tecnol\u00f3gicas, cronograma de pagos y soporte t\u00e9cnico. METODOLOG\u00cdA Informaci\u00f3n Importante sobre Horarios y Comunicaciones El horario de todas nuestras especialidades es durante el fin de semana: s\u00e1bado de 15:00 a 20:00 y domingo de [&hellip;]<\/p>\n","protected":false},"author":22,"featured_media":4543,"parent":0,"menu_order":0,"comment_status":"closed","ping_status":"closed","template":"","meta":{"_acf_changed":false,"footnotes":""},"class_list":["post-4455","page","type-page","status-publish","has-post-thumbnail","hentry"],"acf":[],"_links":{"self":[{"href":"https:\/\/fips.unsa.edu.pe\/usefc\/wp-json\/wp\/v2\/pages\/4455","targetHints":{"allow":["GET"]}}],"collection":[{"href":"https:\/\/fips.unsa.edu.pe\/usefc\/wp-json\/wp\/v2\/pages"}],"about":[{"href":"https:\/\/fips.unsa.edu.pe\/usefc\/wp-json\/wp\/v2\/types\/page"}],"author":[{"embeddable":true,"href":"https:\/\/fips.unsa.edu.pe\/usefc\/wp-json\/wp\/v2\/users\/22"}],"replies":[{"embeddable":true,"href":"https:\/\/fips.unsa.edu.pe\/usefc\/wp-json\/wp\/v2\/comments?post=4455"}],"version-history":[{"count":26,"href":"https:\/\/fips.unsa.edu.pe\/usefc\/wp-json\/wp\/v2\/pages\/4455\/revisions"}],"predecessor-version":[{"id":4596,"href":"https:\/\/fips.unsa.edu.pe\/usefc\/wp-json\/wp\/v2\/pages\/4455\/revisions\/4596"}],"wp:featuredmedia":[{"embeddable":true,"href":"https:\/\/fips.unsa.edu.pe\/usefc\/wp-json\/wp\/v2\/media\/4543"}],"wp:attachment":[{"href":"https:\/\/fips.unsa.edu.pe\/usefc\/wp-json\/wp\/v2\/media?parent=4455"}],"curies":[{"name":"wp","href":"https:\/\/api.w.org\/{rel}","templated":true}]}}