{"id":4400,"date":"2025-10-19T19:46:28","date_gmt":"2025-10-19T19:46:28","guid":{"rendered":"https:\/\/fips.unsa.edu.pe\/usefc\/?page_id=4400"},"modified":"2025-10-19T20:08:53","modified_gmt":"2025-10-19T20:08:53","slug":"segundas-especialidades-fips","status":"publish","type":"page","link":"https:\/\/fips.unsa.edu.pe\/usefc\/segundas-especialidades-fips\/","title":{"rendered":"Malla Curricular de nuestras Especialidades FIPS UNSA"},"content":{"rendered":"<table style=\"font-family: Arial, sans-serif;border-collapse: collapse;margin: 20px 0\" border=\"0\" width=\"100%\" cellspacing=\"0\" cellpadding=\"0\">\n<tbody><!-- Fila 1 --><\/p>\n<tr style=\"border-bottom: 1px solid #000\">\n<td align=\"center\" valign=\"top\" width=\"40%\"><img decoding=\"async\" style=\"max-width: 100%;height: auto;border-radius: 6px\" src=\"https:\/\/fips.unsa.edu.pe\/usefc\/wp-content\/uploads\/sites\/11\/2023\/11\/DSC_0362-1-300x199.jpg\" alt=\"Ingenier\u00eda de Seguridad Industrial e Higiene Ocupacional\" width=\"300\" \/><\/td>\n<td style=\"background-color: #f2f2f2;padding: 10px\" valign=\"top\" width=\"60%\">\n<h3 style=\"margin: 0 0 8px;color: #001f3f;font-size: 18px\">Ingenier\u00eda de Seguridad Industrial e Higiene Ocupacional<\/h3>\n<p><a style=\"padding: 6px 12px;background-color: #810808;color: #fff;text-decoration: none;border-radius: 5px\" href=\"https:\/\/fips.unsa.edu.pe\/usefc\/ingenieria-de-seguridad-industrial-e-higiene-ocupacional-use-fips-unsa\/\" target=\"_blank\" rel=\"noopener\">Ver m\u00e1s<\/a><\/td>\n<\/tr>\n<p><!-- Fila 2 --><\/p>\n<tr style=\"border-bottom: 1px solid #000\">\n<td align=\"center\" valign=\"top\" width=\"40%\"><img decoding=\"async\" style=\"max-width: 100%;height: auto;border-radius: 6px\" src=\"https:\/\/fips.unsa.edu.pe\/usefc\/wp-content\/uploads\/sites\/11\/2024\/08\/work-safety-construction-plans-1-300x160.jpg\" alt=\"Ingenier\u00eda de Proyectos\" width=\"300\" \/><\/td>\n<td style=\"background-color: #f2f2f2;padding: 10px\" valign=\"top\" width=\"60%\">\n<h3 style=\"margin: 0 0 8px;color: #001f3f;font-size: 18px\">Ingenier\u00eda de Proyectos<\/h3>\n<p><a style=\"padding: 6px 12px;background-color: #810808;color: #fff;text-decoration: none;border-radius: 5px\" href=\"https:\/\/fips.unsa.edu.pe\/usefc\/segunda-especialidad-en-ingenieria-de-proyectos\/\" target=\"_blank\" rel=\"noopener\">Ver m\u00e1s<\/a><\/td>\n<\/tr>\n<p><!-- Fila 3 --><\/p>\n<tr style=\"border-bottom: 1px solid #000\">\n<td align=\"center\" valign=\"top\" width=\"40%\"><img decoding=\"async\" style=\"max-width: 100%;height: auto;border-radius: 6px\" src=\"https:\/\/fips.unsa.edu.pe\/usefc\/wp-content\/uploads\/sites\/11\/2023\/11\/sefi4-1-300x225.png\" alt=\"Ingenier\u00eda de Producci\u00f3n\" width=\"300\" \/><\/td>\n<td style=\"background-color: #f2f2f2;padding: 10px\" valign=\"top\" width=\"60%\">\n<h3 style=\"margin: 0 0 8px;color: #001f3f;font-size: 18px\">Ingenier\u00eda de Producci\u00f3n<\/h3>\n<p><a style=\"padding: 6px 12px;background-color: #810808;color: #fff;text-decoration: none;border-radius: 5px\" href=\"https:\/\/fips.unsa.edu.pe\/usefc\/segunda-especialidad-en-ingenieria-de-produccion\/\" target=\"_blank\" rel=\"noopener\">Ver m\u00e1s<\/a><\/td>\n<\/tr>\n<p><!-- Fila 4 --><\/p>\n<tr style=\"border-bottom: 1px solid #000\">\n<td align=\"center\" valign=\"top\" width=\"40%\"><img decoding=\"async\" style=\"max-width: 100%;height: auto;border-radius: 6px\" src=\"https:\/\/fips.unsa.edu.pe\/usefc\/wp-content\/uploads\/sites\/11\/2023\/11\/log6-300x200.jpg\" alt=\"Ingenier\u00eda Log\u00edstica y Comercio Internacional\" width=\"300\" \/><\/td>\n<td style=\"background-color: #f2f2f2;padding: 10px\" valign=\"top\" width=\"60%\">\n<h3 style=\"margin: 0 0 8px;color: #001f3f;font-size: 18px\">Ingenier\u00eda Log\u00edstica y Comercio Internacional<\/h3>\n<p><a style=\"padding: 6px 12px;background-color: #810808;color: #fff;text-decoration: none;border-radius: 5px\" href=\"https:\/\/fips.unsa.edu.pe\/usefc\/segunda-especialidad-en-ingenieria-logistica-y-comercio-internacional-fips-unsa\/\" target=\"_blank\" rel=\"noopener\">Ver m\u00e1s<\/a><\/td>\n<\/tr>\n<p><!-- Fila 5 --><\/p>\n<tr style=\"border-bottom: 1px solid #000\">\n<td align=\"center\" valign=\"top\" width=\"40%\"><img decoding=\"async\" style=\"max-width: 100%;height: auto;border-radius: 6px\" src=\"https:\/\/fips.unsa.edu.pe\/usefc\/wp-content\/uploads\/sites\/11\/2023\/11\/sem3-300x157.png\" alt=\"Ingenier\u00eda de Mantenimiento\" width=\"300\" \/><\/td>\n<td style=\"background-color: #f2f2f2;padding: 10px\" valign=\"top\" width=\"60%\">\n<h3 style=\"margin: 0 0 8px;color: #001f3f;font-size: 18px\">Ingenier\u00eda de Mantenimiento<\/h3>\n<p><a style=\"padding: 6px 12px;background-color: #810808;color: #fff;text-decoration: none;border-radius: 5px\" href=\"https:\/\/fips.unsa.edu.pe\/usefc\/segunda-especialidad-en-ingenieria-de-mantenimiento-fips-unsa\/\" target=\"_blank\" rel=\"noopener\">Ver m\u00e1s<\/a><\/td>\n<\/tr>\n<p><!-- Fila 6 --><\/p>\n<tr style=\"border-bottom: 1px solid #000\">\n<td align=\"center\" valign=\"top\" width=\"40%\"><img decoding=\"async\" style=\"max-width: 100%;height: auto;border-radius: 6px\" src=\"https:\/\/fips.unsa.edu.pe\/usefc\/wp-content\/uploads\/sites\/11\/2023\/11\/ee5-300x200.jpg\" alt=\"Energ\u00edas Renovables\" width=\"300\" \/><\/td>\n<td style=\"background-color: #f2f2f2;padding: 10px\" valign=\"top\" width=\"60%\">\n<h3 style=\"margin: 0 0 8px;color: #001f3f;font-size: 18px\">Energ\u00edas Renovables<\/h3>\n<p><a style=\"padding: 6px 12px;background-color: #810808;color: #fff;text-decoration: none;border-radius: 5px\" href=\"https:\/\/fips.unsa.edu.pe\/usefc\/segunda-especialidad-en-energias-renovables-fips-unsa\/\" target=\"_blank\" rel=\"noopener\">Ver m\u00e1s<\/a><\/td>\n<\/tr>\n<p><!-- Fila 7 --><\/p>\n<tr style=\"border-bottom: 1px solid #000\">\n<td align=\"center\" valign=\"top\" width=\"40%\"><img decoding=\"async\" style=\"max-width: 100%;height: auto;border-radius: 6px\" src=\"https:\/\/fips.unsa.edu.pe\/usefc\/wp-content\/uploads\/sites\/11\/2023\/11\/sistema5-300x169.jpg\" alt=\"Ingenier\u00eda de Sistemas\" width=\"300\" \/><\/td>\n<td style=\"background-color: #f2f2f2;padding: 10px\" valign=\"top\" width=\"60%\">\n<h3 style=\"margin: 0 0 8px;color: #001f3f;font-size: 18px\">Ingenier\u00eda de Sistemas<\/h3>\n<p><a style=\"padding: 6px 12px;background-color: #810808;color: #fff;text-decoration: none;border-radius: 5px\" href=\"https:\/\/fips.unsa.edu.pe\/usefc\/segunda-especialidad-en-ingenieria-de-sistemas-fips-unsa\/\" target=\"_blank\" rel=\"noopener\">Ver m\u00e1s<\/a><\/td>\n<\/tr>\n<p><!-- Fila 8 --><\/p>\n<tr style=\"border-bottom: 1px solid #000\">\n<td align=\"center\" valign=\"top\" width=\"40%\"><img decoding=\"async\" style=\"max-width: 100%;height: auto;border-radius: 6px\" src=\"https:\/\/fips.unsa.edu.pe\/usefc\/wp-content\/uploads\/sites\/11\/2023\/11\/sistema2-300x169.jpg\" alt=\"Ingenier\u00eda en Telecomunicaciones\" width=\"300\" \/><\/td>\n<td style=\"background-color: #f2f2f2;padding: 10px\" valign=\"top\" width=\"60%\">\n<h3 style=\"margin: 0 0 8px;color: #001f3f;font-size: 18px\">Ingenier\u00eda en Telecomunicaciones<\/h3>\n<p><a style=\"padding: 6px 12px;background-color: #810808;color: #fff;text-decoration: none;border-radius: 5px\" href=\"#\" target=\"_blank\" rel=\"noopener\">Ver m\u00e1s<\/a><\/td>\n<\/tr>\n<p><!-- Fila 9 --><\/p>\n<tr style=\"border-bottom: 1px solid #000\">\n<td align=\"center\" valign=\"top\" width=\"40%\"><img decoding=\"async\" style=\"max-width: 100%;height: auto;border-radius: 6px\" src=\"https:\/\/fips.unsa.edu.pe\/usefc\/wp-content\/uploads\/sites\/11\/2023\/11\/Sales-and-Marketing-Technology-300x213.jpeg\" alt=\"Ingenier\u00eda Financiera\" width=\"300\" \/><\/td>\n<td style=\"background-color: #f2f2f2;padding: 10px\" valign=\"top\" width=\"60%\">\n<h3 style=\"margin: 0 0 8px;color: #001f3f;font-size: 18px\">Ingenier\u00eda Financiera<\/h3>\n<p><a style=\"padding: 6px 12px;background-color: #810808;color: #fff;text-decoration: none;border-radius: 5px\" href=\"#\" target=\"_blank\" rel=\"noopener\">Ver m\u00e1s<\/a><\/td>\n<\/tr>\n<\/tbody>\n<\/table>\n","protected":false},"excerpt":{"rendered":"<p>Ingenier\u00eda de Seguridad Industrial e Higiene Ocupacional Ver m\u00e1s Ingenier\u00eda de Proyectos Ver m\u00e1s Ingenier\u00eda de Producci\u00f3n Ver m\u00e1s Ingenier\u00eda Log\u00edstica y Comercio Internacional Ver m\u00e1s Ingenier\u00eda de Mantenimiento Ver m\u00e1s Energ\u00edas Renovables Ver m\u00e1s Ingenier\u00eda de Sistemas Ver m\u00e1s Ingenier\u00eda en Telecomunicaciones Ver m\u00e1s Ingenier\u00eda Financiera Ver m\u00e1s<\/p>\n","protected":false},"author":22,"featured_media":2990,"parent":0,"menu_order":0,"comment_status":"closed","ping_status":"closed","template":"","meta":{"_acf_changed":false,"footnotes":""},"class_list":["post-4400","page","type-page","status-publish","has-post-thumbnail","hentry"],"acf":[],"_links":{"self":[{"href":"https:\/\/fips.unsa.edu.pe\/usefc\/wp-json\/wp\/v2\/pages\/4400","targetHints":{"allow":["GET"]}}],"collection":[{"href":"https:\/\/fips.unsa.edu.pe\/usefc\/wp-json\/wp\/v2\/pages"}],"about":[{"href":"https:\/\/fips.unsa.edu.pe\/usefc\/wp-json\/wp\/v2\/types\/page"}],"author":[{"embeddable":true,"href":"https:\/\/fips.unsa.edu.pe\/usefc\/wp-json\/wp\/v2\/users\/22"}],"replies":[{"embeddable":true,"href":"https:\/\/fips.unsa.edu.pe\/usefc\/wp-json\/wp\/v2\/comments?post=4400"}],"version-history":[{"count":14,"href":"https:\/\/fips.unsa.edu.pe\/usefc\/wp-json\/wp\/v2\/pages\/4400\/revisions"}],"predecessor-version":[{"id":4541,"href":"https:\/\/fips.unsa.edu.pe\/usefc\/wp-json\/wp\/v2\/pages\/4400\/revisions\/4541"}],"wp:featuredmedia":[{"embeddable":true,"href":"https:\/\/fips.unsa.edu.pe\/usefc\/wp-json\/wp\/v2\/media\/2990"}],"wp:attachment":[{"href":"https:\/\/fips.unsa.edu.pe\/usefc\/wp-json\/wp\/v2\/media?parent=4400"}],"curies":[{"name":"wp","href":"https:\/\/api.w.org\/{rel}","templated":true}]}}