{"id":4352,"date":"2025-10-19T17:56:15","date_gmt":"2025-10-19T17:56:15","guid":{"rendered":"https:\/\/fips.unsa.edu.pe\/usefc\/?page_id=4352"},"modified":"2025-10-21T03:46:28","modified_gmt":"2025-10-21T03:46:28","slug":"segunda-especialidad-en-energias-renovables-fips-unsa","status":"publish","type":"page","link":"https:\/\/fips.unsa.edu.pe\/usefc\/segunda-especialidad-en-energias-renovables-fips-unsa\/","title":{"rendered":"Segunda Especialidad en Energ\u00edas Renovables &#8211; FIPS UNSA"},"content":{"rendered":"<div style=\"max-width: 1000px;margin: 0 auto;font-family: Arial, sans-serif\">\n<p><!-- ENCABEZADO --><\/p>\n<header style=\"background-color: #0f1d2e;color: #fff;padding: 18px 20px;border-radius: 8px 8px 0 0\">\n<p style=\"margin: 6px 0 0;font-size: 13px;color: #f2dede\">Facultad de Ingenier\u00eda de Producci\u00f3n y Servicios (FIPS) &#8211; UNSA<br \/>\nSegunda Especialidad en:<\/p>\n<h1 style=\"margin: 0;font-size: 22px;letter-spacing: 1px\">Energ\u00edas Renovables<\/h1>\n<\/header>\n<p><!-- DESCRIPCI\u00d3N --><\/p>\n<section style=\"background-color: #ffffff;border: 2px solid #bcb7b7;padding: 16px;border-top: none\">\n<h2 style=\"color: #610606;margin-top: 0;font-size: 18px\">Descripci\u00f3n<\/h2>\n<p style=\"font-size: 14px;line-height: 1.6;text-align: justify;color: #000000\">En la especialidad de Energ\u00edas Renovables se formar\u00e1n profesionales competentes para intervenir profesionalmente en proyectos, estrategias y acciones de generaci\u00f3n, transformaci\u00f3n y almacenamiento de energ\u00edas provenientes de fuentes renovables, as\u00ed como para el uso eficiente de la energ\u00eda, en el marco de un desarrollo sostenible.<\/p>\n<p><a style=\"margin-top: 6px;padding: 6px 10px;background-color: #810808;color: #fff;border-radius: 5px;text-decoration: none;font-weight: bold;font-size: 12px\" href=\"https:\/\/fips.unsa.edu.pe\/usefc\/2025\/10\/09\/admision-2026-i\/\" target=\"_blank\" rel=\"noopener\"><br \/>\nSISTEMA DE ADMISI\u00d3N 2026 FASE I<br \/>\n<\/a><br \/>\n<a style=\"margin-top: 6px;padding: 6px 10px;background-color: #0f1d2e;color: #fff;border-radius: 5px;text-decoration: none;font-weight: bold;font-size: 12px\" href=\"https:\/\/docs.google.com\/forms\/d\/e\/1FAIpQLSfuGkusyh0UD-cuqqR9kx6Frklm8sKk_G9tfl952TkgjwtEFw\/viewform?usp=send_form\" target=\"_blank\" rel=\"noopener\"><br \/>\nREGISTRA TUS DATOS PARA MAYOR INFORMACI\u00d3N<br \/>\n<\/a><\/p>\n<\/section>\n<p><!-- MALLA CURRICULAR --><\/p>\n<section style=\"background-color: #f2f2f2;border: 2px solid #bcb7b7;padding: 14px;margin-top: 12px;border-radius: 6px\">\n<h2 style=\"color: #610606;margin: 0 0 10px 0;font-size: 17px\">Malla Curricular<\/h2>\n<div style=\"flex-wrap: wrap;gap: 12px\">\n<p><!-- PRIMER SEMESTRE --><\/p>\n<div style=\"flex: 1 1 320px;background: #fff;padding: 12px;border-left: 6px solid #810808;border-radius: 6px\">\n<h3 style=\"margin: 0 0 8px 0;color: #810808;font-size: 15px\">Primer Semestre<\/h3>\n<ol style=\"margin: 0;padding-left: 18px;font-size: 13px;color: #000\">\n<li>Recursos energ\u00e9ticos<\/li>\n<li>Transferencias de calor<\/li>\n<li>Radiaci\u00f3n solar<\/li>\n<li>Laboratorio de energ\u00eda solar<\/li>\n<li>Colectores fotot\u00e9rmicos 1<\/li>\n<li>Colectores fotot\u00e9rmicos 2<\/li>\n<\/ol>\n<\/div>\n<p><!-- SEGUNDO SEMESTRE --><\/p>\n<div style=\"flex: 1 1 320px;background: #fff;padding: 12px;border-left: 6px solid #810808;border-radius: 6px\">\n<h3 style=\"margin: 0 0 8px 0;color: #810808;font-size: 15px\">Segundo Semestre<\/h3>\n<ol style=\"margin: 0;padding-left: 18px;font-size: 13px;color: #000\">\n<li>Concentradores solares<\/li>\n<li>Electricidad solar<\/li>\n<li>Energ\u00eda e\u00f3lica<\/li>\n<li>Microhidroenerg\u00eda<\/li>\n<li>Seminario de tesis<\/li>\n<li>Arquitectura solar<\/li>\n<li>T\u00f3picos especiales<\/li>\n<\/ol>\n<\/div>\n<\/div>\n<\/section>\n<p><!-- REQUISITOS E INVERSI\u00d3N --><\/p>\n<section style=\"margin-top: 12px;background: #ffffff;border: 2px solid #bcb7b7;padding: 14px;border-radius: 6px\">\n<div style=\"flex-wrap: wrap;gap: 12px\">\n<p><!-- REQUISITOS --><\/p>\n<div style=\"flex: 1 1 320px;min-width: 240px\">\n<h3 style=\"color: #610606;margin-top: 0;font-size: 16px\">Requisitos<\/h3>\n<ul style=\"font-size: 13px;line-height: 1.6;margin: 0;padding-left: 18px;color: #000\">\n<li>Documento Nacional de Identidad (DNI)<\/li>\n<li>Solicitud de admisi\u00f3n (seg\u00fan formato)<\/li>\n<li>Copia de constancia de inscripci\u00f3n en SUNEDU del t\u00edtulo profesional o constancia de tr\u00e1mite<\/li>\n<li>T\u00edtulo Profesional<\/li>\n<li>Foto digital tama\u00f1o pasaporte<\/li>\n<\/ul>\n<\/div>\n<p><!-- INVERSI\u00d3N --><\/p>\n<div style=\"flex: 0 1 260px;min-width: 220px;background: #f7f7f7;padding: 10px;border-radius: 6px;border: 1px solid #e0e0e0\">\n<h3 style=\"color: #610606;margin-top: 0;font-size: 16px\">Inversi\u00f3n<\/h3>\n<table style=\"width: 100%;font-size: 13px;border-collapse: collapse\">\n<tbody>\n<tr>\n<td style=\"padding: 6px;border-bottom: 1px solid #e6e6e6\">Admisi\u00f3n<\/td>\n<td style=\"padding: 6px;text-align: right;border-bottom: 1px solid #e6e6e6\">S\/. 200<\/td>\n<\/tr>\n<tr>\n<td style=\"padding: 6px;border-bottom: 1px solid #e6e6e6\">Matr\u00edcula<\/td>\n<td style=\"padding: 6px;text-align: right;border-bottom: 1px solid #e6e6e6\">S\/. 250<\/td>\n<\/tr>\n<tr>\n<td style=\"padding: 6px\">Pensi\u00f3n (mensual)<\/td>\n<td style=\"padding: 6px;text-align: right\">S\/. 500<\/td>\n<\/tr>\n<\/tbody>\n<\/table>\n<\/div>\n<\/div>\n<\/section>\n<p><!-- PIE --><\/p>\n<section style=\"margin-top: 12px;background: #f2f2f2;padding: 12px;border: 2px solid #bcb7b7;border-radius: 6px\">\n<p style=\"margin: 0;font-size: 13px\">Unidad de Segunda Especialidad y Formaci\u00f3n Continua &#8211; FIPS &#8211; UNSA<\/p>\n<\/section>\n<footer style=\"margin-top: 14px;background: #fff;border: 1px solid #e6e6e6;padding: 12px;border-radius: 6px;font-size: 12px\">\n<p style=\"margin: 0 0 6px 0\">P\u00e1gina:<br \/>\n<a style=\"color: #810808;text-decoration: none\" href=\"https:\/\/fips.unsa.edu.pe\/usefc\/\" target=\"_blank\" rel=\"noopener\"><\/p>\n<blockquote class=\"wp-embedded-content\" data-secret=\"JxXcwc1QL1\"><p><a href=\"https:\/\/fips.unsa.edu.pe\/usefc\/\">BIENVENIDO A NUESTRAS ESPECIALIDADES<\/a><\/p><\/blockquote>\n<p><iframe loading=\"lazy\" class=\"wp-embedded-content\" sandbox=\"allow-scripts\" security=\"restricted\" style=\"position: absolute; visibility: hidden;\" title=\"\u00abBIENVENIDO A NUESTRAS ESPECIALIDADES\u00bb \u2014 Segunda Especialidad - FIPS\" src=\"https:\/\/fips.unsa.edu.pe\/usefc\/embed\/#?secret=jpQR6JZiZn#?secret=JxXcwc1QL1\" data-secret=\"JxXcwc1QL1\" width=\"500\" height=\"282\" frameborder=\"0\" marginwidth=\"0\" marginheight=\"0\" scrolling=\"no\"><\/iframe><br \/>\n<\/a><\/p>\n<p style=\"margin: 0;color: #666\">Informaci\u00f3n basada en el Brochure Oficial de Segundas Especialidades FIPS &#8211; UNSA (Admisi\u00f3n 2025).<\/p>\n<\/footer>\n<\/div>\n","protected":false},"excerpt":{"rendered":"<p>Facultad de Ingenier\u00eda de Producci\u00f3n y Servicios (FIPS) &#8211; UNSA Segunda Especialidad en: Energ\u00edas Renovables Descripci\u00f3n En la especialidad de Energ\u00edas Renovables se formar\u00e1n profesionales competentes para intervenir profesionalmente en proyectos, estrategias y acciones de generaci\u00f3n, transformaci\u00f3n y almacenamiento de energ\u00edas provenientes de fuentes renovables, as\u00ed como para el uso eficiente de la energ\u00eda, en [&hellip;]<\/p>\n","protected":false},"author":22,"featured_media":4540,"parent":0,"menu_order":0,"comment_status":"closed","ping_status":"closed","template":"","meta":{"_acf_changed":false,"footnotes":""},"class_list":["post-4352","page","type-page","status-publish","has-post-thumbnail","hentry"],"acf":[],"_links":{"self":[{"href":"https:\/\/fips.unsa.edu.pe\/usefc\/wp-json\/wp\/v2\/pages\/4352","targetHints":{"allow":["GET"]}}],"collection":[{"href":"https:\/\/fips.unsa.edu.pe\/usefc\/wp-json\/wp\/v2\/pages"}],"about":[{"href":"https:\/\/fips.unsa.edu.pe\/usefc\/wp-json\/wp\/v2\/types\/page"}],"author":[{"embeddable":true,"href":"https:\/\/fips.unsa.edu.pe\/usefc\/wp-json\/wp\/v2\/users\/22"}],"replies":[{"embeddable":true,"href":"https:\/\/fips.unsa.edu.pe\/usefc\/wp-json\/wp\/v2\/comments?post=4352"}],"version-history":[{"count":3,"href":"https:\/\/fips.unsa.edu.pe\/usefc\/wp-json\/wp\/v2\/pages\/4352\/revisions"}],"predecessor-version":[{"id":4536,"href":"https:\/\/fips.unsa.edu.pe\/usefc\/wp-json\/wp\/v2\/pages\/4352\/revisions\/4536"}],"wp:featuredmedia":[{"embeddable":true,"href":"https:\/\/fips.unsa.edu.pe\/usefc\/wp-json\/wp\/v2\/media\/4540"}],"wp:attachment":[{"href":"https:\/\/fips.unsa.edu.pe\/usefc\/wp-json\/wp\/v2\/media?parent=4352"}],"curies":[{"name":"wp","href":"https:\/\/api.w.org\/{rel}","templated":true}]}}