{"id":4335,"date":"2025-10-19T17:47:32","date_gmt":"2025-10-19T17:47:32","guid":{"rendered":"https:\/\/fips.unsa.edu.pe\/usefc\/?page_id=4335"},"modified":"2025-10-21T03:15:39","modified_gmt":"2025-10-21T03:15:39","slug":"segunda-especialidad-en-ingenieria-de-proyectos","status":"publish","type":"page","link":"https:\/\/fips.unsa.edu.pe\/usefc\/segunda-especialidad-en-ingenieria-de-proyectos\/","title":{"rendered":"Segunda Especialidad en Ingenier\u00eda de Proyectos"},"content":{"rendered":"<p>&nbsp;<\/p>\n<div style=\"max-width: 1000px;margin: 0 auto;font-family: Arial, sans-serif\">\n<p><!-- CABECERA --><\/p>\n<header style=\"background-color: #0f1d2e;color: #fff;padding: 18px 20px;border-radius: 8px 8px 0 0\">\n<p style=\"margin: 6px 0 0;font-size: 13px;color: #f2dede\">Facultad de Ingenier\u00eda de Producci\u00f3n y Servicios (FIPS) &#8211; UNSA<br \/>\nSegunda Especialidad en:<\/p>\n<h1 style=\"margin: 0;font-size: 22px;letter-spacing: 1px\">Ingenier\u00eda de Proyectos<\/h1>\n<\/header>\n<p><!-- DESCRIPCI\u00d3N --><\/p>\n<section style=\"background-color: #ffffff;border: 2px solid #bcb7b7;padding: 16px;border-top: none\">\n<h2 style=\"color: #610606;margin-top: 0;font-size: 18px\">Descripci\u00f3n<\/h2>\n<div class=\"elementor-element elementor-element-db4bfae elementor-widget elementor-widget-text-editor\" data-id=\"db4bfae\" data-element_type=\"widget\" data-widget_type=\"text-editor.default\">\n<div class=\"elementor-widget-container\">\n<section>El objetivo principal de la especialidad de Ingenier\u00eda de Proyectos es brindar a los profesionales las t\u00e9cnicas necesarias para un adecuado manejo de la identificaci\u00f3n, formulaci\u00f3n y evaluaci\u00f3n de Proyectos P\u00fablicos,<br \/>\nSociales y Privados. Adem\u00e1s, busca dotar al profesional de una formaci\u00f3n acad\u00e9mica s\u00f3lida en el campo de proyectos de inversi\u00f3n, permiti\u00e9ndoles abordar problemas tecnol\u00f3gicos, econ\u00f3micos y financieros con solvencia.<\/section>\n<\/div>\n<\/div>\n<p><a style=\"margin-top: 6px;padding: 6px 10px;background-color: #810808;color: #fff;border-radius: 5px;text-decoration: none;font-weight: bold;font-size: 12px\" href=\"https:\/\/fips.unsa.edu.pe\/usefc\/2025\/10\/09\/admision-2026-i\/\" target=\"_blank\" rel=\"noopener\"><br \/>\nSISTEMA DE ADMISI\u00d3N 2026 FASE I<br \/>\n<\/a><\/p>\n<p><a style=\"margin-top: 6px;padding: 6px 10px;background-color: #0f1d2e;color: #fff;border-radius: 5px;text-decoration: none;font-weight: bold;font-size: 12px\" href=\"https:\/\/docs.google.com\/forms\/d\/e\/1FAIpQLSfuGkusyh0UD-cuqqR9kx6Frklm8sKk_G9tfl952TkgjwtEFw\/viewform?usp=send_form\" target=\"_blank\" rel=\"noopener\"><br \/>\nREGISTRA TUS DATOS PARA MAYOR INFORMACI\u00d3N<br \/>\n<\/a><\/p>\n<\/section>\n<p><!-- MALLA CURRICULAR --><\/p>\n<section style=\"background-color: #f2f2f2;border: 2px solid #bcb7b7;padding: 14px;margin-top: 12px;border-radius: 6px\">\n<h2 style=\"color: #610606;margin: 0 0 10px 0;font-size: 17px\">Malla Curricular<\/h2>\n<p><!-- Primer Semestre --><\/p>\n<div style=\"background: #fff;padding: 12px;border-left: 6px solid #810808;border-radius: 6px;margin-bottom: 12px\">\n<h3 style=\"margin: 0 0 8px 0;color: #810808;font-size: 15px\">Primer Semestre<\/h3>\n<ol style=\"margin: 0;padding-left: 18px;font-size: 13px;color: #000\">\n<li>Estad\u00edstica para Ingenier\u00eda<\/li>\n<li>Econom\u00eda para Proyectos<\/li>\n<li>Administraci\u00f3n estrat\u00e9gica<\/li>\n<li>Investigaci\u00f3n de mercados<\/li>\n<li>Formulaci\u00f3n de proyectos p\u00fablicos<\/li>\n<li>Evaluaci\u00f3n de proyectos p\u00fablicos<\/li>\n<\/ol>\n<\/div>\n<p><!-- Segundo Semestre --><\/p>\n<div style=\"background: #fff;padding: 12px;border-left: 6px solid #810808;border-radius: 6px\">\n<h3 style=\"margin: 0 0 8px 0;color: #810808;font-size: 15px\">Segundo Semestre<\/h3>\n<ol style=\"margin: 0;padding-left: 18px;font-size: 13px;color: #000\">\n<li>Ingenier\u00eda financiera<\/li>\n<li>Formulaci\u00f3n de proyectos privados<\/li>\n<li>Evaluaci\u00f3n de proyectos privados<\/li>\n<li>Evaluaci\u00f3n ambiental de proyectos<\/li>\n<li>Administraci\u00f3n de proyectos<\/li>\n<li>Taller de proyectos<\/li>\n<\/ol>\n<\/div>\n<\/section>\n<p><!-- REQUISITOS E INVERSI\u00d3N --><\/p>\n<section style=\"margin-top: 12px;background: #ffffff;border: 2px solid #bcb7b7;padding: 14px;border-radius: 6px\">\n<h3 style=\"color: #610606;font-size: 16px\">Requisitos<\/h3>\n<ul style=\"font-size: 13px;line-height: 1.6;color: #000\">\n<li>Documento Nacional de Identidad (DNI)<\/li>\n<li>Solicitud de admisi\u00f3n (seg\u00fan formato)<\/li>\n<li>Copia de constancia de inscripci\u00f3n en SUNEDU del t\u00edtulo profesional o constancia de tr\u00e1mite<\/li>\n<li>T\u00edtulo Profesional<\/li>\n<li>Foto digital tama\u00f1o pasaporte<\/li>\n<\/ul>\n<div style=\"background: #f7f7f7;padding: 10px;border-radius: 6px;border: 1px solid #e0e0e0;max-width: 280px;margin-top: 10px\">\n<h3 style=\"color: #610606;margin-top: 0;font-size: 16px\">Inversi\u00f3n<\/h3>\n<table style=\"width: 100%;font-size: 13px;border-collapse: collapse\">\n<tbody>\n<tr>\n<td style=\"padding: 6px;border-bottom: 1px solid #e6e6e6\">Admisi\u00f3n<\/td>\n<td style=\"padding: 6px;text-align: right\">S\/. 200<\/td>\n<\/tr>\n<tr>\n<td style=\"padding: 6px;border-bottom: 1px solid #e6e6e6\">Matr\u00edcula<\/td>\n<td style=\"padding: 6px;text-align: right\">S\/. 250<\/td>\n<\/tr>\n<tr>\n<td style=\"padding: 6px\">Pensi\u00f3n (mensual)<\/td>\n<td style=\"padding: 6px;text-align: right\">S\/. 550<\/td>\n<\/tr>\n<\/tbody>\n<\/table>\n<\/div>\n<\/section>\n<p><!-- INFORMACI\u00d3N FINAL --><\/p>\n<section style=\"margin-top: 12px;background: #f2f2f2;padding: 12px;border: 2px solid #bcb7b7;border-radius: 6px\">\n<p style=\"margin: 0;font-size: 12px\">Unidad de Segunda Especialidad y Formaci\u00f3n Continua &#8211; FIPS &#8211; UNSA<\/p>\n<\/section>\n<p><!-- PIE DE P\u00c1GINA --><\/p>\n<footer style=\"margin-top: 14px;background: #fff;border: 1px solid #e6e6e6;padding: 12px;border-radius: 6px;font-size: 12px\">\n<p style=\"margin: 0 0 6px 0\">P\u00e1gina: <a style=\"color: #810808;text-decoration: none\" href=\"https:\/\/fips.unsa.edu.pe\/usefc\/\" target=\"_blank\" rel=\"noopener\">https:\/\/fips.unsa.edu.pe\/usefc\/<\/a><\/p>\n<p style=\"margin: 0;color: #666\">Informaci\u00f3n basada en el Brochure Oficial de Segundas Especialidades FIPS &#8211; UNSA (Admisi\u00f3n 2025).<\/p>\n<\/footer>\n<\/div>\n","protected":false},"excerpt":{"rendered":"<p>&nbsp; Facultad de Ingenier\u00eda de Producci\u00f3n y Servicios (FIPS) &#8211; UNSA Segunda Especialidad en: Ingenier\u00eda de Proyectos Descripci\u00f3n El objetivo principal de la especialidad de Ingenier\u00eda de Proyectos es brindar a los profesionales las t\u00e9cnicas necesarias para un adecuado manejo de la identificaci\u00f3n, formulaci\u00f3n y evaluaci\u00f3n de Proyectos P\u00fablicos, Sociales y Privados. Adem\u00e1s, busca dotar [&hellip;]<\/p>\n","protected":false},"author":22,"featured_media":4504,"parent":0,"menu_order":0,"comment_status":"closed","ping_status":"closed","template":"","meta":{"_acf_changed":false,"footnotes":""},"class_list":["post-4335","page","type-page","status-publish","has-post-thumbnail","hentry"],"acf":[],"_links":{"self":[{"href":"https:\/\/fips.unsa.edu.pe\/usefc\/wp-json\/wp\/v2\/pages\/4335","targetHints":{"allow":["GET"]}}],"collection":[{"href":"https:\/\/fips.unsa.edu.pe\/usefc\/wp-json\/wp\/v2\/pages"}],"about":[{"href":"https:\/\/fips.unsa.edu.pe\/usefc\/wp-json\/wp\/v2\/types\/page"}],"author":[{"embeddable":true,"href":"https:\/\/fips.unsa.edu.pe\/usefc\/wp-json\/wp\/v2\/users\/22"}],"replies":[{"embeddable":true,"href":"https:\/\/fips.unsa.edu.pe\/usefc\/wp-json\/wp\/v2\/comments?post=4335"}],"version-history":[{"count":7,"href":"https:\/\/fips.unsa.edu.pe\/usefc\/wp-json\/wp\/v2\/pages\/4335\/revisions"}],"predecessor-version":[{"id":4524,"href":"https:\/\/fips.unsa.edu.pe\/usefc\/wp-json\/wp\/v2\/pages\/4335\/revisions\/4524"}],"wp:featuredmedia":[{"embeddable":true,"href":"https:\/\/fips.unsa.edu.pe\/usefc\/wp-json\/wp\/v2\/media\/4504"}],"wp:attachment":[{"href":"https:\/\/fips.unsa.edu.pe\/usefc\/wp-json\/wp\/v2\/media?parent=4335"}],"curies":[{"name":"wp","href":"https:\/\/api.w.org\/{rel}","templated":true}]}}