{"id":4311,"date":"2025-10-19T15:42:16","date_gmt":"2025-10-19T15:42:16","guid":{"rendered":"https:\/\/fips.unsa.edu.pe\/usefc\/?page_id=4311"},"modified":"2025-10-21T02:14:07","modified_gmt":"2025-10-21T02:14:07","slug":"ingenieria-de-seguridad-industrial-e-higiene-ocupacional-use-fips-unsa","status":"publish","type":"page","link":"https:\/\/fips.unsa.edu.pe\/usefc\/ingenieria-de-seguridad-industrial-e-higiene-ocupacional-use-fips-unsa\/","title":{"rendered":"Ingenier\u00eda de Seguridad Industrial e Higiene Ocupacional &#8211; USE FIPS UNSA"},"content":{"rendered":"<p><img loading=\"lazy\" decoding=\"async\" class=\"wp-image-1137 alignright\" src=\"https:\/\/fips.unsa.edu.pe\/usefc\/wp-content\/uploads\/sites\/11\/2023\/11\/shutterstock_419865958-300x199.jpg\" alt=\"\" width=\"155\" height=\"103\" srcset=\"https:\/\/fips.unsa.edu.pe\/usefc\/wp-content\/uploads\/sites\/11\/2023\/11\/shutterstock_419865958-300x199.jpg 300w, https:\/\/fips.unsa.edu.pe\/usefc\/wp-content\/uploads\/sites\/11\/2023\/11\/shutterstock_419865958-1024x679.jpg 1024w, https:\/\/fips.unsa.edu.pe\/usefc\/wp-content\/uploads\/sites\/11\/2023\/11\/shutterstock_419865958-768x509.jpg 768w, https:\/\/fips.unsa.edu.pe\/usefc\/wp-content\/uploads\/sites\/11\/2023\/11\/shutterstock_419865958.jpg 1500w\" sizes=\"auto, (max-width: 155px) 100vw, 155px\" \/><\/p>\n<div style=\"max-width: 1000px;margin: 0 auto\">\n<header style=\"background-color: #0f1d2e;color: #fff;padding: 18px 20px;border-radius: 8px 8px 0 0\">\n<p style=\"margin: 6px 0 0;font-size: 13px;color: #f2dede;font-family: Arial, sans-serif\">Facultad de Ingenier\u00eda de Producci\u00f3n y Servicios (FIPS) &#8211; UNSA<br \/>\nSegunda Especialidad en:<\/p>\n<h1 style=\"margin: 0;font-size: 22px;letter-spacing: 1px;font-family: Arial, sans-serif\">Ingenier\u00eda de Seguridad Industrial e Higiene Ocupacional<\/h1>\n<\/header>\n<p><!-- DESCRIPCI\u00d3N --><\/p>\n<section style=\"background-color: #ffffff;border: 2px solid #bcb7b7;padding: 16px;border-top: none\">\n<h2 style=\"color: #610606;margin-top: 0;font-size: 18px;font-family: Arial, sans-serif\">Descripci\u00f3n<\/h2>\n<p style=\"font-size: 14px;line-height: 1.6;text-align: justify;font-family: Arial, sans-serif\">La din\u00e1mica evoluci\u00f3n de los conocimientos en Seguridad Industrial e Higiene Ocupacional da origen a la aparici\u00f3n de nuevas tem\u00e1ticas. La Segunda Especialidad responde a esta realidad con un plan de estudios que refleja los conocimientos adquiridos por el egresado, estableciendo una vinculaci\u00f3n permanente con la problem\u00e1tica espec\u00edfica que enfrenta y manteniendo concordancia con los requisitos que exige la formaci\u00f3n de una Segunda\u00a0Especialidad.<\/p>\n<p><a style=\"margin-top: 6px;padding: 6px 10px;background-color: #810808;color: #fff;border-radius: 5px;text-decoration: none;font-weight: bold;text-align: center;font-size: 12px\" href=\"https:\/\/fips.unsa.edu.pe\/usefc\/2025\/10\/09\/admision-2026-i\/\" target=\"_blank\" rel=\"noopener\">SISTEMA DE ADMISI\u00d3N 2026 FASE I<\/a><\/p>\n<p><a style=\"margin-top: 6px;padding: 6px 10px;background-color: #0f1d2e;color: #fff;border-radius: 5px;text-decoration: none;font-weight: bold;text-align: center;font-size: 12px\" href=\"https:\/\/docs.google.com\/forms\/d\/e\/1FAIpQLSfuGkusyh0UD-cuqqR9kx6Frklm8sKk_G9tfl952TkgjwtEFw\/viewform?usp=send_form\" target=\"_blank\" rel=\"noopener\">REGISTRA TUS DATOS PARA MAYOR INFORMACI\u00d3N<\/a><\/p>\n<\/section>\n<p><!-- MALLA CURRICULAR --><\/p>\n<section style=\"background-color: #f2f2f2;border: 2px solid #bcb7b7;padding: 14px;margin-top: 12px;border-radius: 6px\">\n<h2 style=\"color: #610606;margin: 0 0 10px 0;font-size: 17px;font-family: Arial, sans-serif\">Malla Curricular<\/h2>\n<div style=\"flex-wrap: wrap;gap: 12px\">\n<p><!-- PRIMER SEMESTRE --><\/p>\n<div style=\"flex: 1 1 320px;background: #fff;padding: 12px;border-left: 6px solid #810808;border-radius: 6px\">\n<h3 style=\"margin: 0 0 8px 0;color: #810808;font-size: 15px;font-family: Arial, sans-serif\">Primer Semestre<\/h3>\n<ol style=\"margin: 0;padding-left: 18px;font-size: 13px;color: #000;font-family: Arial, sans-serif\">\n<li><span style=\"color: #000000\">Gesti\u00f3n de Recursos Humanos<\/span><\/li>\n<li><span style=\"color: #000000\">Ergonom\u00eda<\/span><\/li>\n<li><span style=\"color: #000000\">Sistematizaci\u00f3n de la Gesti\u00f3n Preventiva<\/span><\/li>\n<li><span style=\"color: #000000\">Condiciones de Seguridad<\/span><\/li>\n<li><span style=\"color: #000000\">Procedimientos para la Acci\u00f3n Preventiva<\/span><\/li>\n<li><span style=\"color: #000000\">Gesti\u00f3n de la Prevenci\u00f3n<\/span><\/li>\n<\/ol>\n<\/div>\n<p><!-- SEGUNDO SEMESTRE --><\/p>\n<div style=\"flex: 1 1 320px;background: #fff;padding: 12px;border-left: 6px solid #810808;border-radius: 6px\">\n<h3 style=\"margin: 0 0 8px 0;color: #810808;font-size: 15px;font-family: Arial, sans-serif\">Segundo Semestre<\/h3>\n<ol style=\"margin: 0;padding-left: 18px;font-size: 13px;color: #000;font-family: Arial, sans-serif\">\n<li>Higiene Industrial<\/li>\n<li>Implicancias de la Gesti\u00f3n Ambiental en SSO<\/li>\n<li>Salud Ocupacional<\/li>\n<li>Trabajos en Espacios Confinados<\/li>\n<li>Sistemas de Gesti\u00f3n Integrados<\/li>\n<li>Taller de Tesis<\/li>\n<\/ol>\n<\/div>\n<\/div>\n<\/section>\n<p><!-- REQUISITOS E INVERSI\u00d3N --><\/p>\n<section style=\"margin-top: 12px;background: #ffffff;border: 2px solid #bcb7b7;padding: 14px;border-radius: 6px\">\n<div style=\"flex-wrap: wrap;gap: 12px\">\n<p><!-- REQUISITOS --><\/p>\n<div style=\"flex: 1 1 320px;min-width: 240px\">\n<h3 style=\"color: #610606;margin-top: 0;font-size: 16px;font-family: Arial, sans-serif\">Requisitos<\/h3>\n<ul style=\"font-size: 13px;line-height: 1.6;margin: 0;padding-left: 18px;color: #000;font-family: Arial, sans-serif\">\n<li>Documento Nacional de Identidad (DNI)<\/li>\n<li>Solicitud de admisi\u00f3n (seg\u00fan formato)<\/li>\n<li>Copia de la constancia de inscripci\u00f3n en SUNEDU del t\u00edtulo profesional o constancia de tr\u00e1mite<\/li>\n<li>T\u00edtulo Profesional<\/li>\n<li>Foto digital tama\u00f1o pasaporte<\/li>\n<\/ul>\n<\/div>\n<p><!-- INVERSI\u00d3N --><\/p>\n<div style=\"flex: 0 1 260px;min-width: 220px;background: #f7f7f7;padding: 10px;border-radius: 6px;border: 1px solid #e0e0e0\">\n<h3 style=\"color: #610606;margin-top: 0;font-size: 16px;font-family: Arial, sans-serif\">Inversi\u00f3n<\/h3>\n<table style=\"width: 100%;font-size: 13px;border-collapse: collapse;font-family: Arial, sans-serif\">\n<tbody>\n<tr>\n<td style=\"padding: 6px;border-bottom: 1px solid #e6e6e6\">Admisi\u00f3n<\/td>\n<td style=\"padding: 6px;text-align: right;border-bottom: 1px solid #e6e6e6\">S\/. 200<\/td>\n<\/tr>\n<tr>\n<td style=\"padding: 6px;border-bottom: 1px solid #e6e6e6\">Matr\u00edcula<\/td>\n<td style=\"padding: 6px;text-align: right;border-bottom: 1px solid #e6e6e6\">S\/. 250<\/td>\n<\/tr>\n<tr>\n<td style=\"padding: 6px\">Pensi\u00f3n (mensual)<\/td>\n<td style=\"padding: 6px;text-align: right\">S\/. 600<\/td>\n<\/tr>\n<\/tbody>\n<\/table>\n<\/div>\n<\/div>\n<\/section>\n<p><!-- BOTONES Y ENLACES --><\/p>\n<section style=\"margin-top: 12px;background: #f2f2f2;padding: 12px;border: 2px solid #bcb7b7;border-radius: 6px\">\n<div style=\"flex-wrap: wrap;gap: 10px;align-items: center;justify-content: space-between\">\n<div style=\"flex: 1 1 320px\">\n<p style=\"margin: 0 0 6px 0;font-size: 13px;font-family: Arial, sans-serif\"><span style=\"background-color: #ffffff;font-size: 12px;color: #000000\">Unidad de Segunda Especialidad y Formaci\u00f3n Continua &#8211; FIPS &#8211; UNSA<\/span><\/p>\n<\/div>\n<\/div>\n<\/section>\n<footer style=\"margin-top: 14px;background: #fff;border: 1px solid #e6e6e6;padding: 12px;border-radius: 6px;font-size: 12px;font-family: Arial, sans-serif\">\n<p style=\"margin: 0 0 6px 0\">P\u00e1gina: <a style=\"color: #810808;text-decoration: none\" href=\"https:\/\/fips.unsa.edu.pe\/usefc\/\" target=\"_blank\" rel=\"noopener\">https:\/\/fips.unsa.edu.pe\/usefc\/<\/a><\/p>\n<p style=\"margin: 0;color: #666\">Informaci\u00f3n basada en el Brochure Oficial de Segundas Especialidades FIPS &#8211; UNSA (Admisi\u00f3n 2025).<\/p>\n<\/footer>\n<\/div>\n<p>&nbsp;<\/p>\n","protected":false},"excerpt":{"rendered":"<p>Facultad de Ingenier\u00eda de Producci\u00f3n y Servicios (FIPS) &#8211; UNSA Segunda Especialidad en: Ingenier\u00eda de Seguridad Industrial e Higiene Ocupacional Descripci\u00f3n La din\u00e1mica evoluci\u00f3n de los conocimientos en Seguridad Industrial e Higiene Ocupacional da origen a la aparici\u00f3n de nuevas tem\u00e1ticas. La Segunda Especialidad responde a esta realidad con un plan de estudios que refleja [&hellip;]<\/p>\n","protected":false},"author":22,"featured_media":4502,"parent":0,"menu_order":0,"comment_status":"closed","ping_status":"closed","template":"","meta":{"_acf_changed":false,"footnotes":""},"class_list":["post-4311","page","type-page","status-publish","has-post-thumbnail","hentry"],"acf":[],"_links":{"self":[{"href":"https:\/\/fips.unsa.edu.pe\/usefc\/wp-json\/wp\/v2\/pages\/4311","targetHints":{"allow":["GET"]}}],"collection":[{"href":"https:\/\/fips.unsa.edu.pe\/usefc\/wp-json\/wp\/v2\/pages"}],"about":[{"href":"https:\/\/fips.unsa.edu.pe\/usefc\/wp-json\/wp\/v2\/types\/page"}],"author":[{"embeddable":true,"href":"https:\/\/fips.unsa.edu.pe\/usefc\/wp-json\/wp\/v2\/users\/22"}],"replies":[{"embeddable":true,"href":"https:\/\/fips.unsa.edu.pe\/usefc\/wp-json\/wp\/v2\/comments?post=4311"}],"version-history":[{"count":21,"href":"https:\/\/fips.unsa.edu.pe\/usefc\/wp-json\/wp\/v2\/pages\/4311\/revisions"}],"predecessor-version":[{"id":4497,"href":"https:\/\/fips.unsa.edu.pe\/usefc\/wp-json\/wp\/v2\/pages\/4311\/revisions\/4497"}],"wp:featuredmedia":[{"embeddable":true,"href":"https:\/\/fips.unsa.edu.pe\/usefc\/wp-json\/wp\/v2\/media\/4502"}],"wp:attachment":[{"href":"https:\/\/fips.unsa.edu.pe\/usefc\/wp-json\/wp\/v2\/media?parent=4311"}],"curies":[{"name":"wp","href":"https:\/\/api.w.org\/{rel}","templated":true}]}}