{"id":4169,"date":"2025-10-08T21:40:07","date_gmt":"2025-10-08T21:40:07","guid":{"rendered":"https:\/\/fips.unsa.edu.pe\/usefc\/?page_id=4169"},"modified":"2025-10-21T03:27:38","modified_gmt":"2025-10-21T03:27:38","slug":"incorporacion","status":"publish","type":"page","link":"https:\/\/fips.unsa.edu.pe\/usefc\/incorporacion\/","title":{"rendered":"Incorporaci\u00f3n a la Segunda Especialidad \u2013 FIPS UNSA"},"content":{"rendered":"<p>&nbsp;<\/p>\n<div style=\"max-width: 850px;margin: auto;background: #fff;border-left: 6px solid #7B1B2D;padding: 25px;border-radius: 8px\">\n<div style=\"background: #7B1B2D;color: #fff;padding: 15px;text-align: center;border-radius: 6px;margin-bottom: 20px\">\n<h3 data-start=\"144\" data-end=\"216\"><strong data-start=\"148\" data-end=\"216\">Bienvenido a los Estudiantes Incorporados \u2013 Segunda Especialidad<\/strong><\/h3>\n<p style=\"margin: 5px 0 0;font-size: 16px\"><span style=\"color: #ffffff\">Facultad de Ingenier\u00eda de Producci\u00f3n y Servicios &#8211; UNSA<\/span><\/p>\n<\/div>\n<p data-start=\"142\" data-end=\"289\"><span style=\"color: #000000\">La Unidad de Segunda Especialidad les da la bienvenida y pone a su disposici\u00f3n este espacio para orientarlos y facilitar sus tr\u00e1mites acad\u00e9micos.<\/span><\/p>\n<p data-start=\"291\" data-end=\"470\"><span style=\"color: #000000\">Los estudiantes <strong>desde la promoci\u00f3n 2020<\/strong> pueden incorporarse a nuestras Segundas Especialidades, descargando y enviando el formato de solicitud mediante el formulario disponible.<\/span><\/p>\n<p data-start=\"472\" data-end=\"614\"><span style=\"color: #000000\">Quienes se hayan retirado o desaprobado alguna asignatura podr\u00e1n solicitar su <strong data-start=\"550\" data-end=\"581\">reincorporaci\u00f3n <\/strong>\u00a0siguiendo los pasos indicados.<\/span><\/p>\n<ul>\n<li data-start=\"784\" data-end=\"820\"><span style=\"color: #000000\">Descargar el formato de solicitud.<\/span><\/li>\n<li data-start=\"824\" data-end=\"861\"><span style=\"color: #000000\">Completar la informaci\u00f3n requerida.<\/span><\/li>\n<li data-start=\"865\" data-end=\"915\"><span style=\"color: #000000\">Enviar el formato por el formulario institucional.<\/span><\/li>\n<\/ul>\n<div style=\"margin-top: 20px;text-align: center\"><a style=\"background: #7B1B2D;color: #fff;padding: 10px 20px;text-decoration: none;border-radius: 6px;font-weight: bold\" href=\"https:\/\/drive.google.com\/file\/d\/1HuzHvHMkg-rJb7ikmwW0mLfAyDgN4NL1\/view?usp=sharing\" target=\"_blank\" rel=\"noopener\">Descarga modelo de solicitud<\/a><\/div>\n<div style=\"text-align: center\">___<\/div>\n<div style=\"margin-top: 20px;text-align: center\">\n<p><a style=\"margin-left: 15px;background: #ccc;color: #000;padding: 10px 20px;text-decoration: none;border-radius: 6px;font-weight: bold\" href=\"https:\/\/forms.gle\/SiNZSaaWem5Dy5Eu7\" target=\"_blank\" rel=\"noopener\">\u00a0 Env\u00eda tu solicitud Aqu\u00ed<\/a><\/p>\n<\/div>\n<p><span style=\"color: #000000\"><strong>Importante<\/strong>:\u00a0Se tiene previsto realizar la\u00a0actualizaci\u00f3n de la malla curricular, por lo que esta convocatoria representa una\u00a0oportunidad \u00fanica para incorporarse antes de que entren en vigencia los nuevos cambios, que podr\u00edan dificultar la convalidaci\u00f3n o continuidad de estudios.<\/span><\/p>\n<p style=\"margin-top: 20px\"><span style=\"color: #000000\">Agradecemos su compromiso con la mejora continua y su dedicaci\u00f3n a la formaci\u00f3n profesional. U<span style=\"color: #800000\">na <span style=\"color: #000000\">vez aprobada su solicitud,<\/span><\/span><span style=\"color: #000000\"> se le enviar\u00e1n las indicaciones y procedimientos correspondientes para continuar con los tr\u00e1mites respectivos.<\/span><\/span><\/p>\n<p><span style=\"color: #333333\">Consultas: <span style=\"color: #0000ff\">fips_usesp_administracion@unsa.edu.pe<\/span><\/span><\/p>\n<div style=\"max-width: 100%;margin: auto;background: #fff;border-left: 6px solid #7B1B2D;padding: 20px;border-radius: 8px\">\n<div style=\"background: #7B1B2D;color: #fff;padding: 15px;text-align: center;border-radius: 6px;margin-bottom: 20px\">\n<h3 data-start=\"144\" data-end=\"216\"><strong data-start=\"148\" data-end=\"216\">Asignatura con vacantes<\/strong><\/h3>\n<\/div>\n<p><!-- Contenedor que permite scroll horizontal en pantallas peque\u00f1as --><\/p>\n<div style=\"width: 100%\">\n<table style=\"border-collapse: collapse;width: 100%\" border=\"1\" width=\"100%\" cellspacing=\"0\" cellpadding=\"10\">\n<tbody>\n<tr style=\"background-color: #002b5c;color: white\">\n<th style=\"text-align: center;font-size: 1.2em\" colspan=\"3\">PROMOCI\u00d3N 2025 FASE II<\/th>\n<\/tr>\n<tr style=\"background-color: #bcb7b7\">\n<th style=\"font-size: 1em\" width=\"5%\">N\u00b0<\/th>\n<th style=\"font-size: 1em\">SEGUNDA ESPECIALIDAD EN<\/th>\n<th style=\"font-size: 1em\" width=\"25%\">ESTADO<\/th>\n<\/tr>\n<tr>\n<td align=\"center\" height=\"40\"><strong>1<\/strong><\/td>\n<td style=\"text-align: left\"><span style=\"color: #800000\"><b>INGENIER\u00cdA DE SEGURIDAD INDUSTRIAL E HIGIENE OCUPACIONAL<br \/>\n<span style=\"color: #003366\"><strong>Asignaturas: Todas disponibles<\/strong><\/span><br \/>\n<\/b><\/span><\/td>\n<td align=\"center\"><span style=\"color: #003366\"><strong>Inicio 25\/10\/2025<\/strong><\/span><\/td>\n<\/tr>\n<tr>\n<td align=\"center\" height=\"40\"><strong><span style=\"color: #000000\">2<\/span><\/strong><\/td>\n<td><span style=\"color: #800000\"><b>INGENIER\u00cdA DE PROYECTOS<br \/>\n<span style=\"color: #003366\"><strong>Asignaturas: Todas disponibles<\/strong><\/span><br \/>\n<\/b><\/span><\/td>\n<td align=\"center\"><span style=\"color: #003366\"><strong>Inicio 25\/10\/2025<\/strong><\/span><\/td>\n<\/tr>\n<tr>\n<td align=\"center\" height=\"40\"><strong><span style=\"color: #000000\">3<\/span><\/strong><\/td>\n<td><span style=\"color: #800000\"><b>INGENIER\u00cdA DE MANTENIMIENTO<br \/>\n<span style=\"color: #003366\"><strong>Asignaturas: Todas disponibles<\/strong><\/span><br \/>\n<\/b><\/span><\/td>\n<td align=\"center\"><span style=\"color: #003366\"><strong>Inicio 25\/10\/2025<\/strong><\/span><\/td>\n<\/tr>\n<tr>\n<td align=\"center\" height=\"40\"><strong><span style=\"color: #000000\">4<\/span><\/strong><\/td>\n<td><span style=\"color: #800000\"><b>INGENIER\u00cdA DE SISTEMAS<br \/>\n<span style=\"color: #003366\"><strong>Asignaturas: Todas disponibles<\/strong><\/span><br \/>\n<\/b><\/span><\/td>\n<td align=\"center\"><span style=\"color: #003366\"><strong>Inicio 25\/10\/2025<\/strong><\/span><\/td>\n<\/tr>\n<tr>\n<td align=\"center\" height=\"40\"><strong><span style=\"color: #000000\">5<\/span><\/strong><\/td>\n<td><span style=\"color: #800000\"><b>INGENIER\u00cdA EN TELECOMUNICACIONES<br \/>\n<span style=\"color: #003366\"><strong>Asignaturas: Todas disponibles<\/strong><\/span><br \/>\n<\/b><\/span><\/td>\n<td align=\"center\"><span style=\"color: #003366\"><strong>Inicio 25\/10\/2025<\/strong><\/span><\/td>\n<\/tr>\n<tr style=\"background-color: #002b5c;color: white\">\n<th style=\"text-align: center;font-size: 1.2em\" colspan=\"3\">PROMOCI\u00d3N 2024 FASE I<\/th>\n<\/tr>\n<tr style=\"background-color: #bcb7b7\">\n<th style=\"font-size: 1em\" width=\"5%\">N\u00b0<\/th>\n<th style=\"font-size: 1em\">SEGUNDA ESPECIALIDAD EN<\/th>\n<th style=\"font-size: 1em\" width=\"25%\">ESTADO<\/th>\n<\/tr>\n<tr>\n<td align=\"center\" height=\"40\"><span style=\"color: #000000\"><strong>1<\/strong><\/span><\/td>\n<td><strong><span style=\"color: #800000\">INGENIER\u00cdA DE SISTEMAS &#8211; 2024<\/span><\/strong><\/p>\n<p style=\"text-align: left\"><span style=\"color: #003366\"><strong>Asignatura disponible:<\/strong><\/span><br \/>\n<strong><span style=\"color: #000080\"><span style=\"color: #800000\">1.<\/span> <\/span><\/strong><span style=\"color: #000000\">Sistemas Integrados De Gesti\u00f3n.<br \/>\n<\/span><span style=\"color: #800000\"><strong>2.<\/strong> <\/span><span style=\"color: #000000\">Auditoria Y Seguridad De La Informaci\u00f3n.<br \/>\n<\/span><span style=\"color: #800000\"><strong>3.<\/strong> <\/span><span style=\"color: #000000\">Taller De Tesis<\/span><\/p>\n<\/td>\n<td align=\"center\"><span style=\"color: #003366\"><strong>EN CURSO<\/strong><\/span><\/td>\n<\/tr>\n<tr>\n<td align=\"center\" height=\"40\"><strong><span style=\"color: #000000\">2<\/span><\/strong><\/td>\n<td style=\"text-align: left\"><strong><span style=\"color: #800000\">INGENIER\u00cdA LOG\u00cdSTICA Y COMERCIO INTERNACIONAL &#8211; \u00a02024<\/span><\/strong><\/p>\n<p><span style=\"color: #800000\"><strong><span style=\"color: #003366\">Asignatura disponible:<\/span><br \/>\n1.<\/strong> <\/span><span style=\"color: #000000\">Gestion Integral Y Auditoria Logistica<br \/>\n<\/span><span style=\"color: #800000\"><strong>2.<\/strong> <\/span><span style=\"color: #000000\">Logistica Y Transporte En El Comercio Internacional<br \/>\n<\/span><span style=\"color: #800000\"><strong>3.<\/strong> <\/span><span style=\"color: #000000\">Contratos Y Convenios Internacionales<br \/>\n<\/span><span style=\"color: #800000\"><strong>4.<\/strong> <\/span><span style=\"color: #000000\">Taller De Tesis<\/span><\/td>\n<td align=\"center\"><span style=\"color: #003366\"><strong>EN CURSO<\/strong><\/span><\/td>\n<\/tr>\n<tr>\n<td align=\"center\" height=\"40\"><strong><span style=\"color: #000000\">3<\/span><\/strong><\/td>\n<td style=\"text-align: left\"><strong><span style=\"color: #800000\">ENERG\u00cdAS RENOVABLES &#8211; 2024<\/span><\/strong><\/p>\n<p><span style=\"color: #800000\"><strong><span style=\"color: #003366\">Asignatura disponible:<\/span><br \/>\n1.<\/strong> <\/span><span style=\"color: #000000\">Colectores Fotot\u00e9rmicos I: Calentadores De Agua<br \/>\n<\/span><span style=\"color: #800000\"><strong>2.<\/strong><\/span> <span style=\"color: #000000\">Colectores Fotot\u00e9rmicos Ii: Secadores Solares<br \/>\n<\/span><span style=\"color: #800000\"><strong>3.<\/strong> <\/span><span style=\"color: #000000\">Concentradores Solares<br \/>\n<\/span><span style=\"color: #800000\"><strong>4.<\/strong> <\/span><span style=\"color: #000000\">Energ\u00eda E\u00f3lica<br \/>\n<\/span><span style=\"color: #800000\"><strong>5.<\/strong> <\/span><span style=\"color: #000000\">Seminario De Tesis<br \/>\n<\/span><span style=\"color: #800000\"><strong>6.<\/strong><\/span> <span style=\"color: #000000\">Arquitectura Solar<br \/>\n<\/span><span style=\"color: #800000\"><strong>7.<\/strong> <\/span><span style=\"color: #000000\">T\u00f3picos Especiales<\/span><\/td>\n<td align=\"center\"><span style=\"color: #003366\"><strong>EN CURSO<\/strong><\/span><\/td>\n<\/tr>\n<tr>\n<td align=\"center\" height=\"40\"><strong><span style=\"color: #000000\">3<\/span><\/strong><\/td>\n<td style=\"text-align: left\"><span style=\"color: #800000\"><b>INGENIER\u00cdA DE SEGURIDAD INDUSTRIAL E HIGIENE OCUPACIONAL <strong>&#8211; 2024<br \/>\n<\/strong><br \/>\n<\/b><\/span><span style=\"color: #800000\"><strong><span style=\"color: #003366\">Asignatura disponible:<\/span><br \/>\n1.<\/strong> <span style=\"color: #000000\">Trabajos En Espacios Confinados<br \/>\n<\/span><\/span><span style=\"color: #800000\"><strong>2.<\/strong><\/span> <span style=\"color: #000000\">Sistemas De Gestion Integrados<br \/>\n<\/span><span style=\"color: #800000\"><span style=\"color: #800000\"><strong>3.<\/strong> <span style=\"color: #000000\">Taller De Tesis<br \/>\n_<\/span><\/span><\/span><\/td>\n<td align=\"center\"><span style=\"color: #003366\"><strong>EN CURSO<\/strong><\/span><\/td>\n<\/tr>\n<tr>\n<td align=\"center\" height=\"40\"><strong><span style=\"color: #000000\">3<\/span><\/strong><\/td>\n<td style=\"text-align: left\"><span style=\"color: #800000\"><b>INGENIER\u00cdA DE PROYECTOS <strong>&#8211; 2024<br \/>\n<\/strong><br \/>\n<\/b><\/span><span style=\"color: #800000\"><strong><span style=\"color: #003366\">Asignatura disponible:<\/span><br \/>\n1.<\/strong> <span style=\"color: #000000\">Evaluacion De Proyectos Privados<br \/>\n<\/span><\/span><span style=\"color: #800000\"><strong>2.<\/strong><\/span> <span style=\"color: #000000\">Administracion De Proyectos<br \/>\n<\/span><span style=\"color: #800000\"><span style=\"color: #800000\"><strong>3.<\/strong> <span style=\"color: #000000\">Taller De Proyectos<br \/>\n_<\/span><\/span><\/span><\/td>\n<td align=\"center\"><span style=\"color: #003366\"><strong>EN CURSO<\/strong><\/span><\/td>\n<\/tr>\n<tr>\n<td align=\"center\" height=\"40\"><strong><span style=\"color: #000000\">3<\/span><\/strong><\/td>\n<td style=\"text-align: left\"><span style=\"color: #800000\"><b>INGENIER\u00cdA DE MANTENIMIENTO <strong>&#8211; 2024<br \/>\n<\/strong><br \/>\n<\/b><\/span><span style=\"color: #800000\"><strong><span style=\"color: #003366\">Asignatura disponible:<\/span><br \/>\n1.<\/strong> <span style=\"color: #000000\">Mantenimiento Por Recubrimientos<br \/>\n<\/span><\/span><span style=\"color: #800000\"><strong>2.<\/strong><\/span> <span style=\"color: #000000\">Combustibles, Lubricantes Y Grasas Industriales<br \/>\n<\/span><span style=\"color: #800000\"><strong>3.<\/strong> <span style=\"color: #000000\">Seminario De Tesis<br \/>\n<\/span><\/span><span style=\"color: #800000\"><span style=\"color: #800000\"><strong>4.<\/strong> <span style=\"color: #000000\">Mantenimiento De Ruedas Y Tren De Rodamiento<br \/>\n_<\/span><\/span><\/span><\/td>\n<td align=\"center\"><span style=\"color: #003366\"><strong>EN CURSO<\/strong><\/span><\/td>\n<\/tr>\n<\/tbody>\n<\/table>\n<\/div>\n<\/div>\n<\/div>\n","protected":false},"excerpt":{"rendered":"<p>&nbsp; Bienvenido a los Estudiantes Incorporados \u2013 Segunda Especialidad Facultad de Ingenier\u00eda de Producci\u00f3n y Servicios &#8211; UNSA La Unidad de Segunda Especialidad les da la bienvenida y pone a su disposici\u00f3n este espacio para orientarlos y facilitar sus tr\u00e1mites acad\u00e9micos. Los estudiantes desde la promoci\u00f3n 2020 pueden incorporarse a nuestras Segundas Especialidades, descargando y [&hellip;]<\/p>\n","protected":false},"author":22,"featured_media":3212,"parent":0,"menu_order":0,"comment_status":"closed","ping_status":"closed","template":"","meta":{"_acf_changed":false,"footnotes":""},"class_list":["post-4169","page","type-page","status-publish","has-post-thumbnail","hentry"],"acf":[],"_links":{"self":[{"href":"https:\/\/fips.unsa.edu.pe\/usefc\/wp-json\/wp\/v2\/pages\/4169","targetHints":{"allow":["GET"]}}],"collection":[{"href":"https:\/\/fips.unsa.edu.pe\/usefc\/wp-json\/wp\/v2\/pages"}],"about":[{"href":"https:\/\/fips.unsa.edu.pe\/usefc\/wp-json\/wp\/v2\/types\/page"}],"author":[{"embeddable":true,"href":"https:\/\/fips.unsa.edu.pe\/usefc\/wp-json\/wp\/v2\/users\/22"}],"replies":[{"embeddable":true,"href":"https:\/\/fips.unsa.edu.pe\/usefc\/wp-json\/wp\/v2\/comments?post=4169"}],"version-history":[{"count":59,"href":"https:\/\/fips.unsa.edu.pe\/usefc\/wp-json\/wp\/v2\/pages\/4169\/revisions"}],"predecessor-version":[{"id":4254,"href":"https:\/\/fips.unsa.edu.pe\/usefc\/wp-json\/wp\/v2\/pages\/4169\/revisions\/4254"}],"wp:featuredmedia":[{"embeddable":true,"href":"https:\/\/fips.unsa.edu.pe\/usefc\/wp-json\/wp\/v2\/media\/3212"}],"wp:attachment":[{"href":"https:\/\/fips.unsa.edu.pe\/usefc\/wp-json\/wp\/v2\/media?parent=4169"}],"curies":[{"name":"wp","href":"https:\/\/api.w.org\/{rel}","templated":true}]}}