{"id":4101,"date":"2025-10-02T20:58:40","date_gmt":"2025-10-02T20:58:40","guid":{"rendered":"https:\/\/fips.unsa.edu.pe\/usefc\/?page_id=4101"},"modified":"2025-10-03T05:10:08","modified_gmt":"2025-10-03T05:10:08","slug":"pagos-unsapay","status":"publish","type":"page","link":"https:\/\/fips.unsa.edu.pe\/usefc\/pagos-unsapay\/","title":{"rendered":"Medio Oficial de Pagos UNSA (UNSAPAY)"},"content":{"rendered":"<div style=\"font-family: Arial, Helvetica, sans-serif;max-width: 800px;margin: auto\">\n<p><!-- Comunicado --><\/p>\n<div style=\"margin-bottom: 20px;padding: 20px;background: #f5f5f5;border-radius: 8px\">\n<div style=\"padding: 15px;background: #fff;border-left: 6px solid #7B1B2D;border-radius: 6px;line-height: 1.6\">\n<p><em><span style=\"color: #800000\"><b>Fecha de Comunicado: 02\/10\/2025<\/b><\/span><\/em><\/p>\n<hr \/>\n<h2 style=\"color: #000;font-size: 20px;margin-bottom: 15px\">Segunda Especialidad FIPS<br \/>\nMedio Oficial de Pagos UNSA (UNSAPAY)<\/h2>\n<p style=\"color: #000000;margin: 10px 0\">A trav\u00e9s del presente, se comunica que, a <span style=\"color: #800000\"><strong>partir del 01 de octubre<\/strong><\/span>,<br \/>\nel \u00fanico canal autorizado de pago por todo concepto ser\u00e1 mediante la cuenta <span style=\"color: #800000\"><strong>UNSA VIRTUAL<\/strong><\/span>,<br \/>\nen la cual el egresado deber\u00e1 generar su c\u00f3digo de pago a trav\u00e9s de la plataforma virtual UNSAPAY.<\/p>\n<p style=\"color: #000000;margin: 10px 0\">Se recomienda a todos los egresados que mantienen deuda o est\u00e9n en plena titulaci\u00f3n, realizar sus tr\u00e1mites \u00fanicamente por este medio, a fin de garantizar la validez y seguridad de las operaciones.<\/p>\n<p style=\"color: #540b0b;font-weight: bold;margin: 10px 0\">IMPORTANTE: No se aceptan pagos en PAGOS VARIOS por ning\u00fan motivo.<\/p>\n<\/div>\n<\/div>\n<p><!-- Paso 1 --><\/p>\n<table style=\"margin-bottom: 20px;border-collapse: collapse;font-family: Arial, sans-serif;font-size: 14px\" border=\"0\" width=\"100%\" cellspacing=\"0\" cellpadding=\"0\" align=\"center\">\n<tbody>\n<tr bgcolor=\"#420404\">\n<td style=\"color: #ffffff;font-size: 14px;font-weight: bold;padding: 15px\">1 Paso: Genera tu Ticket de pago<\/td>\n<\/tr>\n<tr bgcolor=\"#ffffff\">\n<td style=\"border: 1px solid #ccc;padding: 15px\"><span style=\"color: #000000\"><a style=\"color: #000000\" href=\"https:\/\/drive.google.com\/file\/d\/1D-yBBNtDoYDiSsLQEeZiFrwuu8EygSWz\/view?pli=1\" target=\"_blank\" rel=\"noopener\"><span style=\"color: #0000ff\">Descargar el manual para generar tu Ticket de pago en UNSAPAY<br \/>\n<\/span><br \/>\n<\/a><\/span><span style=\"color: #000000\"><strong>Ingresa a UNSAPAY:<\/strong><a style=\"color: #000000\" href=\"https:\/\/ouis.unsa.edu.pe\/unsapay\/login\" target=\"_blank\" rel=\"noopener\"><br \/>\n<span style=\"color: #0000ff\">https:\/\/ouis.unsa.edu.pe\/unsapay\/login<br \/>\n<\/span><br \/>\n<\/a><\/span><span style=\"color: #000000\"><strong>Importante:<\/strong> Genera tu Ticket de pago en UNSAPAY y obt\u00e9n el c\u00f3digo bancario.<\/span><br \/>\n<span style=\"color: #000000\">Este ser\u00e1 necesario para realizar el pago en cualquiera de los modos disponibles (Agente BCP, Aplicativo App, Yape).<\/span><\/td>\n<\/tr>\n<\/tbody>\n<\/table>\n<p><!-- Paso 2 --><\/p>\n<table style=\"margin-bottom: 20px;border-collapse: collapse;font-family: Arial, sans-serif;font-size: 14px\" border=\"0\" width=\"100%\" cellspacing=\"0\" cellpadding=\"0\" align=\"center\">\n<tbody>\n<tr bgcolor=\"#420404\">\n<td style=\"color: #ffffff;font-size: 14px;font-weight: bold;padding: 15px\">2 Paso: Elije el medio donde realizar\u00e1 el pago<\/td>\n<\/tr>\n<tr bgcolor=\"#ffffff\">\n<td style=\"border: 1px solid #ccc;padding: 15px\"><span style=\"color: #000000\"><strong>Aplicativo BCP<\/strong><\/span><\/p>\n<ol>\n<li><span style=\"color: #000000\">Seleccionamos Universidad Nacional de San Agust\u00edn. Ingresa a la categor\u00eda <strong>UNSA VIRTUAL<\/strong> en el aplicativo BCP.<\/span><\/li>\n<li><span style=\"color: #000000\">Coloca el c\u00f3digo bancario generado en UNSAPAY.<\/span><\/li>\n<li><span style=\"color: #000000\">Confirma los datos y realizamos el pago correspondiente.<\/span><\/li>\n<\/ol>\n<\/td>\n<\/tr>\n<tr bgcolor=\"#ffffff\">\n<td style=\"border: 1px solid #ccc;padding: 15px\"><strong>YAPE<\/strong><br \/>\n<a href=\"https:\/\/drive.google.com\/file\/d\/1x1N_EEJE8DH5LVUyP-U7bIvBhZ6TK_6b\/view?usp=sharing\" target=\"_blank\" rel=\"noopener\"><br \/>\nDescarga el Manual para realizar pago por YAPE<br \/>\n<\/a><\/p>\n<ol>\n<li><span style=\"color: #000000\">Seleccionamos Universidad Nacional de San Agust\u00edn. Ingresa a la categor\u00eda <strong>UNSA VIRTUAL<\/strong> en YAPE.<\/span><\/li>\n<li><span style=\"color: #000000\">Coloca el c\u00f3digo bancario generado en UNSAPAY.<\/span><\/li>\n<li><span style=\"color: #000000\">Confirma los datos y realizamos el pago correspondiente.<\/span><\/li>\n<\/ol>\n<\/td>\n<\/tr>\n<tr bgcolor=\"#ffffff\">\n<td style=\"border: 1px solid #ccc;padding: 15px\"><strong>Agente BCP<\/strong><\/p>\n<ol>\n<li><span style=\"color: #000000\">Seleccionamos Universidad Nacional de San Agust\u00edn. Ingresa a la categor\u00eda <strong>UNSA VIRTUAL<\/strong>.<\/span><\/li>\n<li><span style=\"color: #000000\">Coloca el c\u00f3digo bancario generado en UNSAPAY.<\/span><\/li>\n<li><span style=\"color: #000000\">Confirma los datos y realizamos el pago correspondiente.<\/span><\/li>\n<\/ol>\n<\/td>\n<\/tr>\n<\/tbody>\n<\/table>\n<p><!-- IMPORTANTE --><\/p>\n<table style=\"margin-bottom: 20px;border-collapse: collapse;font-family: Arial, sans-serif;font-size: 14px\" border=\"0\" width=\"100%\" cellspacing=\"0\" cellpadding=\"0\" align=\"center\">\n<tbody>\n<tr bgcolor=\"#420404\">\n<td style=\"color: #fff;font-size: 14px;font-weight: bold;padding: 15px\">IMPORTANTE<\/td>\n<\/tr>\n<tr bgcolor=\"#ffffff\">\n<td style=\"border: 1px solid #ccc;padding: 15px\"><span style=\"color: #000000;font-weight: bold\">No se aceptan pagos en PAGOS VARIOS por ning\u00fan motivo.<\/span><br \/>\n<span style=\"color: #000000\"><strong>Recomendaci\u00f3n:<\/strong> Verifica siempre que el c\u00f3digo bancario coincida con el generado en UNSAPAY antes de confirmar el pago.<\/span><\/td>\n<\/tr>\n<\/tbody>\n<\/table>\n<p><!-- SOPORTE --><\/p>\n<table style=\"margin-bottom: 20px;border-collapse: collapse;font-family: Arial, sans-serif;font-size: 14px\" border=\"0\" width=\"100%\" cellspacing=\"0\" cellpadding=\"0\" align=\"center\">\n<tbody>\n<tr bgcolor=\"#420404\">\n<td style=\"color: #fff;font-size: 14px;font-weight: bold;padding: 15px\">SOPORTE \/ CONSULTAS<\/td>\n<\/tr>\n<tr bgcolor=\"#ffffff\">\n<td style=\"border: 1px solid #ccc;padding: 15px\"><span style=\"color: #000000\">Para consultas sobre la plataforma UNSAPAY o validaci\u00f3n de pagos.<\/span><br \/>\n<span style=\"color: #000000\"><strong>Correo:<\/strong> fips_usesp_administracion@unsa.edu.pe<\/span><\/td>\n<\/tr>\n<\/tbody>\n<\/table>\n<\/div>\n","protected":false},"excerpt":{"rendered":"<p>Fecha de Comunicado: 02\/10\/2025 Segunda Especialidad FIPS Medio Oficial de Pagos UNSA (UNSAPAY) A trav\u00e9s del presente, se comunica que, a partir del 01 de octubre, el \u00fanico canal autorizado de pago por todo concepto ser\u00e1 mediante la cuenta UNSA VIRTUAL, en la cual el egresado deber\u00e1 generar su c\u00f3digo de pago a trav\u00e9s de [&hellip;]<\/p>\n","protected":false},"author":22,"featured_media":0,"parent":0,"menu_order":0,"comment_status":"closed","ping_status":"closed","template":"","meta":{"_acf_changed":false,"footnotes":""},"class_list":["post-4101","page","type-page","status-publish","hentry"],"acf":[],"_links":{"self":[{"href":"https:\/\/fips.unsa.edu.pe\/usefc\/wp-json\/wp\/v2\/pages\/4101","targetHints":{"allow":["GET"]}}],"collection":[{"href":"https:\/\/fips.unsa.edu.pe\/usefc\/wp-json\/wp\/v2\/pages"}],"about":[{"href":"https:\/\/fips.unsa.edu.pe\/usefc\/wp-json\/wp\/v2\/types\/page"}],"author":[{"embeddable":true,"href":"https:\/\/fips.unsa.edu.pe\/usefc\/wp-json\/wp\/v2\/users\/22"}],"replies":[{"embeddable":true,"href":"https:\/\/fips.unsa.edu.pe\/usefc\/wp-json\/wp\/v2\/comments?post=4101"}],"version-history":[{"count":22,"href":"https:\/\/fips.unsa.edu.pe\/usefc\/wp-json\/wp\/v2\/pages\/4101\/revisions"}],"predecessor-version":[{"id":4125,"href":"https:\/\/fips.unsa.edu.pe\/usefc\/wp-json\/wp\/v2\/pages\/4101\/revisions\/4125"}],"wp:attachment":[{"href":"https:\/\/fips.unsa.edu.pe\/usefc\/wp-json\/wp\/v2\/media?parent=4101"}],"curies":[{"name":"wp","href":"https:\/\/api.w.org\/{rel}","templated":true}]}}