{"id":4049,"date":"2025-09-24T05:52:43","date_gmt":"2025-09-24T05:52:43","guid":{"rendered":"https:\/\/fips.unsa.edu.pe\/usefc\/?page_id=4049"},"modified":"2025-09-24T05:52:43","modified_gmt":"2025-09-24T05:52:43","slug":"servicios-digitales-para-el-estudiante","status":"publish","type":"page","link":"https:\/\/fips.unsa.edu.pe\/usefc\/servicios-digitales-para-el-estudiante\/","title":{"rendered":"Servicios Digitales para el Estudiante"},"content":{"rendered":"<p><!-- Servicios Acad\u00e9micos --><\/p>\n<div style=\"margin-bottom: 20px;padding: 20px;background: #f5f5f5;border-radius: 8px\">\n<div style=\"padding: 15px;background: #fff;border-left: 6px solid #7B1B2D;border-radius: 6px;line-height: 1.6\">\n<ul style=\"margin: 0;padding-left: 20px;list-style-type: disc;line-height: 1.6\">\n<li>Cada estudiante contar\u00e1 con un <strong>correo institucional UNSA (@unsa.edu.pe)<\/strong>.<br \/>\nDicho correo ser\u00e1 enviado a su correo personal registrado en el sistema de admisi\u00f3n junto con su CUI.<br \/>\nA trav\u00e9s de este correo institucional podr\u00e1 visualizar materiales y evaluaciones dejadas por el docente en el aula virtual.<\/li>\n<li>El estudiante dispondr\u00e1 de un <strong>Aula Virtual LMS<\/strong> donde tendr\u00e1 acceso a la informaci\u00f3n de cada curso.<\/li>\n<li>Como parte de la mejora continua, el estudiante podr\u00e1 realizar una <strong>encuesta de satisfacci\u00f3n<\/strong> sobre el curso.<\/li>\n<li>El estudiante tendr\u00e1 acceso a la <strong>Biblioteca Virtual<\/strong> desde su correo institucional.<\/li>\n<\/ul>\n<\/div>\n<\/div>\n","protected":false},"excerpt":{"rendered":"<p>Cada estudiante contar\u00e1 con un correo institucional UNSA (@unsa.edu.pe). Dicho correo ser\u00e1 enviado a su correo personal registrado en el sistema de admisi\u00f3n junto con su CUI. A trav\u00e9s de este correo institucional podr\u00e1 visualizar materiales y evaluaciones dejadas por el docente en el aula virtual. El estudiante dispondr\u00e1 de un Aula Virtual LMS donde [&hellip;]<\/p>\n","protected":false},"author":22,"featured_media":0,"parent":0,"menu_order":0,"comment_status":"closed","ping_status":"closed","template":"","meta":{"_acf_changed":false,"footnotes":""},"class_list":["post-4049","page","type-page","status-publish","hentry"],"acf":[],"_links":{"self":[{"href":"https:\/\/fips.unsa.edu.pe\/usefc\/wp-json\/wp\/v2\/pages\/4049","targetHints":{"allow":["GET"]}}],"collection":[{"href":"https:\/\/fips.unsa.edu.pe\/usefc\/wp-json\/wp\/v2\/pages"}],"about":[{"href":"https:\/\/fips.unsa.edu.pe\/usefc\/wp-json\/wp\/v2\/types\/page"}],"author":[{"embeddable":true,"href":"https:\/\/fips.unsa.edu.pe\/usefc\/wp-json\/wp\/v2\/users\/22"}],"replies":[{"embeddable":true,"href":"https:\/\/fips.unsa.edu.pe\/usefc\/wp-json\/wp\/v2\/comments?post=4049"}],"version-history":[{"count":1,"href":"https:\/\/fips.unsa.edu.pe\/usefc\/wp-json\/wp\/v2\/pages\/4049\/revisions"}],"predecessor-version":[{"id":4050,"href":"https:\/\/fips.unsa.edu.pe\/usefc\/wp-json\/wp\/v2\/pages\/4049\/revisions\/4050"}],"wp:attachment":[{"href":"https:\/\/fips.unsa.edu.pe\/usefc\/wp-json\/wp\/v2\/media?parent=4049"}],"curies":[{"name":"wp","href":"https:\/\/api.w.org\/{rel}","templated":true}]}}