{"id":3979,"date":"2025-09-24T04:08:09","date_gmt":"2025-09-24T04:08:09","guid":{"rendered":"https:\/\/fips.unsa.edu.pe\/usefc\/?page_id=3979"},"modified":"2025-09-30T05:41:36","modified_gmt":"2025-09-30T05:41:36","slug":"admision-2025-fase-ii","status":"publish","type":"page","link":"https:\/\/fips.unsa.edu.pe\/usefc\/admision-2025-fase-ii\/","title":{"rendered":"Proceso de Admisi\u00f3n 2025 FASE II"},"content":{"rendered":"<div style=\"font-family: Arial, Helvetica, sans-serif\">\n<div style=\"margin-bottom: 20px;padding: 20px;background: #f5f5f5;border-radius: 8px\">\n<div style=\"padding: 15px;background: #fff;border-left: 6px solid #7B1B2D;border-radius: 6px;line-height: 1.6\">\n<p><em><span style=\"color: #800000\"><b>Fecha de Comunicado: 23\/09\/2025<\/b><\/span><\/em><\/p>\n<hr \/>\n<h2 style=\"color: #000;font-size: 20px;margin-bottom: 15px\"><strong>FASE DE EXAMEN DE ADMISI\u00d3N 2025 &#8211; II<\/strong><\/h2>\n<p><span style=\"color: #000000\">Estimado(a) postulante: Nos complace informarles que la evaluaci\u00f3n de los <strong>Curr\u00edculum Vitae<\/strong> ha concluido satisfactoriamente. El siguiente paso es el<\/span> <span style=\"color: #800000\"><strong>Examen de Admisi\u00f3n<\/strong><\/span>, <span style=\"color: #000000\">que se realizar\u00e1 de manera presencial en las instalaciones de la <strong>UNSA<\/strong>,<\/span> <span style=\"color: #800000\"><span style=\"color: #800000\"><span style=\"color: #800000\">el d\u00eda <strong>28 de septiembre de 2025<\/strong>.<\/span><\/span><\/span><\/p>\n<ul style=\"margin: 0;padding: 20px;background: #fff;border-left: 6px solid #7B1B2D;border-radius: 6px;list-style-type: disc;padding-left: 40px;line-height: 1.5\">\n<li><span style=\"color: #000000\">Descargar su <strong>ficha de inscripci\u00f3n<\/strong>.<\/span><\/li>\n<li><span style=\"color: #000000\"><i class=\"fas fa-file-alt\"><\/i> Descargar su <strong>tal\u00f3n de postulante<\/strong> (disponible en los pr\u00f3ximos d\u00edas), donde se indicar\u00e1 el aula y la hora asignada para el examen.<\/span><\/li>\n<li><span style=\"color: #000000\"><i class=\"fas fa-link\"><\/i> Acceder al sistema mediante el siguiente enlace:<\/span> <a style=\"color: #7b1b2d;font-weight: bold;text-decoration: none\" href=\"https:\/\/sisadmision.unsa.edu.pe\/segunda-especialidad\/\" target=\"_blank\" rel=\"noopener\">https:\/\/sisadmision.unsa.edu.pe\/segunda-especialidad\/<\/a><\/li>\n<\/ul>\n<\/div>\n<\/div>\n<p><!-- Opciones del sistema --><\/p>\n<div style=\"margin-bottom: 20px;padding: 20px;background: #f5f5f5;border-radius: 8px\">\n<p><em><span style=\"color: #800000\"><strong>Fecha de Comunicado:<\/strong> 29\/09\/2025<\/span><\/em><\/p>\n<hr \/>\n<h2 style=\"color: #000;font-size: 20px;margin-bottom: 15px\"><strong>FASE DE MATR\u00cdCULA 2025 &#8211; II<\/strong><\/h2>\n<p data-start=\"141\" data-end=\"259\"><span style=\"color: #000000\">Se comunica a los ingresantes<\/span> <strong><span style=\"color: #0000ff\"><em><a style=\"color: #0000ff\" href=\"https:\/\/drive.google.com\/file\/d\/1MlAiZtte0W_qafUfn0NSPFnxnKXfivKX\/view?usp=sharing\" target=\"_blank\" rel=\"noopener\"><span style=\"color: #800000\">(Visualizar Relaci\u00f3n de Ingresantes)<\/span><\/a><\/em><\/span><\/strong> <span style=\"color: #000000\">que el proceso de <strong data-start=\"189\" data-end=\"202\">matr\u00edcula<\/strong> se llevar\u00e1 a cabo del <strong data-start=\"225\" data-end=\"256\">06 al 17 de octubre de 2025<\/strong>.<\/span><\/p>\n<p data-start=\"261\" data-end=\"333\"><span style=\"color: #000000\">Los enlaces correspondientes estar\u00e1n habilitados en los pr\u00f3ximos d\u00edas:<\/span><\/p>\n<ul style=\"margin: 0;padding: 20px;background: #fff;border-left: 6px solid #7B1B2D;border-radius: 6px;list-style-type: disc;padding-left: 40px;line-height: 1.5\">\n<li data-start=\"334\" data-end=\"373\">\n<p data-start=\"336\" data-end=\"373\"><span style=\"color: #800000\"><a style=\"color: #800000\" href=\"http:\/\/matricula.unsa.edu.pe\/index_segundas_2025.html\" target=\"_blank\" rel=\"noopener\"><strong data-start=\"336\" data-end=\"358\">Link de matr\u00edcula:<\/strong><\/a> (Se habilitar\u00e1 el d\u00eda 06 de octubre)<\/span><\/p>\n<\/li>\n<li data-start=\"374\" data-end=\"439\">\n<p data-start=\"376\" data-end=\"439\"><span style=\"color: #800000\"><strong data-start=\"376\" data-end=\"414\"><a style=\"color: #800000\" href=\"https:\/\/usefcfips.unsa.edu.pe\/login\" target=\"_blank\" rel=\"noopener\">Link del Sistema Financiero USEFC<\/a>:<\/strong> (Se habilitar\u00e1 el acceso el 06 de octubre)<\/span><\/p>\n<\/li>\n<li data-start=\"440\" data-end=\"488\">\n<p data-start=\"442\" data-end=\"488\"><span style=\"color: #800000\"><strong data-start=\"442\" data-end=\"473\">Link del tutorial de apoyo:<\/strong> (Se habilitar\u00e1 el d\u00eda 06 de octubre)<\/span><\/p>\n<\/li>\n<\/ul>\n<p data-start=\"490\" data-end=\"656\"><span style=\"color: #000000\">Agradecemos su comprensi\u00f3n y les pedimos estar atentos a los canales oficiales de la <strong data-start=\"575\" data-end=\"611\">Segunda Especialidad FIPS \u2013 UNSA<\/strong> para la actualizaci\u00f3n de esta informaci\u00f3n.<\/span><\/p>\n<\/div>\n<\/div>\n","protected":false},"excerpt":{"rendered":"<p>Fecha de Comunicado: 23\/09\/2025 FASE DE EXAMEN DE ADMISI\u00d3N 2025 &#8211; II Estimado(a) postulante: Nos complace informarles que la evaluaci\u00f3n de los Curr\u00edculum Vitae ha concluido satisfactoriamente. El siguiente paso es el Examen de Admisi\u00f3n, que se realizar\u00e1 de manera presencial en las instalaciones de la UNSA, el d\u00eda 28 de septiembre de 2025. Descargar [&hellip;]<\/p>\n","protected":false},"author":22,"featured_media":3614,"parent":0,"menu_order":0,"comment_status":"closed","ping_status":"closed","template":"","meta":{"_acf_changed":false,"footnotes":""},"class_list":["post-3979","page","type-page","status-publish","has-post-thumbnail","hentry"],"acf":[],"_links":{"self":[{"href":"https:\/\/fips.unsa.edu.pe\/usefc\/wp-json\/wp\/v2\/pages\/3979","targetHints":{"allow":["GET"]}}],"collection":[{"href":"https:\/\/fips.unsa.edu.pe\/usefc\/wp-json\/wp\/v2\/pages"}],"about":[{"href":"https:\/\/fips.unsa.edu.pe\/usefc\/wp-json\/wp\/v2\/types\/page"}],"author":[{"embeddable":true,"href":"https:\/\/fips.unsa.edu.pe\/usefc\/wp-json\/wp\/v2\/users\/22"}],"replies":[{"embeddable":true,"href":"https:\/\/fips.unsa.edu.pe\/usefc\/wp-json\/wp\/v2\/comments?post=3979"}],"version-history":[{"count":32,"href":"https:\/\/fips.unsa.edu.pe\/usefc\/wp-json\/wp\/v2\/pages\/3979\/revisions"}],"predecessor-version":[{"id":4074,"href":"https:\/\/fips.unsa.edu.pe\/usefc\/wp-json\/wp\/v2\/pages\/3979\/revisions\/4074"}],"wp:featuredmedia":[{"embeddable":true,"href":"https:\/\/fips.unsa.edu.pe\/usefc\/wp-json\/wp\/v2\/media\/3614"}],"wp:attachment":[{"href":"https:\/\/fips.unsa.edu.pe\/usefc\/wp-json\/wp\/v2\/media?parent=3979"}],"curies":[{"name":"wp","href":"https:\/\/api.w.org\/{rel}","templated":true}]}}