{"id":3965,"date":"2025-09-24T03:16:30","date_gmt":"2025-09-24T03:16:30","guid":{"rendered":"https:\/\/fips.unsa.edu.pe\/usefc\/?page_id=3965"},"modified":"2025-09-24T03:36:27","modified_gmt":"2025-09-24T03:36:27","slug":"segunda-especialidad-en-ingenieria-de-sistemas","status":"publish","type":"page","link":"https:\/\/fips.unsa.edu.pe\/usefc\/segunda-especialidad-en-ingenieria-de-sistemas\/","title":{"rendered":"SEGUNDA ESPECIALIDAD EN INGENIERIA DE SISTEMAS"},"content":{"rendered":"<div style=\"margin-top: 40px;font-family: Arial, Helvetica, sans-serif\">\n<p><!-- Descripci\u00f3n --><\/p>\n<h2 style=\"color: #000\"><img decoding=\"async\" src=\"https:\/\/img.icons8.com\/ios-filled\/24\/000000\/open-book--v1.png\" \/> <strong style=\"font-size: 18pt\">Descripci\u00f3n<\/strong><\/h2>\n<div style=\"margin-bottom: 20px;padding: 20px;background: #f5f5f5;border-radius: 8px\">\n<div style=\"padding: 15px;background: #fff;border-left: 6px solid #7B1B2D;border-radius: 6px;line-height: 1.5\">La especialidad tiene como objetivo preparar profesionales de alto nivel acad\u00e9mico con la capacidad de analizar, desarrollar, implementar y administrar tecnolog\u00edas de la informaci\u00f3n.<br \/>\nAdem\u00e1s, busca estimular la realizaci\u00f3n de proyectos de investigaci\u00f3n y desarrollo que fomenten la creaci\u00f3n de soluciones m\u00e1s efectivas.<\/div>\n<div><img loading=\"lazy\" decoding=\"async\" class=\"alignnone size-medium wp-image-3971\" src=\"https:\/\/fips.unsa.edu.pe\/usefc\/wp-content\/uploads\/sites\/11\/2025\/09\/FOTO-DE-SSITEMA-300x300.png\" alt=\"\" width=\"300\" height=\"300\" srcset=\"https:\/\/fips.unsa.edu.pe\/usefc\/wp-content\/uploads\/sites\/11\/2025\/09\/FOTO-DE-SSITEMA-300x300.png 300w, https:\/\/fips.unsa.edu.pe\/usefc\/wp-content\/uploads\/sites\/11\/2025\/09\/FOTO-DE-SSITEMA-1024x1024.png 1024w, https:\/\/fips.unsa.edu.pe\/usefc\/wp-content\/uploads\/sites\/11\/2025\/09\/FOTO-DE-SSITEMA-150x150.png 150w\" sizes=\"auto, (max-width: 300px) 100vw, 300px\" \/><\/div>\n<\/div>\n<p><!-- Requisitos --><\/p>\n<h2 style=\"color: #000\"><img decoding=\"async\" src=\"https:\/\/img.icons8.com\/ios-filled\/24\/000000\/open-book--v1.png\" \/> <strong style=\"font-size: 18pt\">Requisitos<\/strong><\/h2>\n<div style=\"margin-bottom: 20px;padding: 20px;background: #f5f5f5;border-radius: 8px\">\n<ul style=\"margin: 0;padding: 20px;background: #fff;border-left: 6px solid #7B1B2D;border-radius: 6px;list-style-type: disc;padding-left: 40px;line-height: 1.5\">\n<li>Documento Nacional de Identidad (DNI)<\/li>\n<li>Solicitud de admisi\u00f3n, seg\u00fan Formato<\/li>\n<li>Constancia de inscripci\u00f3n en SUNEDU o constancia de tr\u00e1mite<\/li>\n<li>T\u00edtulo Profesional<\/li>\n<li>Foto digital tama\u00f1o Pasaporte<\/li>\n<\/ul>\n<\/div>\n<p><!-- Inversi\u00f3n --><\/p>\n<h2 style=\"color: #000\"><img decoding=\"async\" src=\"https:\/\/img.icons8.com\/ios-filled\/24\/000000\/open-book--v1.png\" \/> <strong style=\"font-size: 18pt\">Inversi\u00f3n<\/strong><\/h2>\n<div style=\"margin-bottom: 20px;padding: 20px;background: #f5f5f5;border-radius: 8px\">\n<div style=\"padding: 15px;background: #fff;border-left: 6px solid #7B1B2D;border-radius: 6px;line-height: 1.6\">\n<p style=\"margin: 6px 0\"><strong>Admisi\u00f3n:<\/strong> S\/. 200<\/p>\n<p style=\"margin: 6px 0\"><strong>Matr\u00edcula:<\/strong> S\/. 250<\/p>\n<p style=\"margin: 6px 0\"><strong>Pensi\u00f3n:<\/strong> S\/. 500<\/p>\n<\/div>\n<\/div>\n<p><!-- Cronograma --><\/p>\n<h2 style=\"color: #000\"><img decoding=\"async\" src=\"https:\/\/img.icons8.com\/ios-filled\/24\/000000\/timeline-week.png\" \/> <strong style=\"font-size: 18pt\">Cronograma<\/strong><\/h2>\n<div style=\"margin-bottom: 20px;padding: 20px;background: #f5f5f5;border-radius: 8px\">\n<ul style=\"margin: 0;padding: 20px;background: #fff;border-left: 6px solid #7B1B2D;border-radius: 6px;list-style-type: disc;padding-left: 40px;line-height: 1.5\">\n<li>Inscripciones hasta el <strong>05 SEPTIEMBRE<\/strong><\/li>\n<li>Examen de admisi\u00f3n: <strong>28 DE SEPTIEMBRE<\/strong><\/li>\n<li>Matr\u00edcula ingresantes: <strong>A PARTIR DEL 06 DE OCTUBRE<\/strong><\/li>\n<\/ul>\n<\/div>\n<p><!-- Malla Curricular --><\/p>\n<h2 style=\"color: #000\"><img decoding=\"async\" src=\"https:\/\/img.icons8.com\/ios-filled\/24\/000000\/open-book--v1.png\" \/> <strong style=\"font-size: 18pt\">Malla Curricular<\/strong><\/h2>\n<div style=\"padding: 20px;background: #f5f5f5;border-radius: 8px\">\n<div style=\"padding: 20px;background: #fff;border-left: 6px solid #7B1B2D;border-radius: 6px;line-height: 1.5\">\n<p><strong>Duraci\u00f3n:<\/strong> 12 meses<\/p>\n<div style=\"gap: 40px;flex-wrap: wrap;margin-top: 10px\">\n<p><!-- Primer Semestre --><\/p>\n<div style=\"flex: 1;min-width: 200px\">\n<h3 style=\"margin: 0 0 10px 0;font-size: 16px;color: #7b1b2d\">Primer Semestre<\/h3>\n<ul style=\"margin: 0;padding-left: 20px;list-style-type: disc\">\n<li>Tecnolog\u00edas de la informaci\u00f3n empresarial<\/li>\n<li>Modelamiento de sistemas<\/li>\n<li>Tecnolog\u00eda de base de datos<\/li>\n<li>Tecnolog\u00eda web<\/li>\n<li>Planeamiento de redes 1<\/li>\n<\/ul>\n<\/div>\n<p><!-- Segundo Semestre --><\/p>\n<div style=\"flex: 1;min-width: 200px\">\n<h3 style=\"margin: 0 0 10px 0;font-size: 16px;color: #7b1b2d\">Segundo Semestre<\/h3>\n<ul style=\"margin: 0;padding-left: 20px;list-style-type: disc\">\n<li>Seminario de preparaci\u00f3n de tesis<\/li>\n<li>Plataforma de desarrollo de software<\/li>\n<li>Sistemas integrados de gesti\u00f3n<\/li>\n<li>Auditor\u00eda y seguridad de la informaci\u00f3n<\/li>\n<li>Taller de tesis<\/li>\n<\/ul>\n<\/div>\n<\/div>\n<\/div>\n<\/div>\n<\/div>\n","protected":false},"excerpt":{"rendered":"<p>Descripci\u00f3n La especialidad tiene como objetivo preparar profesionales de alto nivel acad\u00e9mico con la capacidad de analizar, desarrollar, implementar y administrar tecnolog\u00edas de la informaci\u00f3n. Adem\u00e1s, busca estimular la realizaci\u00f3n de proyectos de investigaci\u00f3n y desarrollo que fomenten la creaci\u00f3n de soluciones m\u00e1s efectivas. Requisitos Documento Nacional de Identidad (DNI) Solicitud de admisi\u00f3n, seg\u00fan Formato [&hellip;]<\/p>\n","protected":false},"author":22,"featured_media":3159,"parent":0,"menu_order":0,"comment_status":"closed","ping_status":"closed","template":"","meta":{"_acf_changed":false,"footnotes":""},"class_list":["post-3965","page","type-page","status-publish","has-post-thumbnail","hentry"],"acf":[],"_links":{"self":[{"href":"https:\/\/fips.unsa.edu.pe\/usefc\/wp-json\/wp\/v2\/pages\/3965","targetHints":{"allow":["GET"]}}],"collection":[{"href":"https:\/\/fips.unsa.edu.pe\/usefc\/wp-json\/wp\/v2\/pages"}],"about":[{"href":"https:\/\/fips.unsa.edu.pe\/usefc\/wp-json\/wp\/v2\/types\/page"}],"author":[{"embeddable":true,"href":"https:\/\/fips.unsa.edu.pe\/usefc\/wp-json\/wp\/v2\/users\/22"}],"replies":[{"embeddable":true,"href":"https:\/\/fips.unsa.edu.pe\/usefc\/wp-json\/wp\/v2\/comments?post=3965"}],"version-history":[{"count":8,"href":"https:\/\/fips.unsa.edu.pe\/usefc\/wp-json\/wp\/v2\/pages\/3965\/revisions"}],"predecessor-version":[{"id":3976,"href":"https:\/\/fips.unsa.edu.pe\/usefc\/wp-json\/wp\/v2\/pages\/3965\/revisions\/3976"}],"wp:featuredmedia":[{"embeddable":true,"href":"https:\/\/fips.unsa.edu.pe\/usefc\/wp-json\/wp\/v2\/media\/3159"}],"wp:attachment":[{"href":"https:\/\/fips.unsa.edu.pe\/usefc\/wp-json\/wp\/v2\/media?parent=3965"}],"curies":[{"name":"wp","href":"https:\/\/api.w.org\/{rel}","templated":true}]}}