{"id":3872,"date":"2025-09-23T03:33:51","date_gmt":"2025-09-23T03:33:51","guid":{"rendered":"https:\/\/fips.unsa.edu.pe\/usefc\/?page_id=3872"},"modified":"2025-10-21T03:43:30","modified_gmt":"2025-10-21T03:43:30","slug":"usefc-fips","status":"publish","type":"page","link":"https:\/\/fips.unsa.edu.pe\/usefc\/","title":{"rendered":"BIENVENIDO A NUESTRAS ESPECIALIDADES"},"content":{"rendered":"<div style=\"max-width: 1000px;margin: 0 auto\">\n<header style=\"background-color: #0f1d2e;color: #fff;padding: 18px 20px;border-radius: 8px 8px 0 0\">\n<h1 style=\"margin: 6px 0 0;font-size: 13px;color: #f2dede;font-family: Arial, sans-serif\">Facultad de Ingenier\u00eda de Producci\u00f3n y Servicios (FIPS) &#8211; UNSA<\/h1>\n<h2><strong>SEGUNDA ESPECIALIDAD<br \/>\n<\/strong><\/h2>\n<ul>\n<li><strong><span style=\"color: #540606\">\u00a0<\/span><\/strong><strong><a style=\"margin-top: 6px;padding: 6px 10px;background-color: #810808;color: #fff;border-radius: 5px;text-decoration: none;font-weight: bold;text-align: center;font-size: 12px\" href=\"https:\/\/fips.unsa.edu.pe\/usefc\/category\/noticias\/\" target=\"_blank\" rel=\"noopener\">\u00daLTIMAS NOTICIAS<\/a><\/strong><\/li>\n<\/ul>\n<\/header>\n<section style=\"background-color: #ffffff;border: 2px solid #bcb7b7;padding: 16px;border-top: none\">\n<section style=\"margin-top: 12px;background: #ffffff;border: 2px solid #bcb7b7;padding: 14px;border-radius: 6px\">\n<div style=\"flex-wrap: wrap;gap: 12px\">\n<div style=\"flex: 0 1 260px;min-width: 220px;background: #f7f7f7;padding: 10px;border-radius: 6px;border: 1px solid #e0e0e0\">\n<p><span style=\"color: #333333\">Registra tus datos para que podamos enviarte informaci\u00f3n relacionada a la Segunda Especialidad<\/span><\/p>\n<hr \/>\n<ul>\n<li><strong><strong><strong><strong><strong><a style=\"margin-top: 6px;padding: 6px 10px;background-color: #810808;color: #fff;border-radius: 5px;text-decoration: none;font-weight: bold;text-align: center;font-size: 12px\" href=\"https:\/\/fips.unsa.edu.pe\/usefc\/2025\/10\/09\/admision-2026-i\/\" target=\"_blank\" rel=\"noopener\">ADMISI\u00d3N 2026 FASE I \/ REGISTRA TUS DATOS<\/a><br \/>\n<\/strong><\/strong><\/strong><\/strong><\/strong><strong><strong><strong><strong><br \/>\n<\/strong><\/strong><\/strong><\/strong><\/li>\n<li><strong><a style=\"margin-top: 6px;padding: 6px 10px;background-color: #810808;color: #fff;border-radius: 5px;text-decoration: none;font-weight: bold;text-align: center;font-size: 12px\" href=\"https:\/\/fips.unsa.edu.pe\/usefc\/segundas-especialidades-fips\/\" target=\"_blank\" rel=\"noopener\">NUESTRAS MALLAS CURRICULARES<\/a><\/strong><\/li>\n<\/ul>\n<\/div>\n<\/div>\n<\/section>\n<\/section>\n<h1><strong>\u00a0<span style=\"color: #000000\">PRESENTACI\u00d3N<\/span><\/strong><\/h1>\n<hr \/>\n<p><span style=\"color: #000000\">La Facultad de Ingenier\u00eda de Producci\u00f3n y Servicios (FIPS) de la Universidad Nacional de San Agust\u00edn de Arequipa les da la m\u00e1s cordial bienvenida a nuestros\u00a0<strong>Programas de Segunda Especialidad<\/strong>.<\/span><\/p>\n<p><span style=\"color: #000000\">Con m\u00e1s de\u00a0<strong>25 a\u00f1os de experiencia en la formaci\u00f3n de profesionales<\/strong>, reafirmamos nuestro compromiso con la excelencia acad\u00e9mica y la calidad educativa.<\/span><\/p>\n<p><img loading=\"lazy\" decoding=\"async\" class=\"wp-image-3971 alignleft\" src=\"https:\/\/fips.unsa.edu.pe\/usefc\/wp-content\/uploads\/sites\/11\/2025\/09\/FOTO-DE-SSITEMA-300x300.png\" alt=\"\" width=\"216\" height=\"216\" srcset=\"https:\/\/fips.unsa.edu.pe\/usefc\/wp-content\/uploads\/sites\/11\/2025\/09\/FOTO-DE-SSITEMA-300x300.png 300w, https:\/\/fips.unsa.edu.pe\/usefc\/wp-content\/uploads\/sites\/11\/2025\/09\/FOTO-DE-SSITEMA-1024x1024.png 1024w, https:\/\/fips.unsa.edu.pe\/usefc\/wp-content\/uploads\/sites\/11\/2025\/09\/FOTO-DE-SSITEMA-150x150.png 150w\" sizes=\"auto, (max-width: 216px) 100vw, 216px\" \/><span style=\"color: #000000\">Nuestras especialidades cuentan con\u00a0<strong>licenciamiento vigente por SUNEDU<\/strong>, lo que garantiza programas s\u00f3lidos y reconocidos a nivel nacional. Asimismo, disponemos de modernas\u00a0<strong>plataformas virtuales y sistemas acad\u00e9micos<\/strong> que facilitan el acceso a recursos, tutor\u00edas y gesti\u00f3n administrativa, asegurando una experiencia integral para nuestros estudiantes.<\/span><\/p>\n<p><span style=\"color: #000000\">Los programas de Segunda Especialidad tienen una duraci\u00f3n aproximada de\u00a0<strong>12 a 13 meses<\/strong>, dependiendo de la especialidad elegida, y est\u00e1n dise\u00f1ados para fortalecer y actualizar las competencias profesionales, brindando las herramientas necesarias para afrontar los desaf\u00edos del mercado laboral actual.<\/span><\/p>\n<p><span style=\"color: #000000\">Nuestra misi\u00f3n es contribuir al desarrollo profesional y personal de cada estudiante, ofreciendo un entorno de aprendizaje innovador, din\u00e1mico y orientado a la excelencia.<\/span><\/p>\n<p><span style=\"color: #000000\">Les invitamos a ser parte de nuestra comunidad acad\u00e9mica, donde encontrar\u00e1n oportunidades para crecer, compartir experiencias y proyectarse hacia nuevos horizontes profesionales.<\/span><\/p>\n<p>&nbsp;<\/p>\n<hr \/>\n<div style=\"width: 100%;max-width: 720px;margin: 0 auto;font-family: Arial, sans-serif;color: #000000\">\n<p><!-- TABLA CRONOGRAMA --><\/p>\n<table style=\"width: 100%;border-collapse: collapse;font-size: 12px;border: 2px solid #001f3f\">\n<tbody><!-- T\u00cdTULO --><\/p>\n<tr bgcolor=\"#001f3f\">\n<td style=\"font-size: 16px;font-weight: bold;padding: 12px;text-align: center;color: #ffffff\" colspan=\"3\">CRONOGRAMA DE ACTIVIDADES<\/td>\n<\/tr>\n<p><!-- ENCABEZADOS --><\/p>\n<tr style=\"background-color: #e6e6e6;font-weight: bold;color: #001f3f\">\n<td style=\"padding: 10px\">ACTIVIDAD<\/td>\n<td style=\"padding: 10px\" width=\"30%\">FECHA DE INICIO<\/td>\n<td style=\"padding: 10px\" width=\"30%\">INDICACIONES<\/td>\n<\/tr>\n<p><!-- FILA 1 --><\/p>\n<tr bgcolor=\"#ffffff\">\n<td style=\"padding: 10px\"><strong>INICIO DE CLASES &#8211; ADMISI\u00d3N 2025 &#8211; II<\/strong><\/td>\n<td style=\"padding: 10px\">25 de octubre<\/td>\n<td style=\"padding: 10px\"><\/td>\n<\/tr>\n<p><!-- FILA 2 --><\/p>\n<tr bgcolor=\"#f7f7f7\">\n<td style=\"padding: 10px\"><strong>REGISTRO DE INCORPORADOS<\/strong><\/td>\n<td style=\"padding: 10px\">01 de octubre<\/td>\n<td style=\"padding: 10px\"><a style=\"padding: 6px 10px;background-color: #810808;color: #ffffff;border-radius: 5px;text-decoration: none;font-weight: bold;font-size: 11px;text-align: center\" href=\"https:\/\/fips.unsa.edu.pe\/usefc\/incorporacion\/\" target=\"_blank\" rel=\"noopener\">LINK DE REGISTRO<\/a><\/td>\n<\/tr>\n<p><!-- FILA 3 --><\/p>\n<tr bgcolor=\"#ffffff\">\n<td style=\"padding: 10px\"><strong>INICIO DE ADMISI\u00d3N 2026 &#8211; I<\/strong><\/td>\n<td style=\"padding: 10px\">Entre los meses de febrero y marzo<\/td>\n<td style=\"padding: 10px\"><a style=\"padding: 6px 10px;background-color: #810808;color: #ffffff;border-radius: 5px;text-decoration: none;font-weight: bold;font-size: 11px;text-align: center\" href=\"https:\/\/fips.unsa.edu.pe\/usefc\/2025\/10\/09\/admision-2026-i\/\" target=\"_blank\" rel=\"noopener\">LINK DE REGISTRO<\/a><\/td>\n<\/tr>\n<\/tbody>\n<\/table>\n<p><!-- BLOQUE DE CONTACTO --><\/p>\n<section style=\"background-color: #f2f2f2;border: 2px solid #bcb7b7;padding: 12px;margin-top: 12px;border-radius: 6px\">\n<div style=\"background: #ffffff;padding: 10px;border-left: 6px solid #810808;border-radius: 6px;font-size: 12px;line-height: 1.5\"><strong>Unidad de Segunda Especialidad y Formaci\u00f3n Continua &#8211; FIPS &#8211; UNSA<\/strong><br \/>\nCorreo: <a style=\"color: #001f3f;text-decoration: none\" href=\"mailto:fips_usesp_academico@unsa.edu.pe\">fips_usesp_academico@unsa.edu.pe<\/a><\/div>\n<\/section>\n<\/div>\n<\/div>\n<p>&nbsp;<\/p>\n","protected":false},"excerpt":{"rendered":"<p>Facultad de Ingenier\u00eda de Producci\u00f3n y Servicios (FIPS) &#8211; UNSA SEGUNDA ESPECIALIDAD \u00a0\u00daLTIMAS NOTICIAS Registra tus datos para que podamos enviarte informaci\u00f3n relacionada a la Segunda Especialidad ADMISI\u00d3N 2026 FASE I \/ REGISTRA TUS DATOS NUESTRAS MALLAS CURRICULARES \u00a0PRESENTACI\u00d3N La Facultad de Ingenier\u00eda de Producci\u00f3n y Servicios (FIPS) de la Universidad Nacional de San Agust\u00edn [&hellip;]<\/p>\n","protected":false},"author":22,"featured_media":3693,"parent":0,"menu_order":0,"comment_status":"closed","ping_status":"closed","template":"","meta":{"_acf_changed":false,"footnotes":""},"class_list":["post-3872","page","type-page","status-publish","has-post-thumbnail","hentry"],"acf":[],"_links":{"self":[{"href":"https:\/\/fips.unsa.edu.pe\/usefc\/wp-json\/wp\/v2\/pages\/3872","targetHints":{"allow":["GET"]}}],"collection":[{"href":"https:\/\/fips.unsa.edu.pe\/usefc\/wp-json\/wp\/v2\/pages"}],"about":[{"href":"https:\/\/fips.unsa.edu.pe\/usefc\/wp-json\/wp\/v2\/types\/page"}],"author":[{"embeddable":true,"href":"https:\/\/fips.unsa.edu.pe\/usefc\/wp-json\/wp\/v2\/users\/22"}],"replies":[{"embeddable":true,"href":"https:\/\/fips.unsa.edu.pe\/usefc\/wp-json\/wp\/v2\/comments?post=3872"}],"version-history":[{"count":61,"href":"https:\/\/fips.unsa.edu.pe\/usefc\/wp-json\/wp\/v2\/pages\/3872\/revisions"}],"predecessor-version":[{"id":4539,"href":"https:\/\/fips.unsa.edu.pe\/usefc\/wp-json\/wp\/v2\/pages\/3872\/revisions\/4539"}],"wp:featuredmedia":[{"embeddable":true,"href":"https:\/\/fips.unsa.edu.pe\/usefc\/wp-json\/wp\/v2\/media\/3693"}],"wp:attachment":[{"href":"https:\/\/fips.unsa.edu.pe\/usefc\/wp-json\/wp\/v2\/media?parent=3872"}],"curies":[{"name":"wp","href":"https:\/\/api.w.org\/{rel}","templated":true}]}}