{"id":2819,"date":"2026-03-31T12:35:09","date_gmt":"2026-03-31T17:35:09","guid":{"rendered":"https:\/\/fips.unsa.edu.pe\/telecomunicaciones\/?page_id=2819"},"modified":"2026-03-31T15:28:00","modified_gmt":"2026-03-31T20:28:00","slug":"practicas-pre-profesionales","status":"publish","type":"page","link":"https:\/\/fips.unsa.edu.pe\/telecomunicaciones\/practicas-pre-profesionales\/","title":{"rendered":"Pr\u00e1cticas Pre-Profesionales"},"content":{"rendered":"<p>Se cuenta con la Directiva aprobada sobre realizaci\u00f3n de Pr\u00e1cticas Pre-profesionales.<\/p>\n<ul>\n<li><a class=\"btn btn-default\" style=\"align-items: center\" href=\"https:\/\/drive.google.com\/file\/d\/1cd9sxTU4xnPfU-F3Ja5S9OELmG62ZRPu\/view?usp=drive_link\" target=\"_blank\" rel=\"noopener\">Directiva Especi\u0301fica 002-2025-EPIT Pra\u0301cticas PreProfesionales EPIT<\/a>\n<div class=\"label label-info\">(PDF)<\/div>\n<\/li>\n<li><a class=\"btn btn-default\" style=\"align-items: center\" href=\"https:\/\/docs.google.com\/document\/d\/1Ntzyzr98_J_ytMX3Euc8WtCdPX6EtvKl\/edit?usp=drive_link&amp;ouid=102725324819298634110&amp;rtpof=true&amp;sd=true\" target=\"_blank\" rel=\"noopener\">Directiva Especi\u0301fica 002-2025-EPIT Pra\u0301cticas PreProfesionales EPIT<\/a>\n<div class=\"label label-info\">(Word)<\/div>\n<\/li>\n<\/ul>\n","protected":false},"excerpt":{"rendered":"<p>Se cuenta con la Directiva aprobada sobre realizaci\u00f3n de Pr\u00e1cticas Pre-profesionales. Directiva Especi\u0301fica 002-2025-EPIT Pra\u0301cticas PreProfesionales EPIT (PDF) Directiva Especi\u0301fica 002-2025-EPIT Pra\u0301cticas PreProfesionales EPIT (Word)<\/p>\n","protected":false},"author":25,"featured_media":0,"parent":0,"menu_order":0,"comment_status":"closed","ping_status":"closed","template":"","meta":{"footnotes":""},"class_list":["post-2819","page","type-page","status-publish","hentry"],"_links":{"self":[{"href":"https:\/\/fips.unsa.edu.pe\/telecomunicaciones\/wp-json\/wp\/v2\/pages\/2819","targetHints":{"allow":["GET"]}}],"collection":[{"href":"https:\/\/fips.unsa.edu.pe\/telecomunicaciones\/wp-json\/wp\/v2\/pages"}],"about":[{"href":"https:\/\/fips.unsa.edu.pe\/telecomunicaciones\/wp-json\/wp\/v2\/types\/page"}],"author":[{"embeddable":true,"href":"https:\/\/fips.unsa.edu.pe\/telecomunicaciones\/wp-json\/wp\/v2\/users\/25"}],"replies":[{"embeddable":true,"href":"https:\/\/fips.unsa.edu.pe\/telecomunicaciones\/wp-json\/wp\/v2\/comments?post=2819"}],"version-history":[{"count":5,"href":"https:\/\/fips.unsa.edu.pe\/telecomunicaciones\/wp-json\/wp\/v2\/pages\/2819\/revisions"}],"predecessor-version":[{"id":2834,"href":"https:\/\/fips.unsa.edu.pe\/telecomunicaciones\/wp-json\/wp\/v2\/pages\/2819\/revisions\/2834"}],"wp:attachment":[{"href":"https:\/\/fips.unsa.edu.pe\/telecomunicaciones\/wp-json\/wp\/v2\/media?parent=2819"}],"curies":[{"name":"wp","href":"https:\/\/api.w.org\/{rel}","templated":true}]}}