{"id":2690,"date":"2025-08-23T13:45:53","date_gmt":"2025-08-23T18:45:53","guid":{"rendered":"https:\/\/fips.unsa.edu.pe\/telecomunicaciones\/?page_id=2690"},"modified":"2025-08-23T17:01:51","modified_gmt":"2025-08-23T22:01:51","slug":"postulantes","status":"publish","type":"page","link":"https:\/\/fips.unsa.edu.pe\/telecomunicaciones\/postulantes\/","title":{"rendered":"Postulantes"},"content":{"rendered":"<div class=\"well\">\n<h2>\u00bfPorqu\u00e9 estudiar Ingenier\u00eda en Telecomunicaciones?<\/h2>\n<p>La ingenier\u00eda en telecomunicaciones es la rama de la ingenier\u00eda que hace posible la conexi\u00f3n del mundo. Se encarga de dise\u00f1ar, desplegar y gestionar la infraestructura f\u00edsica y l\u00f3gica \u2014redes de fibra \u00f3ptica, sistemas satelitales, antenas de telefon\u00eda m\u00f3vil y enlaces de radiofrecuencia\u2014 que permite transmitir voz, datos y video a cualquier punto del planeta, de forma instant\u00e1nea y fiable.<\/p>\n<p>El cuerpo de conocimiento de esta ingenier\u00eda se centra en el estudio sistem\u00e1tico de los fen\u00f3menos f\u00edsicos y las tecnolog\u00edas que rigen la comunicaci\u00f3n a distancia. Abarca desde la propagaci\u00f3n de ondas electromagn\u00e9ticas y el procesamiento digital de se\u00f1ales, hasta el dise\u00f1o de antenas, la arquitectura de redes m\u00f3viles (como 5G y las futuras 6G) y la gesti\u00f3n del espectro radioel\u00e9ctrico, el recurso invisible que hace posible toda comunicaci\u00f3n inal\u00e1mbrica.<\/p>\n<p>Es el arte y la ciencia de dominar las leyes de la f\u00edsica para superar las barreras de la distancia y el tiempo. Estudia los procedimientos met\u00f3dicos que subyacen en la conversi\u00f3n de informaci\u00f3n digital (bits) en se\u00f1ales f\u00edsicas \u2014ya sean pulsos de luz en una fibra, ondas de radio viajando por el aire o se\u00f1ales el\u00e9ctricas en un cable\u2014, su transmisi\u00f3n a trav\u00e9s de un medio, su recepci\u00f3n en el destino y su decodificaci\u00f3n final. En esencia, es la ingenier\u00eda que construye las autopistas invisibles por donde viaja la sociedad digital moderna.<\/p>\n<p><a class=\"btn btn-default\" style=\"align-items: center\" href=\"https:\/\/drive.google.com\/file\/d\/1ed5QoPRy2J4MnkyuTt6Y8y-Fq3mD_BCp\/view?usp=drive_link\" target=\"_blank\" rel=\"noopener\">Brochure EPIT<\/a>\n<\/div>\n<p>La Escuela Profesional de Ingenier\u00eda en Telecomunicaciones pone a disposici\u00f3n de sus postulantes los siguientes recursos.<\/p>\n<h3>Recursos<\/h3>\n<ul>\n<li><a class=\"btn btn-default\" style=\"align-items: center\" href=\"https:\/\/admision.unsa.edu.pe\/\" target=\"_blank\" rel=\"noopener\">Admisi\u00f3n UNSA<\/a><\/li>\n<li><a class=\"btn btn-default\" style=\"align-items: center\" href=\"https:\/\/fips.unsa.edu.pe\/telecomunicaciones\/plan-de-estudios\/\" target=\"_blank\" rel=\"noopener\">Plan de Estudios de Ingenier\u00eda en Telecomunicaciones<\/a><\/li>\n<li><a class=\"btn btn-default\" style=\"align-items: center\" href=\"https:\/\/fips.unsa.edu.pe\/telecomunicaciones\/perfil-del-postulantes\/\" target=\"_blank\" rel=\"noopener\">Perfil del Postulantes a Ing. En Telecomunicaciones<\/a><\/li>\n<li><a class=\"btn btn-default\" style=\"align-items: center\" href=\"https:\/\/fips.unsa.edu.pe\/telecomunicaciones\/perfil-del-egresado\/\" target=\"_blank\" rel=\"noopener\">Perfil del Egresado de Ing. En Telecomunicaciones<\/a><\/li>\n<li><a class=\"btn btn-default\" style=\"align-items: center\" href=\"https:\/\/fips.unsa.edu.pe\/telecomunicaciones\/campo-ocupacional\/\" target=\"_blank\" rel=\"noopener\">Campo Ocupacional del Ing. En Telecomunicaciones<\/a><\/li>\n<li><a class=\"btn btn-default\" style=\"align-items: center\" href=\"https:\/\/fips.unsa.edu.pe\/telecomunicaciones\/grados-y-titulos\/\" target=\"_blank\" rel=\"noopener\">Grados y T\u00edtulos de la EPIT<\/a><\/li>\n<li><a class=\"btn btn-default\" style=\"align-items: center\" href=\"https:\/\/fips.unsa.edu.pe\/telecomunicaciones\/proyectos-de-fin-de-carrera\/\" target=\"_blank\" rel=\"noopener\">Proyectos de fin de\u00a0carrera de Ing. En Telecomunicaciones<\/a><\/li>\n<\/ul>\n","protected":false},"excerpt":{"rendered":"<p>\u00bfPorqu\u00e9 estudiar Ingenier\u00eda en Telecomunicaciones? La ingenier\u00eda en telecomunicaciones es la rama de la ingenier\u00eda que hace posible la conexi\u00f3n del mundo. Se encarga de dise\u00f1ar, desplegar y gestionar la infraestructura f\u00edsica y l\u00f3gica \u2014redes de fibra \u00f3ptica, sistemas satelitales, antenas de telefon\u00eda m\u00f3vil y enlaces de radiofrecuencia\u2014 que permite transmitir voz, datos y video [&hellip;]<\/p>\n","protected":false},"author":25,"featured_media":0,"parent":0,"menu_order":0,"comment_status":"closed","ping_status":"closed","template":"","meta":{"footnotes":""},"class_list":["post-2690","page","type-page","status-publish","hentry"],"_links":{"self":[{"href":"https:\/\/fips.unsa.edu.pe\/telecomunicaciones\/wp-json\/wp\/v2\/pages\/2690","targetHints":{"allow":["GET"]}}],"collection":[{"href":"https:\/\/fips.unsa.edu.pe\/telecomunicaciones\/wp-json\/wp\/v2\/pages"}],"about":[{"href":"https:\/\/fips.unsa.edu.pe\/telecomunicaciones\/wp-json\/wp\/v2\/types\/page"}],"author":[{"embeddable":true,"href":"https:\/\/fips.unsa.edu.pe\/telecomunicaciones\/wp-json\/wp\/v2\/users\/25"}],"replies":[{"embeddable":true,"href":"https:\/\/fips.unsa.edu.pe\/telecomunicaciones\/wp-json\/wp\/v2\/comments?post=2690"}],"version-history":[{"count":17,"href":"https:\/\/fips.unsa.edu.pe\/telecomunicaciones\/wp-json\/wp\/v2\/pages\/2690\/revisions"}],"predecessor-version":[{"id":2719,"href":"https:\/\/fips.unsa.edu.pe\/telecomunicaciones\/wp-json\/wp\/v2\/pages\/2690\/revisions\/2719"}],"wp:attachment":[{"href":"https:\/\/fips.unsa.edu.pe\/telecomunicaciones\/wp-json\/wp\/v2\/media?parent=2690"}],"curies":[{"name":"wp","href":"https:\/\/api.w.org\/{rel}","templated":true}]}}