{"id":2681,"date":"2025-08-23T12:59:40","date_gmt":"2025-08-23T17:59:40","guid":{"rendered":"https:\/\/fips.unsa.edu.pe\/telecomunicaciones\/?page_id=2681"},"modified":"2026-03-31T22:52:25","modified_gmt":"2026-04-01T03:52:25","slug":"egresados","status":"publish","type":"page","link":"https:\/\/fips.unsa.edu.pe\/telecomunicaciones\/egresados\/","title":{"rendered":"Egresados"},"content":{"rendered":"<p>La Escuela Profesional de Ingenier\u00eda en Telecomunicaciones pone a disposici\u00f3n de sus egresados los siguientes recursos.<\/p>\n<h3>Recursos<\/h3>\n<ul>\n<li><a class=\"btn btn-primary\" style=\"align-items: center\" href=\"https:\/\/forms.gle\/AugwgK4YqSvv5kWF6\" target=\"_blank\" rel=\"noopener\">Encuesta a Egresados<\/a><\/li>\n<li><a class=\"btn btn-default\" style=\"align-items: center\" href=\"https:\/\/fips.unsa.edu.pe\/telecomunicaciones\/perfil-del-egresado\/\" target=\"_blank\" rel=\"noopener\">Perfil del Egresado<\/a><\/li>\n<li><a class=\"btn btn-default\" style=\"align-items: center\" href=\"https:\/\/fips.unsa.edu.pe\/telecomunicaciones\/competencias-de-la-carrera\/\" target=\"_blank\" rel=\"noopener\">Competencias de la Carrera<\/a><\/li>\n<li><a class=\"btn btn-default\" style=\"align-items: center\" href=\"https:\/\/fips.unsa.edu.pe\/telecomunicaciones\/resultados-del-estudiante\/\" target=\"_blank\" rel=\"noopener\">Atributos del Graduado<\/a><\/li>\n<li><a class=\"btn btn-default\" style=\"align-items: center\" href=\"https:\/\/fips.unsa.edu.pe\/telecomunicaciones\/objetivos-educacionales\/\" target=\"_blank\" rel=\"noopener\">Objetivos Educacionales<\/a><\/li>\n<\/ul>\n<h3>Recursos de grados y t\u00edtulos<\/h3>\n<ul>\n<li><a class=\"btn btn-default\" style=\"align-items: center\" href=\"http:\/\/icacit.org.pe\/egresados\" target=\"_blank\" rel=\"noopener\">Plataforma de Emisi\u00f3n de certificados a graduados de programas con Acreditaci\u00f3n ICACIT<\/a>\n<div class=\"label label-info\">(Solo bachilleres)<\/div>\n<\/li>\n<li><a class=\"btn btn-default\" style=\"align-items: center\" href=\"https:\/\/fips.unsa.edu.pe\/sistema-de-graduacion\/\" target=\"_blank\" rel=\"noopener\">Sistema de Gesti\u00f3n de Graduaci\u00f3n y Titulaci\u00f3n<\/a><\/li>\n<li><a class=\"btn btn-default\" style=\"align-items: center\" href=\"https:\/\/transparencia.unsa.edu.pe\/handle\/123456789\/1248\" target=\"_blank\" rel=\"noopener\">Directiva: Obtenci\u00f3n de la condici\u00f3n y constancia de egresado<\/a><\/li>\n<li><a class=\"btn btn-primary\" style=\"align-items: center\" href=\"https:\/\/drive.google.com\/file\/d\/1zbkXMd2jt7ie7maJsWoseeb-l3DDp4OA\/view?usp=drive_link\" target=\"_blank\" rel=\"noopener\">Diapositivas: Obtenci\u00f3n del Grado Acad\u00e9mico de Bachiller<\/a><\/li>\n<li><a class=\"btn btn-default\" style=\"align-items: center\" href=\"https:\/\/transparencia.unsa.edu.pe\/handle\/123456789\/1517\" target=\"_blank\" rel=\"noopener\">Reglamento: Obtenci\u00f3n de Grados Acad\u00e9micos, T\u00edtulo Profesional y de Segunda Especialidad<\/a><\/li>\n<\/ul>\n<h3>Recursos de investigaci\u00f3n<\/h3>\n<ul>\n<li><a class=\"btn btn-default\" style=\"align-items: center\" href=\"https:\/\/fips.unsa.edu.pe\/wp-content\/uploads\/2025\/06\/LINEAS-INVESTIGACION-DAIE-2025-21-03-2025.xlsx\" target=\"_blank\" rel=\"noopener\"> L\u00edneas de Investigaci\u00f3n: Electr\u00f3nica \u2013 Telecomunicaciones<\/a><\/li>\n<li><a class=\"btn btn-default\" style=\"align-items: center\" href=\"https:\/\/fips.unsa.edu.pe\/wp-content\/uploads\/2022\/05\/Guia-Plan-de-tesis-2020.docx\" target=\"_blank\" rel=\"noopener\">Gu\u00eda de Referencia: Gu\u00eda de Plan de Tesis<\/a><\/li>\n<li><a class=\"btn btn-default\" style=\"align-items: center\" href=\"https:\/\/fips.unsa.edu.pe\/wp-content\/uploads\/2022\/05\/Guia-Trabajo-Suficiencia-Profesional-2020.docx\" target=\"_blank\" rel=\"noopener\">Gu\u00eda de Referencia: Gu\u00eda de Trabajo Suficiencia Profesional<\/a><\/li>\n<li><a class=\"btn btn-default\" style=\"align-items: center\" href=\"https:\/\/fips.unsa.edu.pe\/wp-content\/uploads\/2022\/05\/Guia-Tesis-de-Investigacion-2020.docx\" target=\"_blank\" rel=\"noopener\">Gu\u00eda de Referencia: Gu\u00eda de Tesis T\u00edtulo Profesional<\/a><\/li>\n<li><a class=\"btn btn-default\" style=\"align-items: center\" href=\"http:\/\/repositorio.unsa.edu.pe\/handle\/UNSA\/716\/\" target=\"_blank\" rel=\"noopener\">Repositorio EPIT: Trabajos de investigaci\u00f3n publicados<\/a><\/li>\n<\/ul>\n","protected":false},"excerpt":{"rendered":"<p>La Escuela Profesional de Ingenier\u00eda en Telecomunicaciones pone a disposici\u00f3n de sus egresados los siguientes recursos. Recursos Encuesta a Egresados Perfil del Egresado Competencias de la Carrera Atributos del Graduado Objetivos Educacionales Recursos de grados y t\u00edtulos Plataforma de Emisi\u00f3n de certificados a graduados de programas con Acreditaci\u00f3n ICACIT (Solo bachilleres) Sistema de Gesti\u00f3n de [&hellip;]<\/p>\n","protected":false},"author":25,"featured_media":0,"parent":0,"menu_order":0,"comment_status":"closed","ping_status":"closed","template":"","meta":{"footnotes":""},"class_list":["post-2681","page","type-page","status-publish","hentry"],"_links":{"self":[{"href":"https:\/\/fips.unsa.edu.pe\/telecomunicaciones\/wp-json\/wp\/v2\/pages\/2681","targetHints":{"allow":["GET"]}}],"collection":[{"href":"https:\/\/fips.unsa.edu.pe\/telecomunicaciones\/wp-json\/wp\/v2\/pages"}],"about":[{"href":"https:\/\/fips.unsa.edu.pe\/telecomunicaciones\/wp-json\/wp\/v2\/types\/page"}],"author":[{"embeddable":true,"href":"https:\/\/fips.unsa.edu.pe\/telecomunicaciones\/wp-json\/wp\/v2\/users\/25"}],"replies":[{"embeddable":true,"href":"https:\/\/fips.unsa.edu.pe\/telecomunicaciones\/wp-json\/wp\/v2\/comments?post=2681"}],"version-history":[{"count":14,"href":"https:\/\/fips.unsa.edu.pe\/telecomunicaciones\/wp-json\/wp\/v2\/pages\/2681\/revisions"}],"predecessor-version":[{"id":2835,"href":"https:\/\/fips.unsa.edu.pe\/telecomunicaciones\/wp-json\/wp\/v2\/pages\/2681\/revisions\/2835"}],"wp:attachment":[{"href":"https:\/\/fips.unsa.edu.pe\/telecomunicaciones\/wp-json\/wp\/v2\/media?parent=2681"}],"curies":[{"name":"wp","href":"https:\/\/api.w.org\/{rel}","templated":true}]}}