{"id":1466,"date":"2023-03-27T11:50:07","date_gmt":"2023-03-27T16:50:07","guid":{"rendered":"https:\/\/fips.unsa.edu.pe\/telecomunicaciones\/?page_id=1466"},"modified":"2025-08-25T03:40:54","modified_gmt":"2025-08-25T08:40:54","slug":"inicio","status":"publish","type":"page","link":"https:\/\/fips.unsa.edu.pe\/telecomunicaciones\/","title":{"rendered":"Ingenier\u00eda en Telecomunicaciones"},"content":{"rendered":"<div class=\"jumbotron\">\n<div>\n<p class=\"lead\">La Ingenier\u00eda en Telecomunicaciones es una rama de la ingenier\u00eda que se dedica a plantear soluciones a problemas relacionados con la transmisi\u00f3n y recepci\u00f3n de se\u00f1ales, con el objeto de integrar redes usando conductores el\u00e9ctricos, medios electromagn\u00e9ticos y \u00f3pticos&#8230;.\u00a0<a style=\"color: #690528\" href=\"https:\/\/fips.unsa.edu.pe\/telecomunicaciones\/presentacion\/\"><em><strong> leer m\u00e1s.<\/strong><\/em><\/a><\/p>\n<div style=\"width: 640px;\" class=\"wp-video\"><video class=\"wp-video-shortcode\" id=\"video-1466-1\" width=\"640\" height=\"360\" preload=\"metadata\" controls=\"controls\"><source type=\"video\/mp4\" src=\"https:\/\/fips.unsa.edu.pe\/telecomunicaciones\/wp-content\/uploads\/sites\/7\/2023\/03\/FDownloader.net-646593819757109720p.mp4?_=1\" \/><a href=\"https:\/\/fips.unsa.edu.pe\/telecomunicaciones\/wp-content\/uploads\/sites\/7\/2023\/03\/FDownloader.net-646593819757109720p.mp4\">https:\/\/fips.unsa.edu.pe\/telecomunicaciones\/wp-content\/uploads\/sites\/7\/2023\/03\/FDownloader.net-646593819757109720p.mp4<\/a><\/video><\/div>\n<p>&nbsp;<\/p>\n<p><a class=\"btn btn-primary btn-lg\" role=\"button\" href=\"https:\/\/fips.unsa.edu.pe\/telecomunicaciones\/plan-de-estudios\/\">Plan de Estudios 2025<\/a><a class=\"btn btn-default btn-lg\" style=\"margin-left: 10px\" role=\"button\" href=\"https:\/\/fips.unsa.edu.pe\/telecomunicaciones\/presentacion\/\">Conoce la Escuela<\/a><\/p>\n<p><a id=\"modificacion-plan-estudios\" class=\"btn btn-success\" style=\"align-items: center\" href=\"https:\/\/fips.unsa.edu.pe\/telecomunicaciones\/wp-content\/uploads\/sites\/7\/2023\/11\/RESOLUCIO\u0301N-VICERRECTORAL-226-2023-VR.AC-MODIFICACION-PLAN-ESTUDIOS-2017-ESC-TELECOMUN.-1.pdf\" target=\"_blank\" rel=\"noopener\">MODIFICACION PLAN ESTUDIOS 2017<\/a>\n<\/div>\n<\/div>\n<div class=\"row\">\n<div class=\"col-md-12\">\n<h3 class=\"h3bolgran\">\u00bfPor qu\u00e9 elegir Telecomunicaciones en la UNSA?<\/h3>\n<p>Nuestra formaci\u00f3n est\u00e1 dise\u00f1ada para enfrentar los desaf\u00edos de un mundo globalizado y en constante cambio tecnol\u00f3gico.\n<\/p><\/div>\n<div class=\"col-md-4\">\n<div class=\"text-center\" style=\"padding: 15px\">\n<h3 class=\"h3tit\">Acreditaci\u00f3n de Calidad<\/h3>\n<p>Programa acreditado por ICACIT, garantizando una educaci\u00f3n que cumple con los m\u00e1s altos est\u00e1ndares nacionales e internacionales.\n<\/p><\/div>\n<\/div>\n<div class=\"col-md-4\">\n<div class=\"text-center\" style=\"padding: 15px\">\n<h3 class=\"h3tit\">Infraestructura Moderna<\/h3>\n<p>Laboratorios equipados para el aprendizaje pr\u00e1ctico en redes, sistemas embebidos, y procesamiento de se\u00f1ales.\n<\/p><\/div>\n<\/div>\n<div class=\"col-md-4\">\n<div class=\"text-center\" style=\"padding: 15px\">\n<h3 class=\"h3tit\">Campo Ocupacional Amplio<\/h3>\n<p>Nuestros egresados se desempe\u00f1an con \u00e9xito en empresas de servicios, entidades p\u00fablicas, consultor\u00eda, y en el desarrollo de innovaci\u00f3n tecnol\u00f3gica.\n<\/p><\/div>\n<\/div>\n<\/div>\n<div class=\"row\" style=\"margin-top: 10px\">\n<div class=\"col-md-12\">\n<h3 class=\"h3bolgran\">Explora Nuestra Infraestructura<\/h3>\n<p>Sum\u00e9rgete en nuestros laboratorios especializados, el coraz\u00f3n de la formaci\u00f3n pr\u00e1ctica y la investigaci\u00f3n de vanguardia.\n<\/p><\/div>\n<\/div>\n<div class=\"text-center\" style=\"margin-top: 10px;margin-bottom: 20px\"><a class=\"btn btn-guinda\" href=\"https:\/\/fips.unsa.edu.pe\/telecomunicaciones\/infraestructura\/\">Ver toda la infraestructura<\/a><\/div>\n","protected":false},"excerpt":{"rendered":"<p>La Ingenier\u00eda en Telecomunicaciones es una rama de la ingenier\u00eda que se dedica a plantear soluciones a problemas relacionados con la transmisi\u00f3n y recepci\u00f3n de se\u00f1ales, con el objeto de integrar redes usando conductores el\u00e9ctricos, medios electromagn\u00e9ticos y \u00f3pticos&#8230;.\u00a0 leer m\u00e1s. https:\/\/fips.unsa.edu.pe\/telecomunicaciones\/wp-content\/uploads\/sites\/7\/2023\/03\/FDownloader.net-646593819757109720p.mp4 &nbsp; Plan de Estudios 2025Conoce la Escuela MODIFICACION PLAN ESTUDIOS 2017 \u00bfPor qu\u00e9 [&hellip;]<\/p>\n","protected":false},"author":1,"featured_media":0,"parent":0,"menu_order":0,"comment_status":"closed","ping_status":"closed","template":"","meta":{"footnotes":""},"class_list":["post-1466","page","type-page","status-publish","hentry"],"_links":{"self":[{"href":"https:\/\/fips.unsa.edu.pe\/telecomunicaciones\/wp-json\/wp\/v2\/pages\/1466","targetHints":{"allow":["GET"]}}],"collection":[{"href":"https:\/\/fips.unsa.edu.pe\/telecomunicaciones\/wp-json\/wp\/v2\/pages"}],"about":[{"href":"https:\/\/fips.unsa.edu.pe\/telecomunicaciones\/wp-json\/wp\/v2\/types\/page"}],"author":[{"embeddable":true,"href":"https:\/\/fips.unsa.edu.pe\/telecomunicaciones\/wp-json\/wp\/v2\/users\/1"}],"replies":[{"embeddable":true,"href":"https:\/\/fips.unsa.edu.pe\/telecomunicaciones\/wp-json\/wp\/v2\/comments?post=1466"}],"version-history":[{"count":202,"href":"https:\/\/fips.unsa.edu.pe\/telecomunicaciones\/wp-json\/wp\/v2\/pages\/1466\/revisions"}],"predecessor-version":[{"id":2765,"href":"https:\/\/fips.unsa.edu.pe\/telecomunicaciones\/wp-json\/wp\/v2\/pages\/1466\/revisions\/2765"}],"wp:attachment":[{"href":"https:\/\/fips.unsa.edu.pe\/telecomunicaciones\/wp-json\/wp\/v2\/media?parent=1466"}],"curies":[{"name":"wp","href":"https:\/\/api.w.org\/{rel}","templated":true}]}}