{"id":1378,"date":"2020-07-14T20:09:56","date_gmt":"2020-07-15T01:09:56","guid":{"rendered":"https:\/\/fips.unsa.edu.pe\/telecomunicaciones\/?page_id=1378"},"modified":"2025-08-23T17:38:18","modified_gmt":"2025-08-23T22:38:18","slug":"perfil-del-postulantes","status":"publish","type":"page","link":"https:\/\/fips.unsa.edu.pe\/telecomunicaciones\/perfil-del-postulantes\/","title":{"rendered":"Perfil del Postulante"},"content":{"rendered":"<p>El postulante a la Escuela Profesional de Ingenier\u00eda en Telecomunicaciones (EPIT) de la UNSA, debe tener el siguiente perfil:<\/p>\n<ul>\n<li>Haber concluido en forma satisfactoria los estudios escolares, t\u00e9cnica o pedag\u00f3gica.<\/li>\n<li>Evidenciar habilidades y capacidades para el an\u00e1lisis, la s\u00edntesis, la inducci\u00f3n y la deducci\u00f3n l\u00f3gica.<\/li>\n<li>Habilidad para el razonamiento l\u00f3gico y ordenado y capacidad de an\u00e1lisis para relacionar problemas matem\u00e1ticos y f\u00edsicos con tem\u00e1ticas de tecnolog\u00edas.<\/li>\n<li>Demostrar capacidades b\u00e1sicas de trabajo en equipo, capacidad autodidacta, actitud cr\u00edtica constructiva y participaci\u00f3n en proyectos de desarrollo tecnol\u00f3gico.<\/li>\n<li>Manifestar inter\u00e9s por la tecnolog\u00eda, la innovaci\u00f3n y las aplicaciones de tecnolog\u00eda de informaci\u00f3n y comunicaciones (TIC).<\/li>\n<li>Motivado por la investigaci\u00f3n, buscando desarrollar sus capacidades para lograr el desarrollo de tecnolog\u00edas de telecomunicaciones.<\/li>\n<li>Tener capacidad para adaptarse a cambios tecnol\u00f3gicos y desarrollar sus habilidades intelectuales y creativas durante el proceso de formaci\u00f3n profesional en ingenier\u00eda en telecomunicaciones.<\/li>\n<\/ul>\n<p><iframe loading=\"lazy\" title=\"IX FERIA DE ORIENTACI\u00d3N PROFESIONAL, CARRERA: INGENIER\u00cdA DE TELECOMUNICACIONES\" width=\"500\" height=\"281\" src=\"https:\/\/www.youtube.com\/embed\/HsGgGW59zb0?feature=oembed\" frameborder=\"0\" allow=\"accelerometer; autoplay; clipboard-write; encrypted-media; gyroscope; picture-in-picture; web-share\" referrerpolicy=\"strict-origin-when-cross-origin\" allowfullscreen><\/iframe><\/p>\n","protected":false},"excerpt":{"rendered":"<p>El postulante a la Escuela Profesional de Ingenier\u00eda en Telecomunicaciones (EPIT) de la UNSA, debe tener el siguiente perfil: Haber concluido en forma satisfactoria los estudios escolares, t\u00e9cnica o pedag\u00f3gica. Evidenciar habilidades y capacidades para el an\u00e1lisis, la s\u00edntesis, la inducci\u00f3n y la deducci\u00f3n l\u00f3gica. Habilidad para el razonamiento l\u00f3gico y ordenado y capacidad de [&hellip;]<\/p>\n","protected":false},"author":1,"featured_media":1234,"parent":0,"menu_order":0,"comment_status":"closed","ping_status":"closed","template":"","meta":{"footnotes":""},"class_list":["post-1378","page","type-page","status-publish","has-post-thumbnail","hentry"],"_links":{"self":[{"href":"https:\/\/fips.unsa.edu.pe\/telecomunicaciones\/wp-json\/wp\/v2\/pages\/1378","targetHints":{"allow":["GET"]}}],"collection":[{"href":"https:\/\/fips.unsa.edu.pe\/telecomunicaciones\/wp-json\/wp\/v2\/pages"}],"about":[{"href":"https:\/\/fips.unsa.edu.pe\/telecomunicaciones\/wp-json\/wp\/v2\/types\/page"}],"author":[{"embeddable":true,"href":"https:\/\/fips.unsa.edu.pe\/telecomunicaciones\/wp-json\/wp\/v2\/users\/1"}],"replies":[{"embeddable":true,"href":"https:\/\/fips.unsa.edu.pe\/telecomunicaciones\/wp-json\/wp\/v2\/comments?post=1378"}],"version-history":[{"count":13,"href":"https:\/\/fips.unsa.edu.pe\/telecomunicaciones\/wp-json\/wp\/v2\/pages\/1378\/revisions"}],"predecessor-version":[{"id":2723,"href":"https:\/\/fips.unsa.edu.pe\/telecomunicaciones\/wp-json\/wp\/v2\/pages\/1378\/revisions\/2723"}],"wp:featuredmedia":[{"embeddable":true,"href":"https:\/\/fips.unsa.edu.pe\/telecomunicaciones\/wp-json\/wp\/v2\/media\/1234"}],"wp:attachment":[{"href":"https:\/\/fips.unsa.edu.pe\/telecomunicaciones\/wp-json\/wp\/v2\/media?parent=1378"}],"curies":[{"name":"wp","href":"https:\/\/api.w.org\/{rel}","templated":true}]}}