{"id":1276,"date":"2018-07-05T15:45:52","date_gmt":"2018-07-05T20:45:52","guid":{"rendered":"https:\/\/fips.unsa.edu.pe\/telecomunicaciones\/?page_id=1276"},"modified":"2023-03-29T16:43:49","modified_gmt":"2023-03-29T21:43:49","slug":"competencias-de-la-carrera","status":"publish","type":"page","link":"https:\/\/fips.unsa.edu.pe\/telecomunicaciones\/competencias-de-la-carrera\/","title":{"rendered":"Competencias de la Carrera"},"content":{"rendered":"<style>\/*! elementor - v3.11.2 - 22-02-2023 *\/\n.elementor-heading-title{padding:0;margin:0;line-height:1}.elementor-widget-heading .elementor-heading-title[class*=elementor-size-]>a{color:inherit;font-size:inherit;line-height:inherit}.elementor-widget-heading .elementor-heading-title.elementor-size-small{font-size:15px}.elementor-widget-heading .elementor-heading-title.elementor-size-medium{font-size:19px}.elementor-widget-heading .elementor-heading-title.elementor-size-large{font-size:29px}.elementor-widget-heading .elementor-heading-title.elementor-size-xl{font-size:39px}.elementor-widget-heading .elementor-heading-title.elementor-size-xxl{font-size:59px}<\/style>\n<h2>NUEVAS COMPETENCIAS GENERALES EPIT-2023<\/h2>\n<style>\/*! elementor - v3.11.2 - 22-02-2023 *\/\n.elementor-widget-divider{--divider-border-style:none;--divider-border-width:1px;--divider-color:#2c2c2c;--divider-icon-size:20px;--divider-element-spacing:10px;--divider-pattern-height:24px;--divider-pattern-size:20px;--divider-pattern-url:none;--divider-pattern-repeat:repeat-x}.elementor-widget-divider .elementor-divider{display:flex}.elementor-widget-divider .elementor-divider__text{font-size:15px;line-height:1;max-width:95%}.elementor-widget-divider .elementor-divider__element{margin:0 var(--divider-element-spacing);flex-shrink:0}.elementor-widget-divider .elementor-icon{font-size:var(--divider-icon-size)}.elementor-widget-divider .elementor-divider-separator{display:flex;margin:0;direction:ltr}.elementor-widget-divider--view-line_icon .elementor-divider-separator,.elementor-widget-divider--view-line_text .elementor-divider-separator{align-items:center}.elementor-widget-divider--view-line_icon .elementor-divider-separator:after,.elementor-widget-divider--view-line_icon .elementor-divider-separator:before,.elementor-widget-divider--view-line_text .elementor-divider-separator:after,.elementor-widget-divider--view-line_text .elementor-divider-separator:before{display:block;content:\"\";border-bottom:0;flex-grow:1;border-top:var(--divider-border-width) var(--divider-border-style) var(--divider-color)}.elementor-widget-divider--element-align-left .elementor-divider .elementor-divider-separator>.elementor-divider__svg:first-of-type{flex-grow:0;flex-shrink:100}.elementor-widget-divider--element-align-left .elementor-divider-separator:before{content:none}.elementor-widget-divider--element-align-left .elementor-divider__element{margin-left:0}.elementor-widget-divider--element-align-right .elementor-divider .elementor-divider-separator>.elementor-divider__svg:last-of-type{flex-grow:0;flex-shrink:100}.elementor-widget-divider--element-align-right .elementor-divider-separator:after{content:none}.elementor-widget-divider--element-align-right .elementor-divider__element{margin-right:0}.elementor-widget-divider:not(.elementor-widget-divider--view-line_text):not(.elementor-widget-divider--view-line_icon) .elementor-divider-separator{border-top:var(--divider-border-width) var(--divider-border-style) var(--divider-color)}.elementor-widget-divider--separator-type-pattern{--divider-border-style:none}.elementor-widget-divider--separator-type-pattern.elementor-widget-divider--view-line .elementor-divider-separator,.elementor-widget-divider--separator-type-pattern:not(.elementor-widget-divider--view-line) .elementor-divider-separator:after,.elementor-widget-divider--separator-type-pattern:not(.elementor-widget-divider--view-line) .elementor-divider-separator:before,.elementor-widget-divider--separator-type-pattern:not([class*=elementor-widget-divider--view]) .elementor-divider-separator{width:100%;min-height:var(--divider-pattern-height);-webkit-mask-size:var(--divider-pattern-size) 100%;mask-size:var(--divider-pattern-size) 100%;-webkit-mask-repeat:var(--divider-pattern-repeat);mask-repeat:var(--divider-pattern-repeat);background-color:var(--divider-color);-webkit-mask-image:var(--divider-pattern-url);mask-image:var(--divider-pattern-url)}.elementor-widget-divider--no-spacing{--divider-pattern-size:auto}.elementor-widget-divider--bg-round{--divider-pattern-repeat:round}.rtl .elementor-widget-divider .elementor-divider__text{direction:rtl}.e-con-inner>.elementor-widget-divider,.e-con>.elementor-widget-divider{width:var(--container-widget-width,100%);--flex-grow:var(--container-widget-flex-grow)}<\/style>\n<style>\/*! elementor - v3.11.2 - 22-02-2023 *\/\n.elementor-column .elementor-spacer-inner{height:var(--spacer-size)}.e-con{--container-widget-width:100%}.e-con-inner>.elementor-widget-spacer,.e-con>.elementor-widget-spacer{width:var(--container-widget-width,var(--spacer-size));--align-self:var(--container-widget-align-self,initial);--flex-shrink:0}.e-con-inner>.elementor-widget-spacer>.elementor-widget-container,.e-con-inner>.elementor-widget-spacer>.elementor-widget-container>.elementor-spacer,.e-con>.elementor-widget-spacer>.elementor-widget-container,.e-con>.elementor-widget-spacer>.elementor-widget-container>.elementor-spacer{height:100%}.e-con-inner>.elementor-widget-spacer>.elementor-widget-container>.elementor-spacer>.elementor-spacer-inner,.e-con>.elementor-widget-spacer>.elementor-widget-container>.elementor-spacer>.elementor-spacer-inner{height:var(--container-widget-height,var(--spacer-size))}<\/style>\n<ol>\n<li><strong>Analiza y aplica<\/strong> conocimientos de ingenier\u00eda, matem\u00e1ticas y ciencias para comprender los algoritmos, propiedades, teoremas, postulados y razonamiento l\u00f3gico matem\u00e1tico a fin de dar soluciones a los problemas complejos de ingenier\u00eda en telecomunicaciones utilizando herramientas tecnol\u00f3gicas modernas<br \/><strong>_____________________<\/strong><\/li>\n<li><strong>Analiza problemas<\/strong> complejos de ingenier\u00eda; identificando, formulando y buscando informaci\u00f3n con el fin de resolver problemas relacionados con ingenier\u00eda en telecomunicaciones a trav\u00e9s del dise\u00f1o e implementaci\u00f3n de proyectos.<br \/><strong>_____________________<\/strong><\/li>\n<li><strong>Dise\u00f1a y desarrolla<\/strong> soluciones para satisfacer necesidades espec\u00edficas de ingenier\u00eda en telecomunicaciones, considerando las restricciones en salud p\u00fablica, seguridad, cultural, social, econ\u00f3mico, ambiental, entre otros; demostrando responsabilidad, eficacia y coherencia en los resultados obtenidos.<br \/><strong>_____________________<\/strong><\/li>\n<li><strong>Indaga y analiza<\/strong> problemas complejos de ingenier\u00eda demostrando capacidad de an\u00e1lisis, s\u00edntesis e interpretaci\u00f3n de la informaci\u00f3n con la finalidad de producir conclusiones validas mediante la aplicaci\u00f3n de la investigaci\u00f3n cient\u00edfica.<br \/><strong>_____________________<\/strong><\/li>\n<li><strong>Desarrolla, selecciona<\/strong> y utiliza herramientas modernas de la ingenier\u00eda en sus actividades de aprendizaje, para la predicci\u00f3n y modelamiento de los sistemas de telecomunicaciones de acuerdo a su grado de complejidad.<br \/><strong>_____________________<\/strong><\/li>\n<li><strong>Identifica la problem\u00e1tica<\/strong> social que involucre a las telecomunicaciones demostrando capacidad para proponer soluciones considerando los \u00e1mbitos sociales, legales, culturales, econ\u00f3micos, medioambientales, entre otros; contribuyendo al desarrollo sostenible de la sociedad.<br \/><strong>_____________________<\/strong><\/li>\n<li><strong>Comprende y eval\u00faa<\/strong> de manera integral estrategias de soluciones en favor del impacto al medio ambiente y la sostenibilidad, considerando las pol\u00edticas p\u00fablicas en un contexto global, econ\u00f3mico, ambiental y social.<br \/><strong>_____________________<\/strong><\/li>\n<li><strong>Aplica los principios<\/strong> \u00e9ticos demostrando una conducta coherente con la responsabilidad profesional a fin de cumplir y respetar los valores y principios morales, haciendo uso del marco normativo en la pr\u00e1ctica de la ingenier\u00eda.<br \/><strong>_____________________<\/strong><\/li>\n<li><strong>Realiza trabajo<\/strong> individual y en equipo eficazmente como individuo, miembro o l\u00edder aplicando sus conocimientos en un ambiente diverso, colaborativo e inclusivo a trav\u00e9s del uso de estrategias participativas.<br \/><strong>_____________________<\/strong><\/li>\n<li><strong>Se comunica de manera<\/strong> efectiva en la elaboraci\u00f3n de informes, documentos, exposiciones, instrucciones, entre otros; usando los medios adecuados para la mejor transmisi\u00f3n y recepci\u00f3n de la informaci\u00f3n.<br \/><strong>_____________________<\/strong><\/li>\n<li><strong>Desarrolla proyectos<\/strong> de ingenier\u00eda con capacidad de gesti\u00f3n y toma de decisi\u00f3n en equipos de trabajo, a trav\u00e9s de un proceso de planificaci\u00f3n, ejecuci\u00f3n, control y evaluaci\u00f3n de proyectos de ingenier\u00eda en telecomunicaciones.<br \/><strong>_____________________<\/strong><\/li>\n<li><strong>Adquiere y aplica nuevos c<\/strong>onocimientos de manera permanente con el prop\u00f3sito de mantenerse vigente en el contexto de los cambios tecnol\u00f3gicos usando estrategias de aprendizaje diversas.<\/li>\n<\/ol>\n","protected":false},"excerpt":{"rendered":"<p>NUEVAS COMPETENCIAS GENERALES EPIT-2023 Analiza y aplica conocimientos de ingenier\u00eda, matem\u00e1ticas y ciencias para comprender los algoritmos, propiedades, teoremas, postulados y razonamiento l\u00f3gico matem\u00e1tico a fin de dar soluciones a los problemas complejos de ingenier\u00eda en telecomunicaciones utilizando herramientas tecnol\u00f3gicas modernas_____________________ Analiza problemas complejos de ingenier\u00eda; identificando, formulando y buscando informaci\u00f3n con el fin de [&hellip;]<\/p>\n","protected":false},"author":1,"featured_media":1236,"parent":0,"menu_order":0,"comment_status":"closed","ping_status":"closed","template":"elementor_header_footer","meta":{"footnotes":""},"class_list":["post-1276","page","type-page","status-publish","has-post-thumbnail","hentry"],"_links":{"self":[{"href":"https:\/\/fips.unsa.edu.pe\/telecomunicaciones\/wp-json\/wp\/v2\/pages\/1276","targetHints":{"allow":["GET"]}}],"collection":[{"href":"https:\/\/fips.unsa.edu.pe\/telecomunicaciones\/wp-json\/wp\/v2\/pages"}],"about":[{"href":"https:\/\/fips.unsa.edu.pe\/telecomunicaciones\/wp-json\/wp\/v2\/types\/page"}],"author":[{"embeddable":true,"href":"https:\/\/fips.unsa.edu.pe\/telecomunicaciones\/wp-json\/wp\/v2\/users\/1"}],"replies":[{"embeddable":true,"href":"https:\/\/fips.unsa.edu.pe\/telecomunicaciones\/wp-json\/wp\/v2\/comments?post=1276"}],"version-history":[{"count":56,"href":"https:\/\/fips.unsa.edu.pe\/telecomunicaciones\/wp-json\/wp\/v2\/pages\/1276\/revisions"}],"predecessor-version":[{"id":2458,"href":"https:\/\/fips.unsa.edu.pe\/telecomunicaciones\/wp-json\/wp\/v2\/pages\/1276\/revisions\/2458"}],"wp:featuredmedia":[{"embeddable":true,"href":"https:\/\/fips.unsa.edu.pe\/telecomunicaciones\/wp-json\/wp\/v2\/media\/1236"}],"wp:attachment":[{"href":"https:\/\/fips.unsa.edu.pe\/telecomunicaciones\/wp-json\/wp\/v2\/media?parent=1276"}],"curies":[{"name":"wp","href":"https:\/\/api.w.org\/{rel}","templated":true}]}}