{"id":1271,"date":"2018-07-05T15:40:04","date_gmt":"2018-07-05T20:40:04","guid":{"rendered":"https:\/\/fips.unsa.edu.pe\/telecomunicaciones\/?page_id=1271"},"modified":"2025-08-23T17:05:27","modified_gmt":"2025-08-23T22:05:27","slug":"presentacion","status":"publish","type":"page","link":"https:\/\/fips.unsa.edu.pe\/telecomunicaciones\/presentacion\/","title":{"rendered":"Presentaci\u00f3n"},"content":{"rendered":"<h2 style=\"text-align: left\"><strong>Escuela Profesional de Ingenier\u00eda en Telecomunicaciones<\/strong><\/h2>\n<p>La Ingenier\u00eda en Telecomunicaciones es una rama de la ingenier\u00eda que se dedica a plantear soluciones a problemas relacionados con la transmisi\u00f3n y recepci\u00f3n de se\u00f1ales, con el objeto de integrar redes usando conductores el\u00e9ctricos, medios electromagn\u00e9ticos y \u00f3pticos.<\/p>\n<p>La sociedad contempor\u00e1nea es una sociedad del conocimiento donde se tiene la necesidad de transferir datos e informaci\u00f3n donde la conectividad exige y demanda altas velocidades de transmisi\u00f3n, esto implica la disponibilidad de sistemas de telecomunicaciones con grandes anchos de banda. Adem\u00e1s, se tiene un escenario donde hay cambios continuos de tecnolog\u00eda que tambi\u00e9n exige la capacidad de facilitar transferencia tecnol\u00f3gica.<\/p>\n<p>La Escuela Profesional de Ingenier\u00eda en Telecomunicaciones, la que naci\u00f3 como consecuencia de la necesidad de nuestra Universidad de participar y liderar este cambio tecnol\u00f3gico en nuestra Regi\u00f3n, es el resultado de un amplio proceso de reflexi\u00f3n, debate y an\u00e1lisis en el que particip\u00f3 un conjunto de docentes, empresarios, profesionales y especialistas de las diversas ramas de la ingenier\u00eda. Es necesario tambi\u00e9n converger esfuerzos para poder disminuir la brecha digital.<\/p>\n<p><a class=\"btn btn-default\" style=\"align-items: center\" href=\"https:\/\/fips.unsa.edu.pe\/telecomunicaciones\/resena-historica\/\" target=\"_blank\" rel=\"noopener\">Conoce nuestra Rese\u00f1a Historia<\/a><\/p>\n<p><a class=\"btn btn-default\" style=\"align-items: center\" href=\"https:\/\/fips.unsa.edu.pe\/telecomunicaciones\/vision-y-mision\/\" target=\"_blank\" rel=\"noopener\">Conoce nuestra Misi\u00f3n<\/a><\/p>\n","protected":false},"excerpt":{"rendered":"<p>Escuela Profesional de Ingenier\u00eda en Telecomunicaciones La Ingenier\u00eda en Telecomunicaciones es una rama de la ingenier\u00eda que se dedica a plantear soluciones a problemas relacionados con la transmisi\u00f3n y recepci\u00f3n de se\u00f1ales, con el objeto de integrar redes usando conductores el\u00e9ctricos, medios electromagn\u00e9ticos y \u00f3pticos. La sociedad contempor\u00e1nea es una sociedad del conocimiento donde se [&hellip;]<\/p>\n","protected":false},"author":1,"featured_media":1234,"parent":0,"menu_order":0,"comment_status":"closed","ping_status":"closed","template":"","meta":{"footnotes":""},"class_list":["post-1271","page","type-page","status-publish","has-post-thumbnail","hentry"],"_links":{"self":[{"href":"https:\/\/fips.unsa.edu.pe\/telecomunicaciones\/wp-json\/wp\/v2\/pages\/1271","targetHints":{"allow":["GET"]}}],"collection":[{"href":"https:\/\/fips.unsa.edu.pe\/telecomunicaciones\/wp-json\/wp\/v2\/pages"}],"about":[{"href":"https:\/\/fips.unsa.edu.pe\/telecomunicaciones\/wp-json\/wp\/v2\/types\/page"}],"author":[{"embeddable":true,"href":"https:\/\/fips.unsa.edu.pe\/telecomunicaciones\/wp-json\/wp\/v2\/users\/1"}],"replies":[{"embeddable":true,"href":"https:\/\/fips.unsa.edu.pe\/telecomunicaciones\/wp-json\/wp\/v2\/comments?post=1271"}],"version-history":[{"count":36,"href":"https:\/\/fips.unsa.edu.pe\/telecomunicaciones\/wp-json\/wp\/v2\/pages\/1271\/revisions"}],"predecessor-version":[{"id":2721,"href":"https:\/\/fips.unsa.edu.pe\/telecomunicaciones\/wp-json\/wp\/v2\/pages\/1271\/revisions\/2721"}],"wp:featuredmedia":[{"embeddable":true,"href":"https:\/\/fips.unsa.edu.pe\/telecomunicaciones\/wp-json\/wp\/v2\/media\/1234"}],"wp:attachment":[{"href":"https:\/\/fips.unsa.edu.pe\/telecomunicaciones\/wp-json\/wp\/v2\/media?parent=1271"}],"curies":[{"name":"wp","href":"https:\/\/api.w.org\/{rel}","templated":true}]}}