{"id":1253,"date":"2018-06-04T16:17:08","date_gmt":"2018-06-04T21:17:08","guid":{"rendered":"https:\/\/fips.unsa.edu.pe\/telecomunicaciones\/?page_id=1253"},"modified":"2025-02-07T23:39:00","modified_gmt":"2025-02-08T04:39:00","slug":"infraestructura","status":"publish","type":"page","link":"https:\/\/fips.unsa.edu.pe\/telecomunicaciones\/infraestructura\/","title":{"rendered":"Infraestructura"},"content":{"rendered":"<div class=\"list-group\">\n<section class=\"list-group-item\"><a href=\"https:\/\/fips.unsa.edu.pe\/telecomunicaciones\/wp-content\/uploads\/sites\/7\/2023\/03\/tele-1.png\"><img loading=\"lazy\" decoding=\"async\" class=\"img-responsive img-rounded aligncenter\" src=\"https:\/\/fips.unsa.edu.pe\/telecomunicaciones\/wp-content\/uploads\/sites\/7\/2023\/03\/tele-1.png\" alt=\"\" width=\"4918\" height=\"2876\" \/><\/a><\/p>\n<h2 style=\"text-align: center\"><strong>Infraestructura\u00a0de la EPIT<\/strong><\/h2>\n<p style=\"text-align: justify\">Desde 2021, el pabell\u00f3n de la Escuela Profesional de Ingenier\u00eda en Telecomunicaciones cuenta con la siguiente infraestructura:<\/p>\n<div class=\"\">\n<table class=\"table table-striped table-bordered\">\n<tbody>\n<tr>\n<td colspan=\"4\" width=\"359\"><strong>PABELL\u00d3N DE INGENIER\u00cdA EN TELECOMUNICACIONES<\/strong><\/td>\n<\/tr>\n<tr>\n<td width=\"66\"><strong>C\u00f3digo de ambiente<\/strong><\/td>\n<td width=\"57\"><strong>Piso<\/strong><\/td>\n<td width=\"198\"><strong>Tipo de ambiente<\/strong><\/td>\n<td width=\"38\"><strong>Aforo<\/strong><\/td>\n<\/tr>\n<tr>\n<td width=\"66\">26.5 \u2013 101<\/td>\n<td width=\"57\">1er. Piso<\/td>\n<td width=\"198\">SAL\u00d3N DE GRADOS<\/td>\n<td width=\"38\">20<\/td>\n<\/tr>\n<tr>\n<td width=\"66\">26.5 \u2013 102<\/td>\n<td width=\"57\">1er. Piso<\/td>\n<td width=\"198\">AULA 102<\/td>\n<td width=\"38\">40<\/td>\n<\/tr>\n<tr>\n<td width=\"66\">26.5 \u2013 103<\/td>\n<td width=\"57\">1er. Piso<\/td>\n<td width=\"198\">AULA 103<\/td>\n<td width=\"38\">40<\/td>\n<\/tr>\n<tr>\n<td width=\"66\">26.5 \u2013 104<\/td>\n<td width=\"57\">1er. Piso<\/td>\n<td width=\"198\">AULA 101<\/td>\n<td width=\"38\">40<\/td>\n<\/tr>\n<tr>\n<td width=\"66\">26.5 \u2013 105<\/td>\n<td width=\"57\">1er. Piso<\/td>\n<td width=\"198\">SS.HH. DAMAS<\/td>\n<td width=\"38\"><\/td>\n<\/tr>\n<tr>\n<td width=\"66\">26.5 \u2013 106<\/td>\n<td width=\"57\">1er. Piso<\/td>\n<td width=\"198\">SS.HH. DISCAPACITADOS<\/td>\n<td width=\"38\"><\/td>\n<\/tr>\n<tr>\n<td width=\"66\">26.5 \u2013 107<\/td>\n<td width=\"57\">1er. Piso<\/td>\n<td width=\"198\">SS.HH. DOCENTES VARONES<\/td>\n<td width=\"38\"><\/td>\n<\/tr>\n<tr>\n<td width=\"66\">26.5 \u2013 108<\/td>\n<td width=\"57\">1er. Piso<\/td>\n<td width=\"198\">SS.HH. DOCENTES DAMAS<\/td>\n<td width=\"38\"><\/td>\n<\/tr>\n<tr>\n<td width=\"66\">26.5 \u2013 109<\/td>\n<td width=\"57\">1er. Piso<\/td>\n<td width=\"198\">DEP\u00d3SITO<\/td>\n<td width=\"38\"><\/td>\n<\/tr>\n<\/tbody>\n<\/table>\n<table class=\"table table-striped table-bordered\">\n<tbody>\n<tr>\n<td colspan=\"4\" width=\"359\"><strong>PABELL\u00d3N DE INGENIER\u00cdA EN TELECOMUNICACIONES<\/strong><\/td>\n<\/tr>\n<tr>\n<td width=\"66\"><strong>C\u00f3digo de ambiente<\/strong><\/td>\n<td width=\"57\"><strong>Piso<\/strong><\/td>\n<td width=\"198\"><strong>Tipo de ambiente<\/strong><\/td>\n<td width=\"38\"><strong>Aforo<\/strong><\/td>\n<\/tr>\n<tr>\n<td width=\"66\">26.5 \u2013 201<\/p>\n<p>SL01LA229<\/td>\n<td width=\"57\">2do. Piso<\/td>\n<td width=\"198\">LABORATORIO DE L\u00cdNEAS DE TRANSMISI\u00d3N Y ANTENAS<\/td>\n<td width=\"38\">20<\/td>\n<\/tr>\n<tr>\n<td width=\"66\">26.5 \u2013 202<\/p>\n<p>SL01LA230<\/td>\n<td width=\"57\">2do. Piso<\/td>\n<td width=\"198\">LABORATORIO DE COMUNICACIONES \u00d3PTICAS<\/td>\n<td width=\"38\">20<\/td>\n<\/tr>\n<tr>\n<td width=\"66\">26.5 \u2013 203<\/td>\n<td width=\"57\">2do. Piso<\/td>\n<td width=\"198\">AULA 201<\/td>\n<td width=\"38\">40<\/td>\n<\/tr>\n<tr>\n<td width=\"66\">26.5 \u2013 204<\/td>\n<td width=\"57\">2do. Piso<\/td>\n<td width=\"198\">AULA 202<\/td>\n<td width=\"38\">40<\/td>\n<\/tr>\n<tr>\n<td width=\"66\">26.5 \u2013 205<\/td>\n<td width=\"57\">2do. Piso<\/td>\n<td width=\"198\">SS.HH. VARONES<\/td>\n<td width=\"38\"><\/td>\n<\/tr>\n<tr>\n<td width=\"66\">26.5 \u2013 206<\/td>\n<td width=\"57\">2do. Piso<\/td>\n<td width=\"198\">CUARTO DE LIMPIEZA<\/td>\n<td width=\"38\"><\/td>\n<\/tr>\n<tr>\n<td width=\"66\">26.5 \u2013 207<\/td>\n<td width=\"57\">2do. Piso<\/td>\n<td width=\"198\">SS.HH. DOCENTES VARONES<\/td>\n<td width=\"38\"><\/td>\n<\/tr>\n<tr>\n<td width=\"66\">26.5 \u2013 208<\/td>\n<td width=\"57\">2do. Piso<\/td>\n<td width=\"198\">DEP\u00d3SITO<\/td>\n<td width=\"38\"><\/td>\n<\/tr>\n<\/tbody>\n<\/table>\n<table class=\"table table-striped table-bordered\">\n<tbody>\n<tr>\n<td colspan=\"4\" width=\"359\"><strong>PABELL\u00d3N DE INGENIER\u00cdA EN TELECOMUNICACIONES<\/strong><\/td>\n<\/tr>\n<tr>\n<td width=\"66\"><strong>C\u00f3digo de ambiente<\/strong><\/td>\n<td width=\"57\"><strong>Piso<\/strong><\/td>\n<td width=\"198\"><strong>Tipo de ambiente<\/strong><\/td>\n<td width=\"38\"><strong>Aforo<\/strong><\/td>\n<\/tr>\n<tr>\n<td width=\"66\">26.5 \u2013 301<\/p>\n<p>SL01LA232<\/td>\n<td width=\"57\">3er. Piso<\/td>\n<td width=\"198\">LABORATORIO DE COMUNICACIONES INAL\u00c1MBRICAS<\/td>\n<td width=\"38\">20<\/td>\n<\/tr>\n<tr>\n<td width=\"66\">26.5 \u2013 302<\/p>\n<p>SL01LA231<\/td>\n<td width=\"57\">3er. Piso<\/td>\n<td width=\"198\">LABORATORIO DE TELEM\u00c1TICA<\/td>\n<td width=\"38\">20<\/td>\n<\/tr>\n<tr>\n<td width=\"66\">26.5 \u2013 303<\/td>\n<td width=\"57\">3er. Piso<\/td>\n<td width=\"198\">AULA 301<\/td>\n<td width=\"38\">40<\/td>\n<\/tr>\n<tr>\n<td width=\"66\">26.5 \u2013 304<\/td>\n<td width=\"57\">3er. Piso<\/td>\n<td width=\"198\">AULA 302<\/td>\n<td width=\"38\">40<\/td>\n<\/tr>\n<tr>\n<td width=\"66\">26.5 \u2013 305<\/td>\n<td width=\"57\">3er. Piso<\/td>\n<td width=\"198\">SS.HH. DAMAS<\/td>\n<td width=\"38\"><\/td>\n<\/tr>\n<tr>\n<td width=\"66\">26.5 \u2013 306<\/td>\n<td width=\"57\">3er. Piso<\/td>\n<td width=\"198\">SS-HH. DOCENTES DAMAS<\/td>\n<td width=\"38\"><\/td>\n<\/tr>\n<tr>\n<td width=\"66\">26.5 \u2013 307<\/td>\n<td width=\"57\">3er. Piso<\/td>\n<td width=\"198\">CUARTO DE LIMPIEZA<\/td>\n<td width=\"38\"><\/td>\n<\/tr>\n<tr>\n<td width=\"66\">26.5 \u2013 308<\/td>\n<td width=\"57\">3er. Piso<\/td>\n<td width=\"198\">DEP\u00d3SITO<\/td>\n<td width=\"38\"><\/td>\n<\/tr>\n<\/tbody>\n<\/table>\n<table class=\"table table-striped table-bordered\">\n<tbody>\n<tr>\n<td colspan=\"4\" width=\"359\"><strong>PABELL\u00d3N DE INGENIER\u00cdA EN TELECOMUNICACIONES<\/strong><\/td>\n<\/tr>\n<tr>\n<td width=\"66\"><strong>C\u00f3digo de ambiente<\/strong><\/td>\n<td width=\"57\"><strong>Piso<\/strong><\/td>\n<td width=\"198\"><strong>Tipo de ambiente<\/strong><\/td>\n<td width=\"38\"><strong>Aforo<\/strong><\/td>\n<\/tr>\n<tr>\n<td width=\"66\">26.5 \u2013 401<\/td>\n<td width=\"57\">4to. Piso<\/td>\n<td width=\"198\">ASISTENTE CALIDAD<\/td>\n<td width=\"38\"><\/td>\n<\/tr>\n<tr>\n<td width=\"66\">26.5 \u2013\u00a0401-A<\/td>\n<td width=\"57\">4to. Piso<\/td>\n<td width=\"198\">JEFATURA CALIDAD<\/td>\n<td width=\"38\"><\/td>\n<\/tr>\n<tr>\n<td width=\"66\">26.5 \u2013 402<\/td>\n<td width=\"57\">4to. Piso<\/td>\n<td width=\"198\">PROYECCI\u00d3N SOCIAL<\/td>\n<td width=\"38\"><\/td>\n<\/tr>\n<tr>\n<td width=\"66\">26.5 \u2013\u00a0402-A<\/td>\n<td width=\"57\">4to. Piso<\/td>\n<td width=\"198\">CONTROL DE VIDEO VIGILANCIA<\/td>\n<td width=\"38\"><\/td>\n<\/tr>\n<tr>\n<td width=\"66\">26.5 \u2013 403<\/td>\n<td width=\"57\">4to. Piso<\/td>\n<td width=\"198\">SECRETAR\u00cdA DE LA ESCUELA DE INGENIER\u00cdA EN TELECOMUNICACIONES<\/td>\n<td width=\"38\"><\/td>\n<\/tr>\n<tr>\n<td width=\"66\">26.5\u00a0\u2013 403-A<\/td>\n<td width=\"57\">4to. Piso<\/td>\n<td width=\"198\">DIRECCI\u00d3N DE LA ESCUELA DE INGENIER\u00cdA EN TELECOMUNICACIONES<\/td>\n<td width=\"38\"><\/td>\n<\/tr>\n<tr>\n<td width=\"66\">26.5 \u2013 404<\/td>\n<td width=\"57\">4to. Piso<\/td>\n<td width=\"198\">TUTOR\u00cdA<\/td>\n<td width=\"38\"><\/td>\n<\/tr>\n<tr>\n<td width=\"66\">26.5 \u2013 405<\/td>\n<td width=\"57\">4to. Piso<\/td>\n<td width=\"198\">SALA DE PROFESORES<\/td>\n<td width=\"38\"><\/td>\n<\/tr>\n<tr>\n<td width=\"66\">26.5 \u2013 406<\/td>\n<td width=\"57\">4to. Piso<\/td>\n<td width=\"198\">SS.HH. VARONES<\/td>\n<td width=\"38\"><\/td>\n<\/tr>\n<tr>\n<td width=\"66\">26.5 \u2013 407<\/td>\n<td width=\"57\">4to. Piso<\/td>\n<td width=\"198\">SS.HH. DOCENTES VARONES<\/td>\n<td width=\"38\"><\/td>\n<\/tr>\n<tr>\n<td width=\"66\">26.5 \u2013 408<\/td>\n<td width=\"57\">4to. Piso<\/td>\n<td width=\"198\">DEP\u00d3SITO ARCHIVO<\/td>\n<td width=\"38\"><\/td>\n<\/tr>\n<tr>\n<td width=\"66\">26.5 \u2013 409<\/td>\n<td width=\"57\">4to. Piso<\/td>\n<td width=\"198\">DEP\u00d3SITO<\/td>\n<td width=\"38\"><\/td>\n<\/tr>\n<tr>\n<td width=\"66\">26.5 \u2013 501<\/td>\n<td width=\"57\">4to. Piso<\/td>\n<td width=\"198\">DEP\u00d3SITO<\/td>\n<td width=\"38\"><\/td>\n<\/tr>\n<\/tbody>\n<\/table>\n<\/div>\n<div class=\"hidden\"><a href=\"https:\/\/fips.unsa.edu.pe\/telecomunicaciones\/wp-content\/uploads\/sites\/7\/2025\/01\/Pabellon-EPIT-2024-Piso-1.png\"><img loading=\"lazy\" decoding=\"async\" class=\"img-responsive img-rounded hidden alignnone\" src=\"https:\/\/fips.unsa.edu.pe\/telecomunicaciones\/wp-content\/uploads\/sites\/7\/2025\/01\/Pabellon-EPIT-2024-Piso-1.png\" alt=\"\" width=\"567\" height=\"425\" \/><\/a> <a href=\"https:\/\/fips.unsa.edu.pe\/telecomunicaciones\/wp-content\/uploads\/sites\/7\/2025\/01\/Pabellon-EPIT-2024-Piso-2.png\"><img loading=\"lazy\" decoding=\"async\" class=\"img-responsive img-rounded hidden alignnone\" src=\"https:\/\/fips.unsa.edu.pe\/telecomunicaciones\/wp-content\/uploads\/sites\/7\/2025\/01\/Pabellon-EPIT-2024-Piso-2.png\" alt=\"\" width=\"567\" height=\"307\" \/><\/a> <a href=\"https:\/\/fips.unsa.edu.pe\/telecomunicaciones\/wp-content\/uploads\/sites\/7\/2025\/01\/Pabellon-EPIT-2024-Piso-3.png\"><img loading=\"lazy\" decoding=\"async\" class=\"img-responsive img-rounded hidden alignnone\" src=\"https:\/\/fips.unsa.edu.pe\/telecomunicaciones\/wp-content\/uploads\/sites\/7\/2025\/01\/Pabellon-EPIT-2024-Piso-3.png\" alt=\"\" width=\"567\" height=\"307\" \/><\/a> <a href=\"https:\/\/fips.unsa.edu.pe\/telecomunicaciones\/wp-content\/uploads\/sites\/7\/2025\/01\/Pabellon-EPIT-2024-Piso-4.png\"><img loading=\"lazy\" decoding=\"async\" class=\"img-responsive img-rounded hidden alignnone\" src=\"https:\/\/fips.unsa.edu.pe\/telecomunicaciones\/wp-content\/uploads\/sites\/7\/2025\/01\/Pabellon-EPIT-2024-Piso-4.png\" alt=\"\" width=\"567\" height=\"287\" \/><\/a><\/div>\n<p><a href=\"https:\/\/fips.unsa.edu.pe\/telecomunicaciones\/wp-content\/uploads\/sites\/7\/2020\/07\/Captura-de-Pantalla-2020-07-14-a-las-19.50.53.png\" data-elementor-open-lightbox=\"yes\" data-elementor-lightbox-title=\"Nuevo pabell\u00f3n EPIT - EPCC\" data-e-action-hash=\"#elementor-action%3Aaction%3Dlightbox%26settings%3DeyJpZCI6IjEzNzEiLCJ1cmwiOiJodHRwczpcL1wvZmlwcy51bnNhLmVkdS5wZVwvdGVsZWNvbXVuaWNhY2lvbmVzXC93cC1jb250ZW50XC91cGxvYWRzXC9zaXRlc1wvN1wvMjAyMFwvMDdcL0NhcHR1cmEtZGUtUGFudGFsbGEtMjAyMC0wNy0xNC1hLWxhcy0xOS41MC41My5wbmcifQ%3D%3D\"><br \/>\n<\/a><a href=\"https:\/\/fips.unsa.edu.pe\/telecomunicaciones\/wp-content\/uploads\/sites\/7\/2020\/07\/Captura-de-Pantalla-2020-07-14-a-las-19.50.53.png\"><img loading=\"lazy\" decoding=\"async\" class=\"img-responsive img-rounded aligncenter\" src=\"https:\/\/fips.unsa.edu.pe\/telecomunicaciones\/wp-content\/uploads\/sites\/7\/2020\/07\/Captura-de-Pantalla-2020-07-14-a-las-19.50.53.png\" alt=\"\" width=\"606\" height=\"451\" \/><\/a><\/p>\n<h2 style=\"text-align: center\"><strong>Listado de Laboratorios\u00a0de la EPIT<\/strong><\/h2>\n<p style=\"text-align: justify\">La Escuela Profesional de Ingenier\u00eda en Telecomunicaciones cuenta con 4 laboratorios especializados para la realizaci\u00f3n de pr\u00e1cticas e investigaci\u00f3n en el campo de las Telecomunicaciones.<\/p>\n<h3 style=\"text-align: center\"><strong>Laboratorio de L\u00edneas de Transmisi\u00f3n y Antenas<\/strong><\/h3>\n<p style=\"text-align: justify\">Este laboratorio cuenta con los siguiente Equipos Especializados:<\/p>\n<ul>\n<li>Analizador de Espectro<\/li>\n<li>Analizador de Redes Vectoriales (VNA)<\/li>\n<li>Fuente de ruido<\/li>\n<li>Vat\u00edmetro<\/li>\n<li>Kit de antenas parche<\/li>\n<li>M\u00f3dulo \u00abAntennas Lab\u00bb para medici\u00f3n de par\u00e1metros de antenas<\/li>\n<li>Tr\u00edpodes para antenas<\/li>\n<li>Kit de antenas: Parab\u00f3lica, Helicoidal, Bocina, Dipolo, Yagi, MiMo, WiFi<\/li>\n<li>Antenas fabricadas por los estudiantes<\/li>\n<li>Computadoras<\/li>\n<li>Entre otros.<\/li>\n<\/ul>\n<h3 style=\"text-align: center\"><b>Laboratorio de Comunicaciones \u00d3pticas<\/b><\/h3>\n<p style=\"text-align: justify\">Este laboratorio cuenta con los siguiente Equipos Especializados:<\/p>\n<ul>\n<li>Medidor de BER (Bit error rate)<\/li>\n<li>Generador de c\u00f3digos digitales AMI, RZ, NRZ HDB3<\/li>\n<li>OTDR<\/li>\n<li>Kits de Fibra \u00d3ptica<\/li>\n<li>Computadoras<\/li>\n<li>Entre otros.<\/li>\n<\/ul>\n<h3 style=\"text-align: center\"><strong>Laboratorio de Comunicaciones Inal\u00e1mbricas<\/strong><\/h3>\n<p style=\"text-align: justify\">Este laboratorio cuenta con los siguiente Equipos Especializados:<\/p>\n<ul>\n<li>Equipos Transceptores de Radio Definida por Software (SDR)<\/li>\n<li>Sistema de benchmarking para redes inal\u00e1mbricas<\/li>\n<li>50 antenas multibanda para redes de telefon\u00eda<\/li>\n<li>Antenas GPS<\/li>\n<li>Generador de se\u00f1ales<\/li>\n<li>Osciloscopio<\/li>\n<li>Proyectos de IoT realizados por alumnos<\/li>\n<li>Computadoras<\/li>\n<li>Entre otros.<\/li>\n<\/ul>\n<h3 style=\"text-align: center\"><strong>Laboratorio de Telem\u00e1tica<\/strong><\/h3>\n<p style=\"text-align: justify\">Este laboratorio cuenta con los siguiente Equipos Especializados:<\/p>\n<ul>\n<li>Routers Cisco y Huawei<\/li>\n<li>Access Point<\/li>\n<li>Switchs Cisco, Huawei y Datacom<\/li>\n<li>Centralita Telef\u00f3nica<\/li>\n<li>Tel\u00e9fonos Fijos<\/li>\n<li>Computadoras<\/li>\n<li>Entre otros.<\/li>\n<\/ul>\n<\/section>\n<section class=\"list-group-item\"><a href=\"https:\/\/www.unsa.edu.pe\/wp-content\/uploads\/2021\/09\/MG_8732-878x426.jpg\"><img decoding=\"async\" class=\"img-responsive img-rounded aligncenter\" src=\"https:\/\/www.unsa.edu.pe\/wp-content\/uploads\/2021\/09\/MG_8732-878x426.jpg\" alt=\"Pabellon-EPIT-Inaguracion-MG_8732-878x426-1.jpg\" \/><\/a><\/p>\n<h2 style=\"text-align: center\"><strong>Nuevo Pabell\u00f3n de Ingenier\u00eda en Telecomunicaciones<\/strong><\/h2>\n<p style=\"text-align: justify\">Desde 2021 un moderno edificio de 04 niveles, con laboratorios totalmente equipados y con iluminaci\u00f3n a base de paneles solares, es el nuevo pabell\u00f3n de las carreras profesionales de Ingenier\u00eda en Telecomunicaciones y Ciencias de la Computaci\u00f3n de la Universidad Nacional de san Agust\u00edn de Arequipa.<\/p>\n<p><a href=\"https:\/\/www.unsa.edu.pe\/wp-content\/uploads\/2021\/09\/MG_8784-768x512.jpg\"><img decoding=\"async\" class=\"img-responsive img-rounded aligncenter\" src=\"https:\/\/www.unsa.edu.pe\/wp-content\/uploads\/2021\/09\/MG_8784-768x512.jpg\" alt=\"Pabellon-EPIT-Inaguracion-MG_8784-scaled-1.jpg\" \/><\/a><\/p>\n<p style=\"color: #323032;font-family: 'Open Sans';letter-spacing: -0.3px;text-align: justify\">La ejecuci\u00f3n de la obra demand\u00f3 m\u00e1s de 11 millones de\u00a0 soles, realizada bajo la modalidad de suma alzada que comprendi\u00f3 el mejoramiento, ampliaci\u00f3n y equipamiento.<\/p>\n<p style=\"color: #323032;font-family: 'Open Sans';letter-spacing: -0.3px;text-align: justify\">El edificio fue entregado por la gesti\u00f3n, del Dr. Rohel S\u00e1nchez S\u00e1nchez, la Dra. Ana Mar\u00eda Guti\u00e9rrez Valdivia y el Dr. Horacio Barreda Tamayo.<\/p>\n<p style=\"color: #323032;font-family: 'Open Sans';letter-spacing: -0.3px;text-align: justify\"><a href=\"https:\/\/www.unsa.edu.pe\/wp-content\/uploads\/2021\/09\/MG_8848-scaled.jpg\"><img loading=\"lazy\" decoding=\"async\" class=\"img-responsive img-rounded aligncenter\" style=\"border-width: 0px;border-style: initial;clear: both\" src=\"https:\/\/www.unsa.edu.pe\/wp-content\/uploads\/2021\/09\/MG_8848-scaled.jpg\" alt=\"\" width=\"521\" height=\"348\" \/><\/a><\/p>\n<p style=\"color: #323032;font-family: 'Open Sans';letter-spacing: -0.3px;text-align: justify\">Esta obra marca unas antes y despu\u00e9s para ambas carreras profesionales, que cuentan con una moderna infraestructura que asegura a sus estudiantes una educaci\u00f3n integral y de calidad.<\/p>\n<p style=\"color: #323032;font-family: 'Open Sans';letter-spacing: -0.3px;text-align: justify\"><a href=\"https:\/\/www.unsa.edu.pe\/wp-content\/uploads\/2021\/09\/MG_8854-scaled.jpg\"><img loading=\"lazy\" decoding=\"async\" class=\"img-responsive img-rounded aligncenter\" style=\"border-width: 0px;border-style: initial;clear: both\" src=\"https:\/\/www.unsa.edu.pe\/wp-content\/uploads\/2021\/09\/MG_8854-scaled.jpg\" alt=\"\" width=\"512\" height=\"342\" \/><\/a><\/p>\n<p style=\"color: #323032;font-family: 'Open Sans';letter-spacing: -0.3px;text-align: justify\">Tanto la Carrera de Ingenier\u00eda en Telecomunicaciones y Ciencias de la Computaci\u00f3n cuentan con acreditaci\u00f3n nacional por ICACIT y est\u00e1n en pleno proceso de lograr acreditaci\u00f3n internacional con ABET, prestigiosa organizaci\u00f3n acreditadora \u201cel estar acreditado internacionalmente no solo posiciona a la UNSA, sino que le da otro estatus de reconocimiento a nuestros egresados\u201d precis\u00f3 el Dr. Rohel S\u00e1nchez S\u00e1nchez.<\/p>\n<p style=\"color: #323032;font-family: 'Open Sans';letter-spacing: -0.3px;text-align: justify\"><a href=\"https:\/\/www.unsa.edu.pe\/wp-content\/uploads\/2021\/09\/MG_8856-scaled.jpg\"><img loading=\"lazy\" decoding=\"async\" class=\"img-responsive img-rounded aligncenter\" style=\"letter-spacing: -0.3px;font-weight: var( --e-global-typography-text-font-weight );border-width: 0px;border-style: initial;clear: both\" src=\"https:\/\/www.unsa.edu.pe\/wp-content\/uploads\/2021\/09\/MG_8856-scaled.jpg\" alt=\"\" width=\"511\" height=\"340\" \/><\/a><\/p>\n<p style=\"color: #323032;font-family: 'Open Sans';letter-spacing: -0.3px;text-align: justify\">Agreg\u00f3 que la Universidad est\u00e1 comprometida no solo con dotar oferta educativa de excelencia, sino tambi\u00e9n con generar conocimiento, investigaci\u00f3n \u00a0para que a partir de la identificaci\u00f3n de problemas se pueda aportar dando soluciones en favor del desarrollo de la regi\u00f3n.<\/p>\n<p style=\"color: #323032;font-family: 'Open Sans';letter-spacing: -0.3px;text-align: justify\"><a style=\"letter-spacing: -0.3px;background-color: #ffffff;font-weight: bold\" href=\"https:\/\/www.unsa.edu.pe\/wp-content\/uploads\/2021\/09\/FACHADA-TELECOMUNICACIONES-EDITADA.jpeg.jpg\"><img loading=\"lazy\" decoding=\"async\" class=\"img-responsive img-rounded aligncenter\" style=\"border-width: 0px;border-style: initial;clear: both\" src=\"https:\/\/www.unsa.edu.pe\/wp-content\/uploads\/2021\/09\/FACHADA-TELECOMUNICACIONES-EDITADA.jpeg.jpg\" alt=\"\" width=\"558\" height=\"333\" \/><\/a><\/p>\n<h2 style=\"text-align: center\"><strong>Infraestructura\u00a0de la EPIT hasta 2021<\/strong><\/h2>\n<p style=\"text-align: justify\">Desde su fundaci\u00f3n en 2011 hasta 2021 la Escuela Profesional de Ingenier\u00eda en Telecomunicaciones funcion\u00f3 en el pabell\u00f3n de Ingenier\u00eda Electr\u00f3nica con la siguiente relaci\u00f3n de Aulas y Laboratorios.<\/p>\n<p><img loading=\"lazy\" decoding=\"async\" class=\"img-responsive aligncenter\" src=\"https:\/\/fips.unsa.edu.pe\/telecomunicaciones\/wp-content\/uploads\/sites\/7\/2020\/07\/Captura-de-Pantalla-2020-07-14-a-las-19.44.31.png\" alt=\"\" width=\"540\" height=\"300\" \/><\/p>\n<p><img loading=\"lazy\" decoding=\"async\" class=\"img-responsive aligncenter\" src=\"https:\/\/fips.unsa.edu.pe\/telecomunicaciones\/wp-content\/uploads\/sites\/7\/2020\/07\/Captura-de-Pantalla-2020-07-14-a-las-19.45.23.png\" alt=\"\" width=\"540\" height=\"228\" \/><\/p>\n<p><img loading=\"lazy\" decoding=\"async\" class=\"img-responsive aligncenter\" src=\"https:\/\/fips.unsa.edu.pe\/telecomunicaciones\/wp-content\/uploads\/sites\/7\/2020\/07\/Captura-de-Pantalla-2020-07-14-a-las-19.46.14.png\" alt=\"\" width=\"540\" height=\"290\" \/><\/p>\n<p><img loading=\"lazy\" decoding=\"async\" class=\"img-responsive aligncenter\" src=\"https:\/\/fips.unsa.edu.pe\/telecomunicaciones\/wp-content\/uploads\/sites\/7\/2020\/07\/Captura-de-Pantalla-2020-07-14-a-las-19.46.51.png\" alt=\"\" width=\"539\" height=\"287\" \/><\/p>\n<p style=\"text-align: justify\"><strong>\u00daltima actualizaci\u00f3n:<\/strong> Enero 2025<\/p>\n<\/section>\n<\/div>\n","protected":false},"excerpt":{"rendered":"<p>Infraestructura\u00a0de la EPIT Desde 2021, el pabell\u00f3n de la Escuela Profesional de Ingenier\u00eda en Telecomunicaciones cuenta con la siguiente infraestructura: PABELL\u00d3N DE INGENIER\u00cdA EN TELECOMUNICACIONES C\u00f3digo de ambiente Piso Tipo de ambiente Aforo 26.5 \u2013 101 1er. Piso SAL\u00d3N DE GRADOS 20 26.5 \u2013 102 1er. Piso AULA 102 40 26.5 \u2013 103 1er. Piso [&hellip;]<\/p>\n","protected":false},"author":1,"featured_media":0,"parent":0,"menu_order":0,"comment_status":"open","ping_status":"closed","template":"","meta":{"footnotes":""},"class_list":["post-1253","page","type-page","status-publish","hentry"],"_links":{"self":[{"href":"https:\/\/fips.unsa.edu.pe\/telecomunicaciones\/wp-json\/wp\/v2\/pages\/1253","targetHints":{"allow":["GET"]}}],"collection":[{"href":"https:\/\/fips.unsa.edu.pe\/telecomunicaciones\/wp-json\/wp\/v2\/pages"}],"about":[{"href":"https:\/\/fips.unsa.edu.pe\/telecomunicaciones\/wp-json\/wp\/v2\/types\/page"}],"author":[{"embeddable":true,"href":"https:\/\/fips.unsa.edu.pe\/telecomunicaciones\/wp-json\/wp\/v2\/users\/1"}],"replies":[{"embeddable":true,"href":"https:\/\/fips.unsa.edu.pe\/telecomunicaciones\/wp-json\/wp\/v2\/comments?post=1253"}],"version-history":[{"count":39,"href":"https:\/\/fips.unsa.edu.pe\/telecomunicaciones\/wp-json\/wp\/v2\/pages\/1253\/revisions"}],"predecessor-version":[{"id":2524,"href":"https:\/\/fips.unsa.edu.pe\/telecomunicaciones\/wp-json\/wp\/v2\/pages\/1253\/revisions\/2524"}],"wp:attachment":[{"href":"https:\/\/fips.unsa.edu.pe\/telecomunicaciones\/wp-json\/wp\/v2\/media?parent=1253"}],"curies":[{"name":"wp","href":"https:\/\/api.w.org\/{rel}","templated":true}]}}