{"id":1251,"date":"2018-06-04T16:13:18","date_gmt":"2018-06-04T21:13:18","guid":{"rendered":"https:\/\/fips.unsa.edu.pe\/telecomunicaciones\/?page_id=1251"},"modified":"2025-03-27T21:48:38","modified_gmt":"2025-03-28T02:48:38","slug":"personal-docente","status":"publish","type":"page","link":"https:\/\/fips.unsa.edu.pe\/telecomunicaciones\/personal-docente\/","title":{"rendered":"Personal Docente"},"content":{"rendered":"<p>Docentes &#8211; Departamento Acad\u00e9mico de Ingenier\u00eda Electr\u00f3nica<\/p>\n<table class=\"table table-striped table-bordered\" width=\"597\">\n<thead>\n<tr>\n<td width=\"31\"><strong>N\u00b0<\/strong><\/td>\n<td width=\"384\"><strong>Apellidos Y Nombres<\/strong><\/td>\n<td width=\"57\"><strong>Cond<\/strong><\/td>\n<td width=\"60\"><strong>Grado<\/strong><\/td>\n<td width=\"65\"><strong>Reg.<\/strong><\/td>\n<\/tr>\n<\/thead>\n<tbody>\n<tr>\n<td width=\"31\">1<\/td>\n<td width=\"384\">Arce Medina, Augusto Hesiquio<\/td>\n<td width=\"57\">Nom<\/td>\n<td width=\"60\">Dr.<\/td>\n<td width=\"65\"><strong>T.C.<\/strong><\/td>\n<\/tr>\n<tr>\n<td width=\"31\">2<\/td>\n<td width=\"384\">Banda Sayco, Oswaldo Rene<\/td>\n<td width=\"57\">Cont<\/td>\n<td width=\"60\">Mag.<\/td>\n<td width=\"65\"><strong>T.P. 10<\/strong><\/td>\n<\/tr>\n<tr>\n<td width=\"31\">3<\/td>\n<td width=\"384\">Banda Valdivia Ramiro Gustavo<\/td>\n<td width=\"57\">Nom<\/td>\n<td width=\"60\">Mag.<\/td>\n<td width=\"65\"><strong>T.C.<\/strong><\/td>\n<\/tr>\n<tr>\n<td width=\"31\">4<\/td>\n<td width=\"384\">Bellota Sanchez, Luis Edmundo<\/td>\n<td width=\"57\">Cont<\/td>\n<td width=\"60\">Mag.<\/td>\n<td width=\"65\"><strong>T.C.<\/strong><\/td>\n<\/tr>\n<tr>\n<td width=\"31\">5<\/td>\n<td width=\"384\">Bolivar Valdivia, Renzo Gustavo<\/td>\n<td width=\"57\">Nom<\/td>\n<td width=\"60\">Mag.<\/td>\n<td width=\"65\"><strong>T.C.<\/strong><\/td>\n<\/tr>\n<tr>\n<td width=\"31\">6<\/td>\n<td width=\"384\">Borja Murillo, Juan Guillermo<\/td>\n<td width=\"57\">Nom<\/td>\n<td width=\"60\">Dr.<\/td>\n<td width=\"65\"><strong>T.C.<\/strong><\/td>\n<\/tr>\n<tr>\n<td width=\"31\">7<\/td>\n<td width=\"384\">Ceballos Bejarano, Edison Wernher<\/td>\n<td width=\"57\">Nom<\/td>\n<td width=\"60\">Mag.<\/td>\n<td width=\"65\"><strong>T.C.<\/strong><\/td>\n<\/tr>\n<tr>\n<td width=\"31\">8<\/td>\n<td width=\"384\">Coaguila Gomez, Ronald Percing<\/td>\n<td width=\"57\">Nom<\/td>\n<td width=\"60\">Dr.<\/td>\n<td width=\"65\"><strong>T.P. 20<\/strong><\/td>\n<\/tr>\n<tr>\n<td width=\"31\">9<\/td>\n<td width=\"384\">Cuadros Machuca, Juan Carlos<\/td>\n<td width=\"57\">Nom<\/td>\n<td width=\"60\">Mag.<\/td>\n<td width=\"65\"><strong>T.P. 20<\/strong><\/td>\n<\/tr>\n<tr>\n<td width=\"31\">10<\/td>\n<td width=\"384\">Cutipa Luque Juan Carlos<\/td>\n<td width=\"57\">Nom<\/td>\n<td width=\"60\">Dr.<\/td>\n<td width=\"65\"><strong>T.C.<\/strong><\/td>\n<\/tr>\n<tr>\n<td width=\"31\">11<\/td>\n<td width=\"384\">Echaiz Espinoza, German Alberto<\/td>\n<td width=\"57\">Nom<\/td>\n<td width=\"60\">Dr.<\/td>\n<td width=\"65\"><strong>D.E.<\/strong><\/td>\n<\/tr>\n<tr>\n<td width=\"31\">12<\/td>\n<td width=\"384\">Ferrel Serruto, Wildor<\/td>\n<td width=\"57\">Nom<\/td>\n<td width=\"60\">Dr.<\/td>\n<td width=\"65\"><strong>D.E.<\/strong><\/td>\n<\/tr>\n<tr>\n<td width=\"31\">13<\/td>\n<td width=\"384\">Gomez \u00a0Cornejo Gonzales, Harold Peter Harry<\/td>\n<td width=\"57\">Nom<\/td>\n<td width=\"60\">Dr.<\/td>\n<td width=\"65\"><strong>D.E.<\/strong><\/td>\n<\/tr>\n<tr>\n<td width=\"31\">14<\/td>\n<td width=\"384\">Guzman Neyra, Cesar Augusto<\/td>\n<td width=\"57\">Nom<\/td>\n<td width=\"60\">Dr.<\/td>\n<td width=\"65\"><strong>D.E.<\/strong><\/td>\n<\/tr>\n<tr>\n<td width=\"31\">15<\/td>\n<td width=\"384\">Hilario Tacuri Alexander Beremix<\/td>\n<td width=\"57\">Nom<\/td>\n<td width=\"60\">Dr.<\/td>\n<td width=\"65\"><strong>T.C.<\/strong><\/td>\n<\/tr>\n<tr>\n<td width=\"31\">16<\/td>\n<td width=\"384\">Huaita Bedregal, Asencio Alejandro<\/td>\n<td width=\"57\">Nom<\/td>\n<td width=\"60\">Dr.<\/td>\n<td width=\"65\"><strong>T.P. 20<\/strong><\/td>\n<\/tr>\n<tr>\n<td width=\"31\">17<\/td>\n<td width=\"384\">Huarca Quispe, Jorge Leonardo<\/td>\n<td width=\"57\">Cont<\/td>\n<td width=\"60\">Mag.<\/td>\n<td width=\"65\"><strong>T.C.<\/strong><\/td>\n<\/tr>\n<tr>\n<td width=\"31\">18<\/td>\n<td width=\"384\">Jimenez Montes De Oca, Romel Luis<\/td>\n<td width=\"57\">Nom<\/td>\n<td width=\"60\">Dr.<\/td>\n<td width=\"65\"><strong>T.C.<\/strong><\/td>\n<\/tr>\n<tr>\n<td width=\"31\">19<\/td>\n<td width=\"384\">Jordan Palma, Manuel Augusto<\/td>\n<td width=\"57\">Nom<\/td>\n<td width=\"60\">Mag.<\/td>\n<td width=\"65\"><strong>T.C.<\/strong><\/td>\n<\/tr>\n<tr>\n<td width=\"31\">20<\/td>\n<td width=\"384\">Lama Cornejo, Henry Davis<\/td>\n<td width=\"57\">Nom<\/td>\n<td width=\"60\">Mag<\/td>\n<td width=\"65\"><strong>T.C.<\/strong><\/td>\n<\/tr>\n<tr>\n<td width=\"31\">21<\/td>\n<td width=\"384\">Malaga Chavez, Cesar Eduardo<\/td>\n<td width=\"57\">Nom<\/td>\n<td width=\"60\">Mag.<\/td>\n<td width=\"65\"><strong>T.P. 20<\/strong><\/td>\n<\/tr>\n<tr>\n<td width=\"31\">22<\/td>\n<td width=\"384\">Matheos Herrera, Ruben Antonio<\/td>\n<td width=\"57\">Nom<\/td>\n<td width=\"60\">Dr.<\/td>\n<td width=\"65\"><strong>T.C.<\/strong><\/td>\n<\/tr>\n<tr>\n<td width=\"31\">23<\/td>\n<td width=\"384\">Mayhua Lopez, Efrain Tito<\/td>\n<td width=\"57\">Cont<\/td>\n<td width=\"60\">Dr<\/td>\n<td width=\"65\"><strong>T.P. 20<\/strong><\/td>\n<\/tr>\n<tr>\n<td width=\"31\">24<\/td>\n<td width=\"384\">Mullisaca Atamari, William Vladimir<\/td>\n<td width=\"57\">Cont<\/td>\n<td width=\"60\">Mag.<\/td>\n<td width=\"65\"><strong>T.C.<\/strong><\/td>\n<\/tr>\n<tr>\n<td width=\"31\">25<\/td>\n<td width=\"384\">Orihuela Ordo\u00f1ez, Nancy Ivon<\/td>\n<td width=\"57\">Nom<\/td>\n<td width=\"60\">Mag.<\/td>\n<td width=\"65\"><strong>D.E.<\/strong><\/td>\n<\/tr>\n<tr>\n<td width=\"31\">26<\/td>\n<td width=\"384\">Paredes Malaga, Dario Jose<\/td>\n<td width=\"57\">Cont<\/td>\n<td width=\"60\">Bach.<\/td>\n<td width=\"65\"><strong>T.C.<\/strong><\/td>\n<\/tr>\n<tr>\n<td width=\"31\">27<\/td>\n<td width=\"384\">Pari Pinto, Pablo Lizardo<\/td>\n<td width=\"57\">Nom<\/td>\n<td width=\"60\">Dr.<\/td>\n<td width=\"65\"><strong>D.E.<\/strong><\/td>\n<\/tr>\n<tr>\n<td width=\"31\">28<\/td>\n<td width=\"384\">Postigo Malaga, Mauricio<\/td>\n<td width=\"57\">Nom<\/td>\n<td width=\"60\">Dr.<\/td>\n<td width=\"65\"><strong>T.C.<\/strong><\/td>\n<\/tr>\n<tr>\n<td width=\"31\">29<\/td>\n<td width=\"384\">Rendulich Talavera, Jorge Eusebio<\/td>\n<td width=\"57\">Nom<\/td>\n<td width=\"60\">Dr.<\/td>\n<td width=\"65\"><strong>D.E.<\/strong><\/td>\n<\/tr>\n<tr>\n<td width=\"31\">30<\/td>\n<td width=\"384\">Rucano Alvarez, Hugo Cesar<\/td>\n<td width=\"57\">Nom<\/td>\n<td width=\"60\">Mag.<\/td>\n<td width=\"65\"><strong>T.C.<\/strong><\/td>\n<\/tr>\n<tr>\n<td width=\"31\">31<\/td>\n<td width=\"384\">Salazar Alarcon, Oscar Edmundo<\/td>\n<td width=\"57\">Nom<\/td>\n<td width=\"60\">Mag.<\/td>\n<td width=\"65\"><strong>D.E.<\/strong><\/td>\n<\/tr>\n<tr>\n<td width=\"31\">32<\/td>\n<td width=\"384\">Salazar Choque, Humberto Albino<\/td>\n<td width=\"57\">Nom<\/td>\n<td width=\"60\">Dr.<\/td>\n<td width=\"65\"><strong>D.E.<\/strong><\/td>\n<\/tr>\n<tr>\n<td width=\"31\">33<\/td>\n<td width=\"384\">San Roman Castillo, Ebert<\/td>\n<td width=\"57\">Nom<\/td>\n<td width=\"60\">Mag.<\/td>\n<td width=\"65\"><strong>T.P. 20<\/strong><\/td>\n<\/tr>\n<tr>\n<td width=\"31\">34<\/td>\n<td width=\"384\">Sulla Espinoza, Erasmo<\/td>\n<td width=\"57\">Nom<\/td>\n<td width=\"60\">Mag.<\/td>\n<td width=\"65\"><strong>D.E.<\/strong><\/td>\n<\/tr>\n<tr>\n<td width=\"31\">35<\/td>\n<td width=\"384\">Sulla Torres, Raul Ricardo<\/td>\n<td width=\"57\">Nom<\/td>\n<td width=\"60\">Dr.<\/td>\n<td width=\"65\"><strong>T.C.<\/strong><\/td>\n<\/tr>\n<tr>\n<td width=\"31\">36<\/td>\n<td width=\"384\">Talavera Suarez, Jesus Jos\u00e9<\/td>\n<td width=\"57\">Nom<\/td>\n<td width=\"60\">Dr.<\/td>\n<td width=\"65\"><strong>D.E.<\/strong><\/td>\n<\/tr>\n<tr>\n<td width=\"31\">37<\/td>\n<td width=\"384\">Tamo Calla, Alberth Ronal<\/td>\n<td width=\"57\">Cont<\/td>\n<td width=\"60\">Dr.<\/td>\n<td width=\"65\"><strong>T.C.<\/strong><\/td>\n<\/tr>\n<tr>\n<td width=\"31\">38<\/td>\n<td width=\"384\">Villagra Romero, Moises Renan<\/td>\n<td width=\"57\">Nom<\/td>\n<td width=\"60\">Mag.<\/td>\n<td width=\"65\"><strong>D.E.<\/strong><\/td>\n<\/tr>\n<tr>\n<td width=\"31\">39<\/td>\n<td width=\"384\">Yanyachi Aco-Cardenas, Daniel Domingo<\/td>\n<td width=\"57\">Nom<\/td>\n<td width=\"60\">Dr.<\/td>\n<td width=\"65\"><strong>D.E.<\/strong><\/td>\n<\/tr>\n<tr>\n<td width=\"31\">40<\/td>\n<td width=\"384\">Yanyachi Aco-Cardenas, Pablo Raul<\/td>\n<td width=\"57\">Nom<\/td>\n<td width=\"60\">Dr.<\/td>\n<td width=\"65\"><strong>T.C.<\/strong><\/td>\n<\/tr>\n<tr>\n<td width=\"31\">41<\/td>\n<td width=\"384\">Zegarra Mejia, Milagros Rocio Del Carmen<\/td>\n<td width=\"57\">Nom<\/td>\n<td width=\"60\">Mag.<\/td>\n<td width=\"65\"><strong>T.C.<\/strong><\/td>\n<\/tr>\n<\/tbody>\n<\/table>\n<p>&nbsp;<\/p>\n<p>Nom: Nombrado \/ Cont: Contratado<\/p>\n<p>DE: Dedicaci\u00f3n Exclusiva\u00a0 \/ TC: Tiempo Completo \/ TP: Tiempo Parcial<\/p>\n<p style=\"text-align: justify\"><strong>\u00daltima actualizaci\u00f3n:<\/strong> Marzo 2025<\/p>\n","protected":false},"excerpt":{"rendered":"<p>Docentes &#8211; Departamento Acad\u00e9mico de Ingenier\u00eda Electr\u00f3nica N\u00b0 Apellidos Y Nombres Cond Grado Reg. 1 Arce Medina, Augusto Hesiquio Nom Dr. T.C. 2 Banda Sayco, Oswaldo Rene Cont Mag. T.P. 10 3 Banda Valdivia Ramiro Gustavo Nom Mag. T.C. 4 Bellota Sanchez, Luis Edmundo Cont Mag. T.C. 5 Bolivar Valdivia, Renzo Gustavo Nom Mag. T.C. [&hellip;]<\/p>\n","protected":false},"author":1,"featured_media":1208,"parent":0,"menu_order":0,"comment_status":"closed","ping_status":"closed","template":"","meta":{"footnotes":""},"class_list":["post-1251","page","type-page","status-publish","has-post-thumbnail","hentry"],"_links":{"self":[{"href":"https:\/\/fips.unsa.edu.pe\/telecomunicaciones\/wp-json\/wp\/v2\/pages\/1251","targetHints":{"allow":["GET"]}}],"collection":[{"href":"https:\/\/fips.unsa.edu.pe\/telecomunicaciones\/wp-json\/wp\/v2\/pages"}],"about":[{"href":"https:\/\/fips.unsa.edu.pe\/telecomunicaciones\/wp-json\/wp\/v2\/types\/page"}],"author":[{"embeddable":true,"href":"https:\/\/fips.unsa.edu.pe\/telecomunicaciones\/wp-json\/wp\/v2\/users\/1"}],"replies":[{"embeddable":true,"href":"https:\/\/fips.unsa.edu.pe\/telecomunicaciones\/wp-json\/wp\/v2\/comments?post=1251"}],"version-history":[{"count":37,"href":"https:\/\/fips.unsa.edu.pe\/telecomunicaciones\/wp-json\/wp\/v2\/pages\/1251\/revisions"}],"predecessor-version":[{"id":2547,"href":"https:\/\/fips.unsa.edu.pe\/telecomunicaciones\/wp-json\/wp\/v2\/pages\/1251\/revisions\/2547"}],"wp:featuredmedia":[{"embeddable":true,"href":"https:\/\/fips.unsa.edu.pe\/telecomunicaciones\/wp-json\/wp\/v2\/media\/1208"}],"wp:attachment":[{"href":"https:\/\/fips.unsa.edu.pe\/telecomunicaciones\/wp-json\/wp\/v2\/media?parent=1251"}],"curies":[{"name":"wp","href":"https:\/\/api.w.org\/{rel}","templated":true}]}}