{"id":1241,"date":"2018-06-04T15:53:54","date_gmt":"2018-06-04T20:53:54","guid":{"rendered":"https:\/\/fips.unsa.edu.pe\/telecomunicaciones\/?page_id=1241"},"modified":"2025-08-23T14:05:17","modified_gmt":"2025-08-23T19:05:17","slug":"grados-y-titulos","status":"publish","type":"page","link":"https:\/\/fips.unsa.edu.pe\/telecomunicaciones\/grados-y-titulos\/","title":{"rendered":"Grados y T\u00edtulos"},"content":{"rendered":"<p style=\"text-align: justify;font-size: 2rem\">Tiene una duraci\u00f3n de 5 a\u00f1os.<\/p>\n<ul>\n<li>\n<h3><strong>GRADO ACAD\u00c9MICO:<br \/>\n<\/strong><\/h3>\n<p style=\"font-size: 2rem\">Bachiller en Ingenier\u00eda en Telecomunicaciones<\/p>\n<\/li>\n<li>\n<h3><strong>T\u00cdTULO PROFESIONAL:<br \/>\n<\/strong><\/h3>\n<p style=\"font-size: 2rem\">Ingeniero en Telecomunicaciones<\/p>\n<\/li>\n<\/ul>\n<h3><strong>Recursos<\/strong><\/h3>\n<ul>\n<li><a class=\"btn btn-default\" style=\"align-items: center\" href=\"https:\/\/fips.unsa.edu.pe\/sistema-de-graduacion\/\" target=\"_blank\" rel=\"noopener\">Sistema de Gesti\u00f3n de Graduaci\u00f3n y Titulaci\u00f3n<\/a><\/li>\n<li><a class=\"btn btn-default\" style=\"align-items: center\" href=\"https:\/\/transparencia.unsa.edu.pe\/handle\/123456789\/1517\" target=\"_blank\" rel=\"noopener\">Reglamento General: Obtenci\u00f3n de Grados Acad\u00e9micos<\/a><\/li>\n<\/ul>\n","protected":false},"excerpt":{"rendered":"<p>Tiene una duraci\u00f3n de 5 a\u00f1os. GRADO ACAD\u00c9MICO: Bachiller en Ingenier\u00eda en Telecomunicaciones T\u00cdTULO PROFESIONAL: Ingeniero en Telecomunicaciones Recursos Sistema de Gesti\u00f3n de Graduaci\u00f3n y Titulaci\u00f3n Reglamento General: Obtenci\u00f3n de Grados Acad\u00e9micos<\/p>\n","protected":false},"author":1,"featured_media":1244,"parent":0,"menu_order":0,"comment_status":"closed","ping_status":"closed","template":"","meta":{"footnotes":""},"class_list":["post-1241","page","type-page","status-publish","has-post-thumbnail","hentry"],"_links":{"self":[{"href":"https:\/\/fips.unsa.edu.pe\/telecomunicaciones\/wp-json\/wp\/v2\/pages\/1241","targetHints":{"allow":["GET"]}}],"collection":[{"href":"https:\/\/fips.unsa.edu.pe\/telecomunicaciones\/wp-json\/wp\/v2\/pages"}],"about":[{"href":"https:\/\/fips.unsa.edu.pe\/telecomunicaciones\/wp-json\/wp\/v2\/types\/page"}],"author":[{"embeddable":true,"href":"https:\/\/fips.unsa.edu.pe\/telecomunicaciones\/wp-json\/wp\/v2\/users\/1"}],"replies":[{"embeddable":true,"href":"https:\/\/fips.unsa.edu.pe\/telecomunicaciones\/wp-json\/wp\/v2\/comments?post=1241"}],"version-history":[{"count":18,"href":"https:\/\/fips.unsa.edu.pe\/telecomunicaciones\/wp-json\/wp\/v2\/pages\/1241\/revisions"}],"predecessor-version":[{"id":2703,"href":"https:\/\/fips.unsa.edu.pe\/telecomunicaciones\/wp-json\/wp\/v2\/pages\/1241\/revisions\/2703"}],"wp:featuredmedia":[{"embeddable":true,"href":"https:\/\/fips.unsa.edu.pe\/telecomunicaciones\/wp-json\/wp\/v2\/media\/1244"}],"wp:attachment":[{"href":"https:\/\/fips.unsa.edu.pe\/telecomunicaciones\/wp-json\/wp\/v2\/media?parent=1241"}],"curies":[{"name":"wp","href":"https:\/\/api.w.org\/{rel}","templated":true}]}}