{"id":1235,"date":"2018-06-04T15:49:21","date_gmt":"2018-06-04T20:49:21","guid":{"rendered":"https:\/\/fips.unsa.edu.pe\/telecomunicaciones\/?page_id=1235"},"modified":"2025-01-18T23:08:05","modified_gmt":"2025-01-19T04:08:05","slug":"campo-ocupacional","status":"publish","type":"page","link":"https:\/\/fips.unsa.edu.pe\/telecomunicaciones\/campo-ocupacional\/","title":{"rendered":"Campo Ocupacional"},"content":{"rendered":"<p style=\"text-align: justify\">El Profesional en Ingenier\u00eda en Telecomunicaciones, podr\u00e1 desarrollar sus actividades de dise\u00f1o, gesti\u00f3n, desarrollo e innovaci\u00f3n en Empresas de Servicios de Telecomunicaciones, Entidades Privadas, P\u00fablicas, Fuerzas Armadas y Policiales, Empresas de Asesoramiento y Consultor\u00eda, Entidades de Regulaci\u00f3n entre otras.<\/p>\n<p>https:\/\/www.youtube.com\/watch?v=HsGgGW59zb0<\/p>\n","protected":false},"excerpt":{"rendered":"<p>El Profesional en Ingenier\u00eda en Telecomunicaciones, podr\u00e1 desarrollar sus actividades de dise\u00f1o, gesti\u00f3n, desarrollo e innovaci\u00f3n en Empresas de Servicios de Telecomunicaciones, Entidades Privadas, P\u00fablicas, Fuerzas Armadas y Policiales, Empresas de Asesoramiento y Consultor\u00eda, Entidades de Regulaci\u00f3n entre otras. https:\/\/www.youtube.com\/watch?v=HsGgGW59zb0<\/p>\n","protected":false},"author":1,"featured_media":1476,"parent":0,"menu_order":0,"comment_status":"closed","ping_status":"closed","template":"elementor_theme","meta":{"footnotes":""},"class_list":["post-1235","page","type-page","status-publish","has-post-thumbnail","hentry"],"_links":{"self":[{"href":"https:\/\/fips.unsa.edu.pe\/telecomunicaciones\/wp-json\/wp\/v2\/pages\/1235","targetHints":{"allow":["GET"]}}],"collection":[{"href":"https:\/\/fips.unsa.edu.pe\/telecomunicaciones\/wp-json\/wp\/v2\/pages"}],"about":[{"href":"https:\/\/fips.unsa.edu.pe\/telecomunicaciones\/wp-json\/wp\/v2\/types\/page"}],"author":[{"embeddable":true,"href":"https:\/\/fips.unsa.edu.pe\/telecomunicaciones\/wp-json\/wp\/v2\/users\/1"}],"replies":[{"embeddable":true,"href":"https:\/\/fips.unsa.edu.pe\/telecomunicaciones\/wp-json\/wp\/v2\/comments?post=1235"}],"version-history":[{"count":10,"href":"https:\/\/fips.unsa.edu.pe\/telecomunicaciones\/wp-json\/wp\/v2\/pages\/1235\/revisions"}],"predecessor-version":[{"id":2329,"href":"https:\/\/fips.unsa.edu.pe\/telecomunicaciones\/wp-json\/wp\/v2\/pages\/1235\/revisions\/2329"}],"wp:featuredmedia":[{"embeddable":true,"href":"https:\/\/fips.unsa.edu.pe\/telecomunicaciones\/wp-json\/wp\/v2\/media\/1476"}],"wp:attachment":[{"href":"https:\/\/fips.unsa.edu.pe\/telecomunicaciones\/wp-json\/wp\/v2\/media?parent=1235"}],"curies":[{"name":"wp","href":"https:\/\/api.w.org\/{rel}","templated":true}]}}