{"id":1232,"date":"2018-06-04T15:27:03","date_gmt":"2018-06-04T20:27:03","guid":{"rendered":"https:\/\/fips.unsa.edu.pe\/telecomunicaciones\/?page_id=1232"},"modified":"2025-01-19T08:11:16","modified_gmt":"2025-01-19T13:11:16","slug":"perfil-del-egresado","status":"publish","type":"page","link":"https:\/\/fips.unsa.edu.pe\/telecomunicaciones\/perfil-del-egresado\/","title":{"rendered":"Perfil del Egresado"},"content":{"rendered":"<ul>\n<li style=\"text-align: justify\">\n<p>El egresado de Ingenier\u00eda en Telecomunicaciones ser\u00e1 capaz de planificar, desarrollar, integrar y gestionar sistemas de telecomunicaciones basados en tecnolog\u00edas inal\u00e1mbricas, comunicaciones \u00f3pticas, redes telem\u00e1ticas y procesamiento de la informaci\u00f3n.<\/p>\n<\/li>\n<li>\n<p>Ejercer\u00e1 su profesi\u00f3n investigando y fortaleciendo sus conocimientos continuamente para resolver problemas que involucren a las telecomunicaciones, contribuyendo al desarrollo de la sociedad.<\/p>\n<\/li>\n<li>\n<p>Liderar\u00e1 y ser\u00e1 parte de equipos multidisciplinarios, actuando con \u00e9tica y responsabilidad social, manteniendo una comunicaci\u00f3n efectiva a todo nivel.<\/p>\n<\/li>\n<li>\n<p>Ser\u00e1 capaz de innovar, crear y gerenciar empresas, siendo competitivo con las exigencias y los avances tecnol\u00f3gicos en las telecomunicaciones.<\/p>\n<\/li>\n<\/ul>\n<p>Marzo 2023<\/p>\n","protected":false},"excerpt":{"rendered":"<p>El egresado de Ingenier\u00eda en Telecomunicaciones ser\u00e1 capaz de planificar, desarrollar, integrar y gestionar sistemas de telecomunicaciones basados en tecnolog\u00edas inal\u00e1mbricas, comunicaciones \u00f3pticas, redes telem\u00e1ticas y procesamiento de la informaci\u00f3n. Ejercer\u00e1 su profesi\u00f3n investigando y fortaleciendo sus conocimientos continuamente para resolver problemas que involucren a las telecomunicaciones, contribuyendo al desarrollo de la sociedad. Liderar\u00e1 y [&hellip;]<\/p>\n","protected":false},"author":1,"featured_media":1234,"parent":0,"menu_order":0,"comment_status":"closed","ping_status":"closed","template":"elementor_theme","meta":{"footnotes":""},"class_list":["post-1232","page","type-page","status-publish","has-post-thumbnail","hentry"],"_links":{"self":[{"href":"https:\/\/fips.unsa.edu.pe\/telecomunicaciones\/wp-json\/wp\/v2\/pages\/1232","targetHints":{"allow":["GET"]}}],"collection":[{"href":"https:\/\/fips.unsa.edu.pe\/telecomunicaciones\/wp-json\/wp\/v2\/pages"}],"about":[{"href":"https:\/\/fips.unsa.edu.pe\/telecomunicaciones\/wp-json\/wp\/v2\/types\/page"}],"author":[{"embeddable":true,"href":"https:\/\/fips.unsa.edu.pe\/telecomunicaciones\/wp-json\/wp\/v2\/users\/1"}],"replies":[{"embeddable":true,"href":"https:\/\/fips.unsa.edu.pe\/telecomunicaciones\/wp-json\/wp\/v2\/comments?post=1232"}],"version-history":[{"count":37,"href":"https:\/\/fips.unsa.edu.pe\/telecomunicaciones\/wp-json\/wp\/v2\/pages\/1232\/revisions"}],"predecessor-version":[{"id":2356,"href":"https:\/\/fips.unsa.edu.pe\/telecomunicaciones\/wp-json\/wp\/v2\/pages\/1232\/revisions\/2356"}],"wp:featuredmedia":[{"embeddable":true,"href":"https:\/\/fips.unsa.edu.pe\/telecomunicaciones\/wp-json\/wp\/v2\/media\/1234"}],"wp:attachment":[{"href":"https:\/\/fips.unsa.edu.pe\/telecomunicaciones\/wp-json\/wp\/v2\/media?parent=1232"}],"curies":[{"name":"wp","href":"https:\/\/api.w.org\/{rel}","templated":true}]}}