{"id":1207,"date":"2018-06-04T16:59:15","date_gmt":"2018-06-04T16:59:15","guid":{"rendered":"https:\/\/fips.unsa.edu.pe\/telecomunicaciones\/?page_id=1207"},"modified":"2025-05-08T00:22:57","modified_gmt":"2025-05-08T05:22:57","slug":"vision-y-mision","status":"publish","type":"page","link":"https:\/\/fips.unsa.edu.pe\/telecomunicaciones\/vision-y-mision\/","title":{"rendered":"Misi\u00f3n"},"content":{"rendered":"<h2 style=\"text-align: left\"><strong>MISI\u00d3N<\/strong><\/h2>\n<p style=\"text-align: justify\">Formar profesionales con un criterio cient\u00edfico, t\u00e9cnico, empresarial y humanista capaces de dise\u00f1ar, desarrollar y soportar innovaciones y soluciones de tecnolog\u00edas de la informaci\u00f3n y las telecomunicaciones que conlleven desarrollo, crecimiento y bienestar social y econ\u00f3mico a la regi\u00f3n y la naci\u00f3n.<\/p>\n","protected":false},"excerpt":{"rendered":"<p>MISI\u00d3N Formar profesionales con un criterio cient\u00edfico, t\u00e9cnico, empresarial y humanista capaces de dise\u00f1ar, desarrollar y soportar innovaciones y soluciones de tecnolog\u00edas de la informaci\u00f3n y las telecomunicaciones que conlleven desarrollo, crecimiento y bienestar social y econ\u00f3mico a la regi\u00f3n y la naci\u00f3n.<\/p>\n","protected":false},"author":1,"featured_media":1578,"parent":0,"menu_order":0,"comment_status":"closed","ping_status":"closed","template":"","meta":{"footnotes":""},"class_list":["post-1207","page","type-page","status-publish","has-post-thumbnail","hentry"],"_links":{"self":[{"href":"https:\/\/fips.unsa.edu.pe\/telecomunicaciones\/wp-json\/wp\/v2\/pages\/1207","targetHints":{"allow":["GET"]}}],"collection":[{"href":"https:\/\/fips.unsa.edu.pe\/telecomunicaciones\/wp-json\/wp\/v2\/pages"}],"about":[{"href":"https:\/\/fips.unsa.edu.pe\/telecomunicaciones\/wp-json\/wp\/v2\/types\/page"}],"author":[{"embeddable":true,"href":"https:\/\/fips.unsa.edu.pe\/telecomunicaciones\/wp-json\/wp\/v2\/users\/1"}],"replies":[{"embeddable":true,"href":"https:\/\/fips.unsa.edu.pe\/telecomunicaciones\/wp-json\/wp\/v2\/comments?post=1207"}],"version-history":[{"count":67,"href":"https:\/\/fips.unsa.edu.pe\/telecomunicaciones\/wp-json\/wp\/v2\/pages\/1207\/revisions"}],"predecessor-version":[{"id":2625,"href":"https:\/\/fips.unsa.edu.pe\/telecomunicaciones\/wp-json\/wp\/v2\/pages\/1207\/revisions\/2625"}],"wp:featuredmedia":[{"embeddable":true,"href":"https:\/\/fips.unsa.edu.pe\/telecomunicaciones\/wp-json\/wp\/v2\/media\/1578"}],"wp:attachment":[{"href":"https:\/\/fips.unsa.edu.pe\/telecomunicaciones\/wp-json\/wp\/v2\/media?parent=1207"}],"curies":[{"name":"wp","href":"https:\/\/api.w.org\/{rel}","templated":true}]}}