{"id":1203,"date":"2018-06-04T16:38:07","date_gmt":"2018-06-04T16:38:07","guid":{"rendered":"https:\/\/fips.unsa.edu.pe\/telecomunicaciones\/?page_id=1203"},"modified":"2025-08-30T10:26:54","modified_gmt":"2025-08-30T15:26:54","slug":"resena-historica","status":"publish","type":"page","link":"https:\/\/fips.unsa.edu.pe\/telecomunicaciones\/resena-historica\/","title":{"rendered":"Rese\u00f1a Hist\u00f3rica"},"content":{"rendered":"<h2 style=\"text-align: left\"><strong>Nuestra Rese\u00f1a Hist\u00f3rica<\/strong><\/h2>\n<p style=\"text-align: justify\">El programa fue creado mediante Resoluci\u00f3n de Asamblea Universitaria N\u00ba 006-2011 de fecha 09 de marzo de 2011.<\/p>\n<p style=\"text-align: justify\">El programa vino funcionando en los ambientes de la Escuela Profesional de Ingenier\u00eda Electr\u00f3nica hasta agosto de 2021, en que ya cuenta con su propia infraestructura en el campus de Ingenier\u00edas de la Universidad, ubicado en la esquina de la Av. Venezuela y calle Paucarpata en el cercado de la ciudad de Arequipa.<\/p>\n<p style=\"text-align: justify\">El semestre 2016-B egres\u00f3 la primera promoci\u00f3n de bachilleres en Ingenier\u00eda en Telecomunicaciones; es por este motivo que el 2018 este programa inicia el proceso de acreditaci\u00f3n con ICACIT, logr\u00e1ndolo en diciembre de 2020 por un per\u00edodo de seis (6) a\u00f1os.<\/p>\n<p style=\"text-align: justify\">El Programa cuenta con: egresados, bachilleres y con t\u00edtulo profesional de Ingeniero en Telecomunicaciones.<\/p>\n<p style=\"text-align: justify\">Tambi\u00e9n en el 2021 se realiz\u00f3 la entrega del edificio de Telecomunicaciones por parte de la autoridad universitaria, el cual consta de: Cinco (5) aulas para el dictado de clase, Cuatro (4) laboratorios de la especialidad (en proceso de implementaci\u00f3n), sala de profesores, sala de tutor\u00edas, sala de grados y ambientes para investigaci\u00f3n y sala de profesores.<\/p>\n<div class=\"row\">\n<div class=\"col-md-3 col-sm-6\"><a href=\"https:\/\/fips.unsa.edu.pe\/telecomunicaciones\/wp-content\/uploads\/sites\/7\/2023\/03\/CHAUDER_UNSA-58-scaled.jpg\" target=\"_blank\" rel=\"noopener noreferrer\" class=\"thumbnail\"><img decoding=\"async\" alt=\"Historia 1\" src=\"https:\/\/fips.unsa.edu.pe\/telecomunicaciones\/wp-content\/uploads\/sites\/7\/2023\/03\/CHAUDER_UNSA-58-scaled.jpg\" style=\"height: 180px;object-fit: cover\"><\/a><\/div>\n<div class=\"col-md-3 col-sm-6\"><a href=\"https:\/\/fips.unsa.edu.pe\/telecomunicaciones\/wp-content\/uploads\/sites\/7\/2023\/03\/CHAUDER_UNSA-7-scaled.jpg\" target=\"_blank\" rel=\"noopener noreferrer\" class=\"thumbnail\"><img decoding=\"async\" alt=\"Historia 2\" src=\"https:\/\/fips.unsa.edu.pe\/telecomunicaciones\/wp-content\/uploads\/sites\/7\/2023\/03\/CHAUDER_UNSA-7-scaled.jpg\" style=\"height: 180px;object-fit: cover\"><\/a><\/div>\n<div class=\"col-md-3 col-sm-6\"><a href=\"https:\/\/fips.unsa.edu.pe\/telecomunicaciones\/wp-content\/uploads\/sites\/7\/2023\/03\/CHAUDER_UNSA-28-scaled.jpg\" target=\"_blank\" rel=\"noopener noreferrer\" class=\"thumbnail\"><img decoding=\"async\" alt=\"Historia 3\" src=\"https:\/\/fips.unsa.edu.pe\/telecomunicaciones\/wp-content\/uploads\/sites\/7\/2023\/03\/CHAUDER_UNSA-28-scaled.jpg\" style=\"height: 180px;object-fit: cover\"><\/a><\/div>\n<div class=\"col-md-3 col-sm-6\"><a href=\"https:\/\/fips.unsa.edu.pe\/telecomunicaciones\/wp-content\/uploads\/sites\/7\/2023\/03\/CHAUDER_UNSA-59-scaled.jpg\" target=\"_blank\" rel=\"noopener noreferrer\" class=\"thumbnail\"><img decoding=\"async\" alt=\"Historia 4\" src=\"https:\/\/fips.unsa.edu.pe\/telecomunicaciones\/wp-content\/uploads\/sites\/7\/2023\/03\/CHAUDER_UNSA-59-scaled.jpg\" style=\"height: 180px;object-fit: cover\"><\/a><\/div>\n<\/div>\n","protected":false},"excerpt":{"rendered":"<p>Nuestra Rese\u00f1a Hist\u00f3rica El programa fue creado mediante Resoluci\u00f3n de Asamblea Universitaria N\u00ba 006-2011 de fecha 09 de marzo de 2011. El programa vino funcionando en los ambientes de la Escuela Profesional de Ingenier\u00eda Electr\u00f3nica hasta agosto de 2021, en que ya cuenta con su propia infraestructura en el campus de Ingenier\u00edas de la Universidad, [&hellip;]<\/p>\n","protected":false},"author":1,"featured_media":1204,"parent":0,"menu_order":0,"comment_status":"closed","ping_status":"closed","template":"page-blanco.php","meta":{"footnotes":""},"class_list":["post-1203","page","type-page","status-publish","has-post-thumbnail","hentry"],"_links":{"self":[{"href":"https:\/\/fips.unsa.edu.pe\/telecomunicaciones\/wp-json\/wp\/v2\/pages\/1203","targetHints":{"allow":["GET"]}}],"collection":[{"href":"https:\/\/fips.unsa.edu.pe\/telecomunicaciones\/wp-json\/wp\/v2\/pages"}],"about":[{"href":"https:\/\/fips.unsa.edu.pe\/telecomunicaciones\/wp-json\/wp\/v2\/types\/page"}],"author":[{"embeddable":true,"href":"https:\/\/fips.unsa.edu.pe\/telecomunicaciones\/wp-json\/wp\/v2\/users\/1"}],"replies":[{"embeddable":true,"href":"https:\/\/fips.unsa.edu.pe\/telecomunicaciones\/wp-json\/wp\/v2\/comments?post=1203"}],"version-history":[{"count":36,"href":"https:\/\/fips.unsa.edu.pe\/telecomunicaciones\/wp-json\/wp\/v2\/pages\/1203\/revisions"}],"predecessor-version":[{"id":2794,"href":"https:\/\/fips.unsa.edu.pe\/telecomunicaciones\/wp-json\/wp\/v2\/pages\/1203\/revisions\/2794"}],"wp:featuredmedia":[{"embeddable":true,"href":"https:\/\/fips.unsa.edu.pe\/telecomunicaciones\/wp-json\/wp\/v2\/media\/1204"}],"wp:attachment":[{"href":"https:\/\/fips.unsa.edu.pe\/telecomunicaciones\/wp-json\/wp\/v2\/media?parent=1203"}],"curies":[{"name":"wp","href":"https:\/\/api.w.org\/{rel}","templated":true}]}}