{"id":80,"date":"2021-08-05T01:54:16","date_gmt":"2021-08-05T01:54:16","guid":{"rendered":"https:\/\/fips.unsa.edu.pe\/systemengineering\/?page_id=80"},"modified":"2021-08-23T16:40:44","modified_gmt":"2021-08-23T16:40:44","slug":"advisory-committee","status":"publish","type":"page","link":"https:\/\/fips.unsa.edu.pe\/systemengineering\/advisory-committee\/","title":{"rendered":"Advisory committee"},"content":{"rendered":"<ul>\n<li><a href=\"https:\/\/fips.unsa.edu.pe\/ingenieriadesistemas\/wp-content\/uploads\/sites\/2\/2021\/08\/A-LFREDO-GAMA-ZAPATA.pdf\">A LFREDO GAMA ZAPATA<\/a><\/li>\n<li><a href=\"https:\/\/fips.unsa.edu.pe\/ingenieriadesistemas\/wp-content\/uploads\/sites\/2\/2021\/08\/ALEXANDER-ANGULO-KCANA.pdf\">ALEXANDER ANGULO KCANA<\/a><\/li>\n<li><a href=\"https:\/\/fips.unsa.edu.pe\/ingenieriadesistemas\/wp-content\/uploads\/sites\/2\/2021\/08\/HUGO-VICENTE-RODRIGO-MAMANI.pdf\">HUGO VICENTE RODRIGO MAMANI<\/a><\/li>\n<li><a href=\"https:\/\/fips.unsa.edu.pe\/ingenieriadesistemas\/wp-content\/uploads\/sites\/2\/2021\/08\/J-ENNY-S-ANDRA-I-QUICE-L-OPE.pdf\">J ENNY S ANDRA I QUICE L OPE<\/a><\/li>\n<li><a href=\"https:\/\/fips.unsa.edu.pe\/ingenieriadesistemas\/wp-content\/uploads\/sites\/2\/2021\/08\/JONATHAN-CHILQUE-GUEVARA.pdf\">JONATHAN CHILQUE GUEVARA<\/a><\/li>\n<li><a href=\"https:\/\/fips.unsa.edu.pe\/ingenieriadesistemas\/wp-content\/uploads\/sites\/2\/2021\/08\/JEAN-PIERRE-VALDIVIA-RODRIGUEZ.pdf\">JEAN PIERRE VALDIVIA RODRIGUEZ<\/a><\/li>\n<li><a href=\"https:\/\/fips.unsa.edu.pe\/ingenieriadesistemas\/wp-content\/uploads\/sites\/2\/2021\/08\/JUAN-CARLOS-PRADO-RIVA.pdf\">JUAN CARLOS PRADO RIVA<\/a><\/li>\n<li><a href=\"https:\/\/fips.unsa.edu.pe\/ingenieriadesistemas\/wp-content\/uploads\/sites\/2\/2021\/08\/M-EDARDO-D-ELGADO-P-AREDES.pdf\">M EDARDO D ELGADO P AREDES<\/a><\/li>\n<li><a href=\"https:\/\/fips.unsa.edu.pe\/ingenieriadesistemas\/wp-content\/uploads\/sites\/2\/2021\/08\/MIGUEL-ANGEL-HUAMAN-YANARICO.pdf\">MIGUEL ANGEL HUAMAN YANARICO<\/a><\/li>\n<li><a href=\"https:\/\/fips.unsa.edu.pe\/ingenieriadesistemas\/wp-content\/uploads\/sites\/2\/2021\/08\/ROCIO-GUADALUPE-LOPEZ-BEGAZO.pdf\">ROCIO GUADALUPE L\u00d3PEZ BEGAZO<\/a><\/li>\n<li><a href=\"https:\/\/fips.unsa.edu.pe\/ingenieriadesistemas\/wp-content\/uploads\/sites\/2\/2021\/08\/WILFREDO-FELIX-QUISPE-INFANTES.pdf\">WILFREDO FELIX QUISPE INFANTES<\/a><\/li>\n<li><a href=\"https:\/\/fips.unsa.edu.pe\/ingenieriadesistemas\/wp-content\/uploads\/sites\/2\/2021\/08\/WILLY-JOSE-LOPEZ-ABUGATTAS.pdf\">WILLY JOS\u00c9 L\u00d3PEZ ABUGATT\u00c1S<\/a><\/li>\n<\/ul>\n","protected":false},"excerpt":{"rendered":"<p>A LFREDO GAMA ZAPATA ALEXANDER ANGULO KCANA HUGO VICENTE RODRIGO MAMANI J ENNY S ANDRA I QUICE L OPE JONATHAN CHILQUE GUEVARA JEAN PIERRE VALDIVIA RODRIGUEZ JUAN CARLOS PRADO RIVA M EDARDO D ELGADO P AREDES MIGUEL ANGEL HUAMAN YANARICO ROCIO GUADALUPE L\u00d3PEZ BEGAZO WILFREDO FELIX QUISPE INFANTES WILLY JOS\u00c9 L\u00d3PEZ ABUGATT\u00c1S<\/p>\n","protected":false},"author":4,"featured_media":157,"parent":0,"menu_order":0,"comment_status":"closed","ping_status":"closed","template":"page-galeria.php","meta":{"footnotes":""},"class_list":["post-80","page","type-page","status-publish","has-post-thumbnail","hentry"],"_links":{"self":[{"href":"https:\/\/fips.unsa.edu.pe\/systemengineering\/wp-json\/wp\/v2\/pages\/80","targetHints":{"allow":["GET"]}}],"collection":[{"href":"https:\/\/fips.unsa.edu.pe\/systemengineering\/wp-json\/wp\/v2\/pages"}],"about":[{"href":"https:\/\/fips.unsa.edu.pe\/systemengineering\/wp-json\/wp\/v2\/types\/page"}],"author":[{"embeddable":true,"href":"https:\/\/fips.unsa.edu.pe\/systemengineering\/wp-json\/wp\/v2\/users\/4"}],"replies":[{"embeddable":true,"href":"https:\/\/fips.unsa.edu.pe\/systemengineering\/wp-json\/wp\/v2\/comments?post=80"}],"version-history":[{"count":2,"href":"https:\/\/fips.unsa.edu.pe\/systemengineering\/wp-json\/wp\/v2\/pages\/80\/revisions"}],"predecessor-version":[{"id":180,"href":"https:\/\/fips.unsa.edu.pe\/systemengineering\/wp-json\/wp\/v2\/pages\/80\/revisions\/180"}],"wp:featuredmedia":[{"embeddable":true,"href":"https:\/\/fips.unsa.edu.pe\/systemengineering\/wp-json\/wp\/v2\/media\/157"}],"wp:attachment":[{"href":"https:\/\/fips.unsa.edu.pe\/systemengineering\/wp-json\/wp\/v2\/media?parent=80"}],"curies":[{"name":"wp","href":"https:\/\/api.w.org\/{rel}","templated":true}]}}