{"id":1593,"date":"2020-07-21T14:50:44","date_gmt":"2020-07-21T19:50:44","guid":{"rendered":"https:\/\/fips.unsa.edu.pe\/ingenieriamecanica\/?page_id=1593"},"modified":"2020-09-15T11:16:05","modified_gmt":"2020-09-15T16:16:05","slug":"objetivos-educacionales","status":"publish","type":"page","link":"https:\/\/fips.unsa.edu.pe\/ingenieriamecanica\/objetivos-educacionales\/","title":{"rendered":"Objetivos Educacionales"},"content":{"rendered":"<p>El programa de Ingenier\u00eda Mec\u00e1nica espera que sus graduados, luego de tres a\u00f1os despu\u00e9s de su graduaci\u00f3n, logren los siguientes objetivos educacionales:<\/p>\n<ul>\n<li><strong>OE1.-<\/strong> Demostrar una s\u00f3lida competencia tecnol\u00f3gica en el planeamiento, dise\u00f1o, construcci\u00f3n, montaje, operaci\u00f3n, mantenimiento, gesti\u00f3n, evaluaci\u00f3n e innovaci\u00f3n de sistemas mec\u00e1nicos y energ\u00e9ticos, considerando criterios econ\u00f3micos, sociales y sostenibles<\/li>\n<li><strong>OE2.-<\/strong> Asumir liderazgo, \u00e9tica y responsabilidad social en la soluci\u00f3n de problemas y proyectos de ingenier\u00eda que se presentan a nivel local, regional, nacional e internacional, observando siempre las normas t\u00e9cnico-legales nacionales e internacionales<\/li>\n<li><strong>OE3.-<\/strong> Capacitarse permanentemente en los avances cient\u00edficos del conocimiento, nuevas tendencias tecnol\u00f3gicas respetando los est\u00e1ndares y asumiendo responsabilidades profesionales en trabajos multidisciplinarios a favor de la sociedad y el medio ambiente y realizar estudios de especializaci\u00f3n y posgrado<\/li>\n<\/ul>\n<p>&nbsp;<\/p>\n","protected":false},"excerpt":{"rendered":"<p>El programa de Ingenier\u00eda Mec\u00e1nica espera que sus graduados, luego de tres a\u00f1os despu\u00e9s de su graduaci\u00f3n, logren los siguientes objetivos educacionales: OE1.- Demostrar una s\u00f3lida competencia tecnol\u00f3gica en el planeamiento, dise\u00f1o, construcci\u00f3n, montaje, operaci\u00f3n, mantenimiento, gesti\u00f3n, evaluaci\u00f3n e innovaci\u00f3n de sistemas mec\u00e1nicos y energ\u00e9ticos, considerando criterios econ\u00f3micos, sociales y sostenibles OE2.- Asumir liderazgo, \u00e9tica [&hellip;]<\/p>\n","protected":false},"author":1,"featured_media":1611,"parent":0,"menu_order":0,"comment_status":"closed","ping_status":"closed","template":"","meta":{"footnotes":""},"class_list":["post-1593","page","type-page","status-publish","has-post-thumbnail","hentry"],"_links":{"self":[{"href":"https:\/\/fips.unsa.edu.pe\/ingenieriamecanica\/wp-json\/wp\/v2\/pages\/1593","targetHints":{"allow":["GET"]}}],"collection":[{"href":"https:\/\/fips.unsa.edu.pe\/ingenieriamecanica\/wp-json\/wp\/v2\/pages"}],"about":[{"href":"https:\/\/fips.unsa.edu.pe\/ingenieriamecanica\/wp-json\/wp\/v2\/types\/page"}],"author":[{"embeddable":true,"href":"https:\/\/fips.unsa.edu.pe\/ingenieriamecanica\/wp-json\/wp\/v2\/users\/1"}],"replies":[{"embeddable":true,"href":"https:\/\/fips.unsa.edu.pe\/ingenieriamecanica\/wp-json\/wp\/v2\/comments?post=1593"}],"version-history":[{"count":6,"href":"https:\/\/fips.unsa.edu.pe\/ingenieriamecanica\/wp-json\/wp\/v2\/pages\/1593\/revisions"}],"predecessor-version":[{"id":1612,"href":"https:\/\/fips.unsa.edu.pe\/ingenieriamecanica\/wp-json\/wp\/v2\/pages\/1593\/revisions\/1612"}],"wp:featuredmedia":[{"embeddable":true,"href":"https:\/\/fips.unsa.edu.pe\/ingenieriamecanica\/wp-json\/wp\/v2\/media\/1611"}],"wp:attachment":[{"href":"https:\/\/fips.unsa.edu.pe\/ingenieriamecanica\/wp-json\/wp\/v2\/media?parent=1593"}],"curies":[{"name":"wp","href":"https:\/\/api.w.org\/{rel}","templated":true}]}}