{"id":1248,"date":"2017-09-12T14:48:20","date_gmt":"2017-09-12T14:48:20","guid":{"rendered":"http:\/\/www2.unsa.edu.pe\/escuelas\/ingmecanica\/?page_id=1248"},"modified":"2017-10-20T19:03:48","modified_gmt":"2017-10-20T19:03:48","slug":"grados-y-titulos","status":"publish","type":"page","link":"https:\/\/fips.unsa.edu.pe\/ingenieriamecanica\/grados-y-titulos\/","title":{"rendered":"Grados y Titulos"},"content":{"rendered":"<p>La carrera tiene una duraci\u00f3n de 5 a\u00f1os.<br \/>\nGrado Acad\u00e9mico de Bachiller en Ingenier\u00eda Mec\u00e1nica.<br \/>\nT\u00edtulo Profesional de Ingeniero Mec\u00e1nico.<\/p>\n","protected":false},"excerpt":{"rendered":"<p>La carrera tiene una duraci\u00f3n de 5 a\u00f1os. Grado Acad\u00e9mico de Bachiller en Ingenier\u00eda Mec\u00e1nica. T\u00edtulo Profesional de Ingeniero Mec\u00e1nico.<\/p>\n","protected":false},"author":1,"featured_media":1286,"parent":0,"menu_order":0,"comment_status":"closed","ping_status":"closed","template":"","meta":{"footnotes":""},"class_list":["post-1248","page","type-page","status-publish","has-post-thumbnail","hentry"],"_links":{"self":[{"href":"https:\/\/fips.unsa.edu.pe\/ingenieriamecanica\/wp-json\/wp\/v2\/pages\/1248","targetHints":{"allow":["GET"]}}],"collection":[{"href":"https:\/\/fips.unsa.edu.pe\/ingenieriamecanica\/wp-json\/wp\/v2\/pages"}],"about":[{"href":"https:\/\/fips.unsa.edu.pe\/ingenieriamecanica\/wp-json\/wp\/v2\/types\/page"}],"author":[{"embeddable":true,"href":"https:\/\/fips.unsa.edu.pe\/ingenieriamecanica\/wp-json\/wp\/v2\/users\/1"}],"replies":[{"embeddable":true,"href":"https:\/\/fips.unsa.edu.pe\/ingenieriamecanica\/wp-json\/wp\/v2\/comments?post=1248"}],"version-history":[{"count":2,"href":"https:\/\/fips.unsa.edu.pe\/ingenieriamecanica\/wp-json\/wp\/v2\/pages\/1248\/revisions"}],"predecessor-version":[{"id":1303,"href":"https:\/\/fips.unsa.edu.pe\/ingenieriamecanica\/wp-json\/wp\/v2\/pages\/1248\/revisions\/1303"}],"wp:featuredmedia":[{"embeddable":true,"href":"https:\/\/fips.unsa.edu.pe\/ingenieriamecanica\/wp-json\/wp\/v2\/media\/1286"}],"wp:attachment":[{"href":"https:\/\/fips.unsa.edu.pe\/ingenieriamecanica\/wp-json\/wp\/v2\/media?parent=1248"}],"curies":[{"name":"wp","href":"https:\/\/api.w.org\/{rel}","templated":true}]}}