{"id":1209,"date":"2017-08-07T20:42:33","date_gmt":"2017-08-07T20:42:33","guid":{"rendered":"http:\/\/www2.unsa.edu.pe\/escuelas\/ingmecanica\/?page_id=1203"},"modified":"2018-04-09T19:26:45","modified_gmt":"2018-04-09T19:26:45","slug":"campo-ocupacional","status":"publish","type":"page","link":"https:\/\/fips.unsa.edu.pe\/ingenieriamecanica\/campo-ocupacional\/","title":{"rendered":"Campo Ocupacional"},"content":{"rendered":"<p>El Ingeniero Mec\u00e1nico puede dise\u00f1ar, construir, fabricar, instalar, mantener, reparar y as\u00ed como hacer labores de peritaje y de consultor\u00eda.<\/p>\n<p><strong>Sector P\u00fablico:<\/strong><br \/>\nEmpresas estatales y para estatales dedicadas a la generaci\u00f3n de transporte y distribuci\u00f3n de energ\u00eda el\u00e9ctrica, a la explotaci\u00f3n y transformaci\u00f3n de recursos naturales como el petr\u00f3leo, la madera, los minerales, la pesca, etc.<\/p>\n<p><strong>Sector Privado:<\/strong><br \/>\nEmpresas consultoras y contratistas dedicadas al dise\u00f1o, montaje, supervisi\u00f3n y mantenimiento de estructuras metal-mec\u00e1nicas, equipos transformadores de energ\u00eda, m\u00e1quinas herramientas, m\u00e1quinas agroindustrial, etc.<\/p>\n<p>Elaboraci\u00f3n y ejecuci\u00f3n de proyectos de desarrollo, transferencia y adaptaci\u00f3n de nuevas tecnolog\u00edas.<\/p>\n","protected":false},"excerpt":{"rendered":"<p>El Ingeniero Mec\u00e1nico puede dise\u00f1ar, construir, fabricar, instalar, mantener, reparar y as\u00ed como hacer labores de peritaje y de consultor\u00eda. Sector P\u00fablico: Empresas estatales y para estatales dedicadas a la generaci\u00f3n de transporte y distribuci\u00f3n de energ\u00eda el\u00e9ctrica, a la explotaci\u00f3n y transformaci\u00f3n de recursos naturales como el petr\u00f3leo, la madera, los minerales, la pesca, [&hellip;]<\/p>\n","protected":false},"author":1,"featured_media":1285,"parent":0,"menu_order":0,"comment_status":"closed","ping_status":"closed","template":"","meta":{"footnotes":""},"class_list":["post-1209","page","type-page","status-publish","has-post-thumbnail","hentry"],"_links":{"self":[{"href":"https:\/\/fips.unsa.edu.pe\/ingenieriamecanica\/wp-json\/wp\/v2\/pages\/1209","targetHints":{"allow":["GET"]}}],"collection":[{"href":"https:\/\/fips.unsa.edu.pe\/ingenieriamecanica\/wp-json\/wp\/v2\/pages"}],"about":[{"href":"https:\/\/fips.unsa.edu.pe\/ingenieriamecanica\/wp-json\/wp\/v2\/types\/page"}],"author":[{"embeddable":true,"href":"https:\/\/fips.unsa.edu.pe\/ingenieriamecanica\/wp-json\/wp\/v2\/users\/1"}],"replies":[{"embeddable":true,"href":"https:\/\/fips.unsa.edu.pe\/ingenieriamecanica\/wp-json\/wp\/v2\/comments?post=1209"}],"version-history":[{"count":3,"href":"https:\/\/fips.unsa.edu.pe\/ingenieriamecanica\/wp-json\/wp\/v2\/pages\/1209\/revisions"}],"predecessor-version":[{"id":1726,"href":"https:\/\/fips.unsa.edu.pe\/ingenieriamecanica\/wp-json\/wp\/v2\/pages\/1209\/revisions\/1726"}],"wp:featuredmedia":[{"embeddable":true,"href":"https:\/\/fips.unsa.edu.pe\/ingenieriamecanica\/wp-json\/wp\/v2\/media\/1285"}],"wp:attachment":[{"href":"https:\/\/fips.unsa.edu.pe\/ingenieriamecanica\/wp-json\/wp\/v2\/media?parent=1209"}],"curies":[{"name":"wp","href":"https:\/\/api.w.org\/{rel}","templated":true}]}}