{"id":1208,"date":"2017-08-07T20:41:50","date_gmt":"2017-08-07T20:41:50","guid":{"rendered":"http:\/\/www2.unsa.edu.pe\/escuelas\/ingmecanica\/?page_id=1201"},"modified":"2017-10-20T18:51:38","modified_gmt":"2017-10-20T18:51:38","slug":"competencias-especificas-y-de-especialidad","status":"publish","type":"page","link":"https:\/\/fips.unsa.edu.pe\/ingenieriamecanica\/competencias-especificas-y-de-especialidad\/","title":{"rendered":"Competencias espec\u00edficas y de especialidad"},"content":{"rendered":"<ul>\n<li>Desarrolla proyectos con los conocimientos y competencias adquiridas, incluyendo la construcci\u00f3n, reforma, reparaci\u00f3n, conservaci\u00f3n, demolici\u00f3n, fabricaci\u00f3n, instalaci\u00f3n, montaje o explotaci\u00f3n de: estructuras, equipos mec\u00e1nicos, instalaciones energ\u00e9ticas, instalaciones y plantas industriales y procesos de fabricaci\u00f3n y automatizaci\u00f3n<\/li>\n<li>Aplica conocimientos en materias b\u00e1sicas y tecnol\u00f3gicas que le permiten el aprendizaje de nuevos m\u00e9todos y teor\u00edas, dot\u00e1ndole de versatilidad para adaptarse a nuevas situaciones.<\/li>\n<li>Resuelve problemas con iniciativa, toma de decisiones, tiene creatividad, razonamiento cr\u00edtico y capacidad de comunicar y transmitir conocimientos de manera pronta y eficaz.<\/li>\n<li>Utiliza especificaciones, reglamentos y normas de obligado cumplimiento en el desarrollo de su vida profesional<\/li>\n<li>Aplica su capacidad de an\u00e1lisis y valora el impacto social y medioambiental de las soluciones t\u00e9cnicas<\/li>\n<li>Incorpora los principios y m\u00e9todos de la calidad en el desarrollo de proyectos, de forma responsable con los requerimientos del cliente<\/li>\n<li>Organiza y planifica dentro del \u00e1mbito de la empresa y otras instituciones an\u00e1logas, de forma estructurada<\/li>\n<li>Trabaja en un entorno multidisciplinar y multicultural en forma organizada y proactiva<\/li>\n<li>Dise\u00f1a y ensaya m\u00e1quinas considerando las normas nacionales e internacionales.<\/li>\n<li>Aplica los principios de la Ingenier\u00eda t\u00e9rmica en sus proyectos, y toma en cuenta su entorno medio-ambiental<\/li>\n<li>Utiliza los fundamentos de la elasticidad y resistencia de materiales al comportamiento de s\u00f3lidos reales<\/li>\n<li>Dise\u00f1a estructuras y construcciones industriales con criterio, contando con las \u00faltimas t\u00e9cnicas digitales y el software especializado<\/li>\n<li>Usa los fundamentos de los sistemas y m\u00e1quinas fluido-mec\u00e1nicas en la soluci\u00f3n de problemas tecnol\u00f3gicos<\/li>\n<li>Dise\u00f1a y aplica los conocimientos de materiales, sistemas y procesos de fabricaci\u00f3n, metrolog\u00eda y control de calidad en la fabricaci\u00f3n de partes y equipos buscando la rentabilidad y la reducci\u00f3n de tiempos<\/li>\n<\/ul>\n","protected":false},"excerpt":{"rendered":"<p>Desarrolla proyectos con los conocimientos y competencias adquiridas, incluyendo la construcci\u00f3n, reforma, reparaci\u00f3n, conservaci\u00f3n, demolici\u00f3n, fabricaci\u00f3n, instalaci\u00f3n, montaje o explotaci\u00f3n de: estructuras, equipos mec\u00e1nicos, instalaciones energ\u00e9ticas, instalaciones y plantas industriales y procesos de fabricaci\u00f3n y automatizaci\u00f3n Aplica conocimientos en materias b\u00e1sicas y tecnol\u00f3gicas que le permiten el aprendizaje de nuevos m\u00e9todos y teor\u00edas, dot\u00e1ndole de [&hellip;]<\/p>\n","protected":false},"author":1,"featured_media":1283,"parent":0,"menu_order":0,"comment_status":"closed","ping_status":"closed","template":"","meta":{"footnotes":""},"class_list":["post-1208","page","type-page","status-publish","has-post-thumbnail","hentry"],"_links":{"self":[{"href":"https:\/\/fips.unsa.edu.pe\/ingenieriamecanica\/wp-json\/wp\/v2\/pages\/1208","targetHints":{"allow":["GET"]}}],"collection":[{"href":"https:\/\/fips.unsa.edu.pe\/ingenieriamecanica\/wp-json\/wp\/v2\/pages"}],"about":[{"href":"https:\/\/fips.unsa.edu.pe\/ingenieriamecanica\/wp-json\/wp\/v2\/types\/page"}],"author":[{"embeddable":true,"href":"https:\/\/fips.unsa.edu.pe\/ingenieriamecanica\/wp-json\/wp\/v2\/users\/1"}],"replies":[{"embeddable":true,"href":"https:\/\/fips.unsa.edu.pe\/ingenieriamecanica\/wp-json\/wp\/v2\/comments?post=1208"}],"version-history":[{"count":2,"href":"https:\/\/fips.unsa.edu.pe\/ingenieriamecanica\/wp-json\/wp\/v2\/pages\/1208\/revisions"}],"predecessor-version":[{"id":1292,"href":"https:\/\/fips.unsa.edu.pe\/ingenieriamecanica\/wp-json\/wp\/v2\/pages\/1208\/revisions\/1292"}],"wp:featuredmedia":[{"embeddable":true,"href":"https:\/\/fips.unsa.edu.pe\/ingenieriamecanica\/wp-json\/wp\/v2\/media\/1283"}],"wp:attachment":[{"href":"https:\/\/fips.unsa.edu.pe\/ingenieriamecanica\/wp-json\/wp\/v2\/media?parent=1208"}],"curies":[{"name":"wp","href":"https:\/\/api.w.org\/{rel}","templated":true}]}}