{"id":1206,"date":"2017-08-07T20:40:29","date_gmt":"2017-08-07T20:40:29","guid":{"rendered":"http:\/\/www2.unsa.edu.pe\/escuelas\/ingmecanica\/?page_id=1197"},"modified":"2018-04-09T19:25:28","modified_gmt":"2018-04-09T19:25:28","slug":"perfil-del-egresado","status":"publish","type":"page","link":"https:\/\/fips.unsa.edu.pe\/ingenieriamecanica\/perfil-del-egresado\/","title":{"rendered":"Perfil del Egresado"},"content":{"rendered":"<p>Es un profesional con las competencias y habilidades necesarias para comprender, analizar y aplicar conocimientos cient\u00edficos y pr\u00e1cticos, al concluir la carrera, el egresado debe:<\/p>\n<ul>\n<li>Contar con conocimientos s\u00f3lidos de las ciencias de la ingenier\u00eda que le permitan explicar el funcionamiento de dispositivos, equipos y procesos desde la perspectiva de la ingenier\u00eda mec\u00e1nica, as\u00ed como identificar problemas y oportunidades de mejora en productos y procesos, y aprovechar en forma sustentable los recursos del pa\u00eds.<\/li>\n<\/ul>\n<ul>\n<li>Realizar instalaci\u00f3n de plantas industriales, con el fin de que sean eficientes y sustentables, cumpliendo leyes y reglamentos nacionales e internacionales.<\/li>\n<li>Construir m\u00e1quinas herramientas, agr\u00edcolas e industriales que permitan mejorar e impulsar la producci\u00f3n para beneficio del sector industrial del pa\u00eds, respetando normas nacionales e internacionales, implementando procesos sustentables.<\/li>\n<li>Participar en los proyectos energ\u00e9ticos sustentados en energ\u00edas renovables.<\/li>\n<li>Tener los conocimientos tecnol\u00f3gicos a fin de participar en los proyectos de explotaci\u00f3n y distribuci\u00f3n del gas natural e hidrocarburos.<\/li>\n<li>Analizar y evaluar te\u00f3rica y experimentalmente sistemas estructurales y sistemas mec\u00e1nicos.<\/li>\n<li>Dise\u00f1ar e integrar elementos de m\u00e1quinas, mecanismos, apoyado por software especializado<\/li>\n<li>Dise\u00f1ar, desarrollar e instalar sistemas energ\u00e9ticos en el \u00e1rea de termo fluidos,\u00a0 sistemas de fabricaci\u00f3n, sistemas de aire acondicionado.<\/li>\n<li>Dise\u00f1ar y evaluar sistemas de control de la contaminaci\u00f3n industrial.<\/li>\n<li>Dise\u00f1ar e implementar programas de mantenimiento industrial.<\/li>\n<li>Integrar equipos de trabajo multidisciplinarios para resolver problemas de la industria.<\/li>\n<li>Formar parte de equipos de investigaci\u00f3n y desarrollo.<\/li>\n<\/ul>\n<ul>\n<li>Entendimiento de la responsabilidad profesional y \u00e9tica<\/li>\n<\/ul>\n","protected":false},"excerpt":{"rendered":"<p>Es un profesional con las competencias y habilidades necesarias para comprender, analizar y aplicar conocimientos cient\u00edficos y pr\u00e1cticos, al concluir la carrera, el egresado debe: Contar con conocimientos s\u00f3lidos de las ciencias de la ingenier\u00eda que le permitan explicar el funcionamiento de dispositivos, equipos y procesos desde la perspectiva de la ingenier\u00eda mec\u00e1nica, as\u00ed como [&hellip;]<\/p>\n","protected":false},"author":1,"featured_media":1286,"parent":0,"menu_order":0,"comment_status":"closed","ping_status":"closed","template":"","meta":{"footnotes":""},"class_list":["post-1206","page","type-page","status-publish","has-post-thumbnail","hentry"],"_links":{"self":[{"href":"https:\/\/fips.unsa.edu.pe\/ingenieriamecanica\/wp-json\/wp\/v2\/pages\/1206","targetHints":{"allow":["GET"]}}],"collection":[{"href":"https:\/\/fips.unsa.edu.pe\/ingenieriamecanica\/wp-json\/wp\/v2\/pages"}],"about":[{"href":"https:\/\/fips.unsa.edu.pe\/ingenieriamecanica\/wp-json\/wp\/v2\/types\/page"}],"author":[{"embeddable":true,"href":"https:\/\/fips.unsa.edu.pe\/ingenieriamecanica\/wp-json\/wp\/v2\/users\/1"}],"replies":[{"embeddable":true,"href":"https:\/\/fips.unsa.edu.pe\/ingenieriamecanica\/wp-json\/wp\/v2\/comments?post=1206"}],"version-history":[{"count":4,"href":"https:\/\/fips.unsa.edu.pe\/ingenieriamecanica\/wp-json\/wp\/v2\/pages\/1206\/revisions"}],"predecessor-version":[{"id":1384,"href":"https:\/\/fips.unsa.edu.pe\/ingenieriamecanica\/wp-json\/wp\/v2\/pages\/1206\/revisions\/1384"}],"wp:featuredmedia":[{"embeddable":true,"href":"https:\/\/fips.unsa.edu.pe\/ingenieriamecanica\/wp-json\/wp\/v2\/media\/1286"}],"wp:attachment":[{"href":"https:\/\/fips.unsa.edu.pe\/ingenieriamecanica\/wp-json\/wp\/v2\/media?parent=1206"}],"curies":[{"name":"wp","href":"https:\/\/api.w.org\/{rel}","templated":true}]}}