{"id":1203,"date":"2017-08-07T20:28:15","date_gmt":"2017-08-07T20:28:15","guid":{"rendered":"http:\/\/www2.unsa.edu.pe\/escuelas\/ingmecanica\/?page_id=1188"},"modified":"2020-07-21T14:39:11","modified_gmt":"2020-07-21T19:39:11","slug":"mision","status":"publish","type":"page","link":"https:\/\/fips.unsa.edu.pe\/ingenieriamecanica\/mision\/","title":{"rendered":"Misi\u00f3n"},"content":{"rendered":"<div class=\"cua-gra\"><img loading=\"lazy\" decoding=\"async\" class=\"hidden-xs alignnone size-medium wp-image-1285\" src=\"http:\/\/www2.unsa.edu.pe\/fips\/ingmecanica\/wp-content\/uploads\/sites\/5\/2017\/10\/mecanica-360x203.jpg\" alt=\"\" width=\"360\" height=\"203\" srcset=\"https:\/\/fips.unsa.edu.pe\/ingenieriamecanica\/wp-content\/uploads\/sites\/5\/2017\/10\/mecanica-360x203.jpg 360w, https:\/\/fips.unsa.edu.pe\/ingenieriamecanica\/wp-content\/uploads\/sites\/5\/2017\/10\/mecanica-768x432.jpg 768w, https:\/\/fips.unsa.edu.pe\/ingenieriamecanica\/wp-content\/uploads\/sites\/5\/2017\/10\/mecanica.jpg 1280w\" sizes=\"auto, (max-width: 360px) 100vw, 360px\" \/><\/p>\n<h4>Misi\u00f3n<\/h4>\n<p>Formar profesionales competentes y \u00e9ticos con capacidad para la investigaci\u00f3n e innovaci\u00f3n generando conocimiento cient\u00edfico y tecnol\u00f3gico en Ingenier\u00eda Mec\u00e1nica, contribuyendo al desarrollo sostenible de la regi\u00f3n y del pa\u00eds<\/div>\n","protected":false},"excerpt":{"rendered":"","protected":false},"author":1,"featured_media":0,"parent":0,"menu_order":0,"comment_status":"closed","ping_status":"closed","template":"page-blanco.php","meta":{"footnotes":""},"class_list":["post-1203","page","type-page","status-publish","hentry"],"_links":{"self":[{"href":"https:\/\/fips.unsa.edu.pe\/ingenieriamecanica\/wp-json\/wp\/v2\/pages\/1203","targetHints":{"allow":["GET"]}}],"collection":[{"href":"https:\/\/fips.unsa.edu.pe\/ingenieriamecanica\/wp-json\/wp\/v2\/pages"}],"about":[{"href":"https:\/\/fips.unsa.edu.pe\/ingenieriamecanica\/wp-json\/wp\/v2\/types\/page"}],"author":[{"embeddable":true,"href":"https:\/\/fips.unsa.edu.pe\/ingenieriamecanica\/wp-json\/wp\/v2\/users\/1"}],"replies":[{"embeddable":true,"href":"https:\/\/fips.unsa.edu.pe\/ingenieriamecanica\/wp-json\/wp\/v2\/comments?post=1203"}],"version-history":[{"count":3,"href":"https:\/\/fips.unsa.edu.pe\/ingenieriamecanica\/wp-json\/wp\/v2\/pages\/1203\/revisions"}],"predecessor-version":[{"id":1592,"href":"https:\/\/fips.unsa.edu.pe\/ingenieriamecanica\/wp-json\/wp\/v2\/pages\/1203\/revisions\/1592"}],"wp:attachment":[{"href":"https:\/\/fips.unsa.edu.pe\/ingenieriamecanica\/wp-json\/wp\/v2\/media?parent=1203"}],"curies":[{"name":"wp","href":"https:\/\/api.w.org\/{rel}","templated":true}]}}