{"id":1202,"date":"2017-08-07T20:27:04","date_gmt":"2017-08-07T20:27:04","guid":{"rendered":"http:\/\/www2.unsa.edu.pe\/escuelas\/ingmecanica\/?page_id=1186"},"modified":"2017-10-20T19:02:51","modified_gmt":"2017-10-20T19:02:51","slug":"resena-historica","status":"publish","type":"page","link":"https:\/\/fips.unsa.edu.pe\/ingenieriamecanica\/resena-historica\/","title":{"rendered":"Rese\u00f1a Hist\u00f3rica"},"content":{"rendered":"<p>La Escuela Acad\u00e9mico Profesional de Ingenier\u00eda Mec\u00e1nica fue creada por Resoluci\u00f3n Rectoral N\u00aa N\u00b0 024-97 del 13 de enero de 1997, visto el acuerdo de Asamblea Universitaria en sesi\u00f3n en sesi\u00f3n del 29 de diciembre de 1997 se dispuso el ingreso de los estudiantes a la Escuela profesional de Ingenier\u00eda Mec\u00e1nica.<\/p>\n<p>El Ingeniero Mec\u00e1nico es formado para planificar y controlar la fabricaci\u00f3n, instalaci\u00f3n, funcionamiento y mantenimiento de equipos y maquinarias en general. Puede trabajar en las diferentes empresas productivas del Sector P\u00fablico y Privada (Industrias en general, laboratorios de control de calidad, empresas consultoras de proyectos, etc.); en los Institutos de educaci\u00f3n superior y universidades.<\/p>\n","protected":false},"excerpt":{"rendered":"<p>La Escuela Acad\u00e9mico Profesional de Ingenier\u00eda Mec\u00e1nica fue creada por Resoluci\u00f3n Rectoral N\u00aa N\u00b0 024-97 del 13 de enero de 1997, visto el acuerdo de Asamblea Universitaria en sesi\u00f3n en sesi\u00f3n del 29 de diciembre de 1997 se dispuso el ingreso de los estudiantes a la Escuela profesional de Ingenier\u00eda Mec\u00e1nica. El Ingeniero Mec\u00e1nico es [&hellip;]<\/p>\n","protected":false},"author":1,"featured_media":1293,"parent":0,"menu_order":0,"comment_status":"closed","ping_status":"closed","template":"","meta":{"footnotes":""},"class_list":["post-1202","page","type-page","status-publish","has-post-thumbnail","hentry"],"_links":{"self":[{"href":"https:\/\/fips.unsa.edu.pe\/ingenieriamecanica\/wp-json\/wp\/v2\/pages\/1202","targetHints":{"allow":["GET"]}}],"collection":[{"href":"https:\/\/fips.unsa.edu.pe\/ingenieriamecanica\/wp-json\/wp\/v2\/pages"}],"about":[{"href":"https:\/\/fips.unsa.edu.pe\/ingenieriamecanica\/wp-json\/wp\/v2\/types\/page"}],"author":[{"embeddable":true,"href":"https:\/\/fips.unsa.edu.pe\/ingenieriamecanica\/wp-json\/wp\/v2\/users\/1"}],"replies":[{"embeddable":true,"href":"https:\/\/fips.unsa.edu.pe\/ingenieriamecanica\/wp-json\/wp\/v2\/comments?post=1202"}],"version-history":[{"count":2,"href":"https:\/\/fips.unsa.edu.pe\/ingenieriamecanica\/wp-json\/wp\/v2\/pages\/1202\/revisions"}],"predecessor-version":[{"id":1299,"href":"https:\/\/fips.unsa.edu.pe\/ingenieriamecanica\/wp-json\/wp\/v2\/pages\/1202\/revisions\/1299"}],"wp:featuredmedia":[{"embeddable":true,"href":"https:\/\/fips.unsa.edu.pe\/ingenieriamecanica\/wp-json\/wp\/v2\/media\/1293"}],"wp:attachment":[{"href":"https:\/\/fips.unsa.edu.pe\/ingenieriamecanica\/wp-json\/wp\/v2\/media?parent=1202"}],"curies":[{"name":"wp","href":"https:\/\/api.w.org\/{rel}","templated":true}]}}