{"id":1201,"date":"2017-08-07T20:26:27","date_gmt":"2017-08-07T20:26:27","guid":{"rendered":"http:\/\/www2.unsa.edu.pe\/escuelas\/ingmecanica\/?page_id=1184"},"modified":"2018-06-27T09:53:12","modified_gmt":"2018-06-27T14:53:12","slug":"presentacion","status":"publish","type":"page","link":"https:\/\/fips.unsa.edu.pe\/ingenieriamecanica\/presentacion\/","title":{"rendered":"Presentaci\u00f3n"},"content":{"rendered":"<p>La escuela profesional de ingenier\u00eda mec\u00e1nica forma profesionales con s\u00f3lidos conocimientos en ciencias formales e ingenier\u00eda y con una formaci\u00f3n especializada en procesos de manufactura y equipos industriales.<\/p>\n<p>La ingenier\u00eda mec\u00e1nica es una disciplina estrechamente ligada al desarrollo cient\u00edfico, tecnol\u00f3gico y econ\u00f3mico del pa\u00eds. Su creciente diversificaci\u00f3n y especializaci\u00f3n sobre todo en los \u00faltimos a\u00f1os, es un reflejo de la importancia que tiene como \u00e1rea del conocimiento en el contexto nacionales as\u00ed que la Ingenier\u00eda Mec\u00e1nica tiene un posicionamiento estrat\u00e9gico en el desarrollo econ\u00f3mico e industrial del pa\u00eds, es por ello que en la universidad Nacional de San Agust\u00edn se inicia como Ingenier\u00eda Mec\u00e1nica El\u00e9ctrica desde al a\u00f1o 1983 hasta 1997\u00a0 en que se decide ante la gran demanda profesional y la especializaci\u00f3n\u00a0 formar ingenieros mec\u00e1nicos espec\u00edficos hasta hoy.<\/p>\n","protected":false},"excerpt":{"rendered":"<p>La escuela profesional de ingenier\u00eda mec\u00e1nica forma profesionales con s\u00f3lidos conocimientos en ciencias formales e ingenier\u00eda y con una formaci\u00f3n especializada en procesos de manufactura y equipos industriales. La ingenier\u00eda mec\u00e1nica es una disciplina estrechamente ligada al desarrollo cient\u00edfico, tecnol\u00f3gico y econ\u00f3mico del pa\u00eds. Su creciente diversificaci\u00f3n y especializaci\u00f3n sobre todo en los \u00faltimos a\u00f1os, [&hellip;]<\/p>\n","protected":false},"author":1,"featured_media":1295,"parent":0,"menu_order":0,"comment_status":"closed","ping_status":"closed","template":"","meta":{"footnotes":""},"class_list":["post-1201","page","type-page","status-publish","has-post-thumbnail","hentry"],"_links":{"self":[{"href":"https:\/\/fips.unsa.edu.pe\/ingenieriamecanica\/wp-json\/wp\/v2\/pages\/1201","targetHints":{"allow":["GET"]}}],"collection":[{"href":"https:\/\/fips.unsa.edu.pe\/ingenieriamecanica\/wp-json\/wp\/v2\/pages"}],"about":[{"href":"https:\/\/fips.unsa.edu.pe\/ingenieriamecanica\/wp-json\/wp\/v2\/types\/page"}],"author":[{"embeddable":true,"href":"https:\/\/fips.unsa.edu.pe\/ingenieriamecanica\/wp-json\/wp\/v2\/users\/1"}],"replies":[{"embeddable":true,"href":"https:\/\/fips.unsa.edu.pe\/ingenieriamecanica\/wp-json\/wp\/v2\/comments?post=1201"}],"version-history":[{"count":4,"href":"https:\/\/fips.unsa.edu.pe\/ingenieriamecanica\/wp-json\/wp\/v2\/pages\/1201\/revisions"}],"predecessor-version":[{"id":1473,"href":"https:\/\/fips.unsa.edu.pe\/ingenieriamecanica\/wp-json\/wp\/v2\/pages\/1201\/revisions\/1473"}],"wp:featuredmedia":[{"embeddable":true,"href":"https:\/\/fips.unsa.edu.pe\/ingenieriamecanica\/wp-json\/wp\/v2\/media\/1295"}],"wp:attachment":[{"href":"https:\/\/fips.unsa.edu.pe\/ingenieriamecanica\/wp-json\/wp\/v2\/media?parent=1201"}],"curies":[{"name":"wp","href":"https:\/\/api.w.org\/{rel}","templated":true}]}}