{"id":939,"date":"2022-11-12T23:26:13","date_gmt":"2022-11-13T04:26:13","guid":{"rendered":"https:\/\/fips.unsa.edu.pe\/ingenieriaindustrial\/?page_id=939"},"modified":"2025-06-06T11:51:21","modified_gmt":"2025-06-06T16:51:21","slug":"egresados","status":"publish","type":"page","link":"https:\/\/fips.unsa.edu.pe\/ingenieriaindustrial\/egresados\/","title":{"rendered":"Politica"},"content":{"rendered":"<h2>Pol\u00edtica de Calidad Institucional<\/h2>\n<p>La Universidad Nacional de San Agust\u00edn de Arequipa garantiza que sus estudiantes de pregrado y posgrado accedan a un servicio educativo universitario de calidad, a trav\u00e9s de la mejora continua de los procesos de ense\u00f1anza aprendizaje, investigaci\u00f3n y responsabilidad social universitaria; el resultado es la formaci\u00f3n integral de profesionales competentes y con valores, que contribuyan al desarrollo sostenible de la regi\u00f3n y del pa\u00eds.<\/p>\n<p>Nos comprometemos a:<\/p>\n<ul>\n<li>Gestionar la propiedad intelectual teniendo como resultado la formaci\u00f3n y especializaci\u00f3n integral de profesionales competentes y con valores<\/li>\n<li>Cumplir con los requisitos y legislaci\u00f3n aplicables, relacionados con nuestros servicios que superen las expectativas de las partes interesadas.<\/li>\n<li>Promover la mejora continua de nuestros procesos de ense\u00f1anza, aprendizaje, investigaci\u00f3n y responsabilidad social universitaria<\/li>\n<li>Fomentar la responsabilidad social y realizar el seguimiento de las percepciones de nuestras partes interesadas respecto a nuestros servicios.<\/li>\n<li>La presente pol\u00edtica es difundida a nuestras partes interesadas, y es revisada de forma peri\u00f3dica para garantizar su idoneidad.<\/li>\n<\/ul>\n<p style=\"text-align: center\">HUGO JOSE ROJAS FLORES<br \/>\nRECTOR<br \/>\nAprobada con RCU N\u00b0 0510-2022, emitida el 19 de octubre de 2022.<\/p>\n","protected":false},"excerpt":{"rendered":"<p>Pol\u00edtica de Calidad Institucional La Universidad Nacional de San Agust\u00edn de Arequipa garantiza que sus estudiantes de pregrado y posgrado accedan a un servicio educativo universitario de calidad, a trav\u00e9s de la mejora continua de los procesos de ense\u00f1anza aprendizaje, investigaci\u00f3n y responsabilidad social universitaria; el resultado es la formaci\u00f3n integral de profesionales competentes y [&hellip;]<\/p>\n","protected":false},"author":1,"featured_media":0,"parent":0,"menu_order":0,"comment_status":"closed","ping_status":"closed","template":"","meta":{"_acf_changed":false,"footnotes":""},"class_list":["post-939","page","type-page","status-publish","hentry"],"acf":[],"_links":{"self":[{"href":"https:\/\/fips.unsa.edu.pe\/ingenieriaindustrial\/wp-json\/wp\/v2\/pages\/939","targetHints":{"allow":["GET"]}}],"collection":[{"href":"https:\/\/fips.unsa.edu.pe\/ingenieriaindustrial\/wp-json\/wp\/v2\/pages"}],"about":[{"href":"https:\/\/fips.unsa.edu.pe\/ingenieriaindustrial\/wp-json\/wp\/v2\/types\/page"}],"author":[{"embeddable":true,"href":"https:\/\/fips.unsa.edu.pe\/ingenieriaindustrial\/wp-json\/wp\/v2\/users\/1"}],"replies":[{"embeddable":true,"href":"https:\/\/fips.unsa.edu.pe\/ingenieriaindustrial\/wp-json\/wp\/v2\/comments?post=939"}],"version-history":[{"count":6,"href":"https:\/\/fips.unsa.edu.pe\/ingenieriaindustrial\/wp-json\/wp\/v2\/pages\/939\/revisions"}],"predecessor-version":[{"id":1096,"href":"https:\/\/fips.unsa.edu.pe\/ingenieriaindustrial\/wp-json\/wp\/v2\/pages\/939\/revisions\/1096"}],"wp:attachment":[{"href":"https:\/\/fips.unsa.edu.pe\/ingenieriaindustrial\/wp-json\/wp\/v2\/media?parent=939"}],"curies":[{"name":"wp","href":"https:\/\/api.w.org\/{rel}","templated":true}]}}