{"id":63,"date":"2017-07-03T20:05:34","date_gmt":"2017-07-03T20:05:34","guid":{"rendered":"http:\/\/www2.unsa.edu.pe\/escuelas\/ingindustrial\/?page_id=63"},"modified":"2019-09-13T08:52:38","modified_gmt":"2019-09-13T13:52:38","slug":"mision","status":"publish","type":"page","link":"https:\/\/fips.unsa.edu.pe\/ingenieriaindustrial\/mision\/","title":{"rendered":"Misi\u00f3n"},"content":{"rendered":"<div class=\"cua-gri\"><\/p>\n<h4><img loading=\"lazy\" decoding=\"async\" class=\"hidden-xs alignnone size-medium wp-image-274\" src=\"https:\/\/fips.unsa.edu.pe\/ingenieriaindustrial\/wp-content\/uploads\/sites\/6\/2017\/10\/ingenieria-industrial-1-360x203.jpg\" alt=\"\" width=\"360\" height=\"203\" \/>Misi\u00f3n<\/h4>\n<p>Comprometidos con la formaci\u00f3n integral de profesionales competentes en investigaci\u00f3n, innovaci\u00f3n y gesti\u00f3n tecnol\u00f3gica en el campo de la Ingenier\u00eda Industrial, capaces de contribuir al bienestar del pa\u00eds con \u00e9tica y responsabilidad social, ecol\u00f3gica e identidad nacional.<\/div>\n","protected":false},"excerpt":{"rendered":"","protected":false},"author":1,"featured_media":0,"parent":0,"menu_order":0,"comment_status":"closed","ping_status":"closed","template":"","meta":{"_acf_changed":false,"footnotes":""},"class_list":["post-63","page","type-page","status-publish","hentry"],"acf":[],"_links":{"self":[{"href":"https:\/\/fips.unsa.edu.pe\/ingenieriaindustrial\/wp-json\/wp\/v2\/pages\/63","targetHints":{"allow":["GET"]}}],"collection":[{"href":"https:\/\/fips.unsa.edu.pe\/ingenieriaindustrial\/wp-json\/wp\/v2\/pages"}],"about":[{"href":"https:\/\/fips.unsa.edu.pe\/ingenieriaindustrial\/wp-json\/wp\/v2\/types\/page"}],"author":[{"embeddable":true,"href":"https:\/\/fips.unsa.edu.pe\/ingenieriaindustrial\/wp-json\/wp\/v2\/users\/1"}],"replies":[{"embeddable":true,"href":"https:\/\/fips.unsa.edu.pe\/ingenieriaindustrial\/wp-json\/wp\/v2\/comments?post=63"}],"version-history":[{"count":11,"href":"https:\/\/fips.unsa.edu.pe\/ingenieriaindustrial\/wp-json\/wp\/v2\/pages\/63\/revisions"}],"predecessor-version":[{"id":564,"href":"https:\/\/fips.unsa.edu.pe\/ingenieriaindustrial\/wp-json\/wp\/v2\/pages\/63\/revisions\/564"}],"wp:attachment":[{"href":"https:\/\/fips.unsa.edu.pe\/ingenieriaindustrial\/wp-json\/wp\/v2\/media?parent=63"}],"curies":[{"name":"wp","href":"https:\/\/api.w.org\/{rel}","templated":true}]}}