{"id":58,"date":"2017-07-03T19:55:45","date_gmt":"2017-07-03T19:55:45","guid":{"rendered":"http:\/\/www2.unsa.edu.pe\/escuelas\/ingindustrial\/?page_id=58"},"modified":"2020-06-03T19:31:47","modified_gmt":"2020-06-04T00:31:47","slug":"resena-historica","status":"publish","type":"page","link":"https:\/\/fips.unsa.edu.pe\/ingenieriaindustrial\/resena-historica\/","title":{"rendered":"Rese\u00f1a Hist\u00f3rica"},"content":{"rendered":"<p>El Programa Acad\u00e9mico de Ingenier\u00eda Industrial fue creado por asamblea de claustro pleno el 11 de diciembre del a\u00f1o 1973. El 9 de diciembre de 1983 se promulga la Ley Universitaria 23733 y se retorna al sistema de Facultades, con lo cual pasa a denominarse Escuela Profesional de Ingenier\u00eda Industrial.<\/p>\n<p><a href=\"https:\/\/fips.unsa.edu.pe\/ingenieriaindustrial\/wp-content\/uploads\/sites\/6\/2020\/06\/ACTA-DE-CREACION.pdf\">ACTA DE CREACION<\/a><\/p>\n","protected":false},"excerpt":{"rendered":"<p>El Programa Acad\u00e9mico de Ingenier\u00eda Industrial fue creado por asamblea de claustro pleno el 11 de diciembre del a\u00f1o 1973. El 9 de diciembre de 1983 se promulga la Ley Universitaria 23733 y se retorna al sistema de Facultades, con lo cual pasa a denominarse Escuela Profesional de Ingenier\u00eda Industrial. ACTA DE CREACION<\/p>\n","protected":false},"author":1,"featured_media":269,"parent":0,"menu_order":0,"comment_status":"closed","ping_status":"closed","template":"","meta":{"_acf_changed":false,"footnotes":""},"class_list":["post-58","page","type-page","status-publish","has-post-thumbnail","hentry"],"acf":[],"_links":{"self":[{"href":"https:\/\/fips.unsa.edu.pe\/ingenieriaindustrial\/wp-json\/wp\/v2\/pages\/58","targetHints":{"allow":["GET"]}}],"collection":[{"href":"https:\/\/fips.unsa.edu.pe\/ingenieriaindustrial\/wp-json\/wp\/v2\/pages"}],"about":[{"href":"https:\/\/fips.unsa.edu.pe\/ingenieriaindustrial\/wp-json\/wp\/v2\/types\/page"}],"author":[{"embeddable":true,"href":"https:\/\/fips.unsa.edu.pe\/ingenieriaindustrial\/wp-json\/wp\/v2\/users\/1"}],"replies":[{"embeddable":true,"href":"https:\/\/fips.unsa.edu.pe\/ingenieriaindustrial\/wp-json\/wp\/v2\/comments?post=58"}],"version-history":[{"count":4,"href":"https:\/\/fips.unsa.edu.pe\/ingenieriaindustrial\/wp-json\/wp\/v2\/pages\/58\/revisions"}],"predecessor-version":[{"id":605,"href":"https:\/\/fips.unsa.edu.pe\/ingenieriaindustrial\/wp-json\/wp\/v2\/pages\/58\/revisions\/605"}],"wp:featuredmedia":[{"embeddable":true,"href":"https:\/\/fips.unsa.edu.pe\/ingenieriaindustrial\/wp-json\/wp\/v2\/media\/269"}],"wp:attachment":[{"href":"https:\/\/fips.unsa.edu.pe\/ingenieriaindustrial\/wp-json\/wp\/v2\/media?parent=58"}],"curies":[{"name":"wp","href":"https:\/\/api.w.org\/{rel}","templated":true}]}}