{"id":547,"date":"2018-09-18T10:23:42","date_gmt":"2018-09-18T15:23:42","guid":{"rendered":"https:\/\/fips.unsa.edu.pe\/ingenieriaindustrial\/?page_id=547"},"modified":"2022-09-02T19:54:40","modified_gmt":"2022-09-03T00:54:40","slug":"resultados-del-estudiante","status":"publish","type":"page","link":"https:\/\/fips.unsa.edu.pe\/ingenieriaindustrial\/resultados-del-estudiante\/","title":{"rendered":"Resultados del Estudiante"},"content":{"rendered":"<p><span style=\"color: #333399\"><strong>Los Resultados del Estudiante de la Escuela de Ingenier\u00eda Industrial son:<\/strong><\/span><\/p>\n<table class=\"table table-striped\" style=\"height: 1254px\" width=\"855\">\n<tbody>\n<tr>\n<td width=\"576\"><span style=\"color: #333399\"><strong>1. Soluci\u00f3n de Problemas de Ingenier\u00eda<\/strong><\/span><\/p>\n<p>Identifica, formula y resuelve problemas complejos de Ingenier\u00eda Industrial, aplicando principios de ingenier\u00eda, ciencias y matem\u00e1ticas, usando t\u00e9cnicas, m\u00e9todos, herramientas y normas apropiadas.<\/td>\n<\/tr>\n<tr>\n<td width=\"576\"><span style=\"color: #333399\"><strong>2. Dise\u00f1o en Ingenier\u00eda<\/strong><\/span><\/p>\n<p>Dise\u00f1a un sistema, producto o proceso en el campo de la Ingenier\u00eda Industrial que satisface necesidades y requerimientos, considerando salud p\u00fablica, seguridad y bienestar, as\u00ed como factores globales, culturales, sociales, ambientales y econ\u00f3micos.<\/td>\n<\/tr>\n<tr>\n<td width=\"576\"><span style=\"color: #333399\"><strong>3. Comunicaci\u00f3n Efectiva<\/strong><\/span><\/p>\n<p>Se comunica de manera clara y efectiva en forma oral, escrita y gr\u00e1fica seg\u00fan los diferentes tipos de interlocutores o audiencias.<\/td>\n<\/tr>\n<tr>\n<td width=\"576\"><span style=\"color: #333399\"><strong>4.a. \u00c9tica y Responsabilidad Profesional<\/strong><\/span><\/p>\n<p>Desarrolla un comportamiento \u00e9tico y asume responsabilidad por los proyectos y trabajos realizados, tomando decisiones de manera informada y justa.<\/td>\n<\/tr>\n<tr>\n<td width=\"576\"><span style=\"color: #333399\"><strong>4.b. Impacto de la Ingenier\u00eda<\/strong><\/span><\/p>\n<p>Comprende y eval\u00faa el impacto que las soluciones de Ingenier\u00eda Industrial tienen sobre las personas y la sociedad en contextos local, global, econ\u00f3mico y ambiental.<\/td>\n<\/tr>\n<tr>\n<td width=\"576\"><span style=\"color: #333399\"><strong>5.a. Trabajo en Equipo<\/strong><\/span><\/p>\n<p>Se integra y participa efectivamente en equipos de trabajo, aportando con liderazgo para crear un ambiente colaborativo e inclusivo.<\/td>\n<\/tr>\n<tr>\n<td width=\"576\"><span style=\"color: #333399\"><strong>5.b. Gesti\u00f3n de Proyectos<\/strong><\/span><\/p>\n<p>Dentro del contexto del trabajo en equipo, planifica y gestiona proyectos de Ingenier\u00eda Industrial definiendo objetivos, utilizando efectivamente los recursos y logrando metas.<\/td>\n<\/tr>\n<tr>\n<td width=\"576\"><span style=\"color: #333399\"><strong>6. Experimentaci\u00f3n y Pruebas<\/strong><\/span><\/p>\n<p>Desarrolla y conduce experimentos de manera apropiada, analiza datos, interpreta resultados, y aplica criterios de ingenier\u00eda para formular conclusiones.<\/td>\n<\/tr>\n<tr>\n<td width=\"576\"><span style=\"color: #333399\"><strong>7. Aprendizaje Aut\u00f3nomo<\/strong><\/span><\/p>\n<p>Adquiere y aplica nuevo conocimiento para permanecer vigente y actualizado, usando estrategias de aprendizaje apropiadas.<\/td>\n<\/tr>\n<\/tbody>\n<\/table>\n<p><strong>\u00a0<\/strong><\/p>\n","protected":false},"excerpt":{"rendered":"<p>Los Resultados del Estudiante de la Escuela de Ingenier\u00eda Industrial son: 1. Soluci\u00f3n de Problemas de Ingenier\u00eda Identifica, formula y resuelve problemas complejos de Ingenier\u00eda Industrial, aplicando principios de ingenier\u00eda, ciencias y matem\u00e1ticas, usando t\u00e9cnicas, m\u00e9todos, herramientas y normas apropiadas. 2. Dise\u00f1o en Ingenier\u00eda Dise\u00f1a un sistema, producto o proceso en el campo de la [&hellip;]<\/p>\n","protected":false},"author":1,"featured_media":264,"parent":0,"menu_order":0,"comment_status":"closed","ping_status":"closed","template":"","meta":{"_acf_changed":false,"footnotes":""},"class_list":["post-547","page","type-page","status-publish","has-post-thumbnail","hentry"],"acf":[],"_links":{"self":[{"href":"https:\/\/fips.unsa.edu.pe\/ingenieriaindustrial\/wp-json\/wp\/v2\/pages\/547","targetHints":{"allow":["GET"]}}],"collection":[{"href":"https:\/\/fips.unsa.edu.pe\/ingenieriaindustrial\/wp-json\/wp\/v2\/pages"}],"about":[{"href":"https:\/\/fips.unsa.edu.pe\/ingenieriaindustrial\/wp-json\/wp\/v2\/types\/page"}],"author":[{"embeddable":true,"href":"https:\/\/fips.unsa.edu.pe\/ingenieriaindustrial\/wp-json\/wp\/v2\/users\/1"}],"replies":[{"embeddable":true,"href":"https:\/\/fips.unsa.edu.pe\/ingenieriaindustrial\/wp-json\/wp\/v2\/comments?post=547"}],"version-history":[{"count":5,"href":"https:\/\/fips.unsa.edu.pe\/ingenieriaindustrial\/wp-json\/wp\/v2\/pages\/547\/revisions"}],"predecessor-version":[{"id":921,"href":"https:\/\/fips.unsa.edu.pe\/ingenieriaindustrial\/wp-json\/wp\/v2\/pages\/547\/revisions\/921"}],"wp:featuredmedia":[{"embeddable":true,"href":"https:\/\/fips.unsa.edu.pe\/ingenieriaindustrial\/wp-json\/wp\/v2\/media\/264"}],"wp:attachment":[{"href":"https:\/\/fips.unsa.edu.pe\/ingenieriaindustrial\/wp-json\/wp\/v2\/media?parent=547"}],"curies":[{"name":"wp","href":"https:\/\/api.w.org\/{rel}","templated":true}]}}