{"id":539,"date":"2018-07-10T16:18:25","date_gmt":"2018-07-10T21:18:25","guid":{"rendered":"https:\/\/fips.unsa.edu.pe\/ingenieriaindustrial\/?page_id=539"},"modified":"2021-04-28T22:35:13","modified_gmt":"2021-04-29T03:35:13","slug":"grados-y-titulos","status":"publish","type":"page","link":"https:\/\/fips.unsa.edu.pe\/ingenieriaindustrial\/grados-y-titulos\/","title":{"rendered":"Grados y T\u00edtulos"},"content":{"rendered":"<ul>\n<li><strong><span style=\"color: #333399\">GRADO ACAD\u00c9MICO:<\/span><br \/>\n<em>Bachiller en Ingenier\u00eda Industrial<\/em><\/strong><\/li>\n<\/ul>\n<ul>\n<li><strong><span style=\"color: #333399\">T\u00cdTULO PROFESIONAL:<\/span><br \/>\n<em>Ingeniero Industrial<\/em><\/strong><\/li>\n<\/ul>\n","protected":false},"excerpt":{"rendered":"<p>GRADO ACAD\u00c9MICO: Bachiller en Ingenier\u00eda Industrial T\u00cdTULO PROFESIONAL: Ingeniero Industrial<\/p>\n","protected":false},"author":1,"featured_media":0,"parent":0,"menu_order":0,"comment_status":"closed","ping_status":"closed","template":"","meta":{"_acf_changed":false,"footnotes":""},"class_list":["post-539","page","type-page","status-publish","hentry"],"acf":[],"_links":{"self":[{"href":"https:\/\/fips.unsa.edu.pe\/ingenieriaindustrial\/wp-json\/wp\/v2\/pages\/539","targetHints":{"allow":["GET"]}}],"collection":[{"href":"https:\/\/fips.unsa.edu.pe\/ingenieriaindustrial\/wp-json\/wp\/v2\/pages"}],"about":[{"href":"https:\/\/fips.unsa.edu.pe\/ingenieriaindustrial\/wp-json\/wp\/v2\/types\/page"}],"author":[{"embeddable":true,"href":"https:\/\/fips.unsa.edu.pe\/ingenieriaindustrial\/wp-json\/wp\/v2\/users\/1"}],"replies":[{"embeddable":true,"href":"https:\/\/fips.unsa.edu.pe\/ingenieriaindustrial\/wp-json\/wp\/v2\/comments?post=539"}],"version-history":[{"count":3,"href":"https:\/\/fips.unsa.edu.pe\/ingenieriaindustrial\/wp-json\/wp\/v2\/pages\/539\/revisions"}],"predecessor-version":[{"id":640,"href":"https:\/\/fips.unsa.edu.pe\/ingenieriaindustrial\/wp-json\/wp\/v2\/pages\/539\/revisions\/640"}],"wp:attachment":[{"href":"https:\/\/fips.unsa.edu.pe\/ingenieriaindustrial\/wp-json\/wp\/v2\/media?parent=539"}],"curies":[{"name":"wp","href":"https:\/\/api.w.org\/{rel}","templated":true}]}}