{"id":535,"date":"2018-07-10T16:14:10","date_gmt":"2018-07-10T21:14:10","guid":{"rendered":"https:\/\/fips.unsa.edu.pe\/ingenieriaindustrial\/?page_id=535"},"modified":"2021-04-28T22:35:58","modified_gmt":"2021-04-29T03:35:58","slug":"perfil-del-egresado","status":"publish","type":"page","link":"https:\/\/fips.unsa.edu.pe\/ingenieriaindustrial\/perfil-del-egresado\/","title":{"rendered":"Perfil del Egresado"},"content":{"rendered":"<p><span style=\"color: #333399\"><strong>Objeto de la profesi\u00f3n: <\/strong><\/span>Es un profesional comprometido con la sociedad y con la realidad del pa\u00eds, cuyos conocimientos s\u00f3lidos en ciencias formales, sociales, gesti\u00f3n, procesos y en tecnolog\u00eda, le permite desarrollarse de manera integral en actividades de, an\u00e1lisis, dise\u00f1o, implementaci\u00f3n, y optimizaci\u00f3n de los sistemas productivos y de servicios para incrementar la productividad y competitividad dando valor agregado y conservando el medio ambiente con responsabilidad social.<\/p>\n<p><span style=\"color: #333399\"><strong>Campos de la profesi\u00f3n: <\/strong><\/span>Cadena de suministros, Planeamiento, programaci\u00f3n y control de la producci\u00f3n, gesti\u00f3n de proyectos y sistemas.<\/p>\n<p><strong><span style=\"color: #333399\">Esferas de la profesi\u00f3n:<\/span> <\/strong>Producci\u00f3n, finanzas, comercial y sistemas<\/p>\n","protected":false},"excerpt":{"rendered":"<p>Objeto de la profesi\u00f3n: Es un profesional comprometido con la sociedad y con la realidad del pa\u00eds, cuyos conocimientos s\u00f3lidos en ciencias formales, sociales, gesti\u00f3n, procesos y en tecnolog\u00eda, le permite desarrollarse de manera integral en actividades de, an\u00e1lisis, dise\u00f1o, implementaci\u00f3n, y optimizaci\u00f3n de los sistemas productivos y de servicios para incrementar la productividad y [&hellip;]<\/p>\n","protected":false},"author":1,"featured_media":273,"parent":0,"menu_order":0,"comment_status":"closed","ping_status":"closed","template":"","meta":{"_acf_changed":false,"footnotes":""},"class_list":["post-535","page","type-page","status-publish","has-post-thumbnail","hentry"],"acf":[],"_links":{"self":[{"href":"https:\/\/fips.unsa.edu.pe\/ingenieriaindustrial\/wp-json\/wp\/v2\/pages\/535","targetHints":{"allow":["GET"]}}],"collection":[{"href":"https:\/\/fips.unsa.edu.pe\/ingenieriaindustrial\/wp-json\/wp\/v2\/pages"}],"about":[{"href":"https:\/\/fips.unsa.edu.pe\/ingenieriaindustrial\/wp-json\/wp\/v2\/types\/page"}],"author":[{"embeddable":true,"href":"https:\/\/fips.unsa.edu.pe\/ingenieriaindustrial\/wp-json\/wp\/v2\/users\/1"}],"replies":[{"embeddable":true,"href":"https:\/\/fips.unsa.edu.pe\/ingenieriaindustrial\/wp-json\/wp\/v2\/comments?post=535"}],"version-history":[{"count":2,"href":"https:\/\/fips.unsa.edu.pe\/ingenieriaindustrial\/wp-json\/wp\/v2\/pages\/535\/revisions"}],"predecessor-version":[{"id":641,"href":"https:\/\/fips.unsa.edu.pe\/ingenieriaindustrial\/wp-json\/wp\/v2\/pages\/535\/revisions\/641"}],"wp:featuredmedia":[{"embeddable":true,"href":"https:\/\/fips.unsa.edu.pe\/ingenieriaindustrial\/wp-json\/wp\/v2\/media\/273"}],"wp:attachment":[{"href":"https:\/\/fips.unsa.edu.pe\/ingenieriaindustrial\/wp-json\/wp\/v2\/media?parent=535"}],"curies":[{"name":"wp","href":"https:\/\/api.w.org\/{rel}","templated":true}]}}