{"id":440,"date":"2018-05-03T16:22:53","date_gmt":"2018-05-03T16:22:53","guid":{"rendered":"https:\/\/fips.unsa.edu.pe\/ingenieriaindustrial\/?page_id=440"},"modified":"2021-04-28T22:40:08","modified_gmt":"2021-04-29T03:40:08","slug":"perfil-del-postulante","status":"publish","type":"page","link":"https:\/\/fips.unsa.edu.pe\/ingenieriaindustrial\/perfil-del-postulante\/","title":{"rendered":"Perfil del postulante"},"content":{"rendered":"<ul>\n<li>Facilidad para el aprendizaje de Matem\u00e1tica, F\u00edsica y Qu\u00edmica.<\/li>\n<li>Poseer iniciativa, creatividad y dinamismo.<\/li>\n<li>Capacidad de an\u00e1lisis y s\u00edntesis.<\/li>\n<li>Capacidad de adaptaci\u00f3n e integraci\u00f3n.<\/li>\n<\/ul>\n<h3><span style=\"color: #333399\">El perfil de ingreso:<\/span><\/h3>\n<ul>\n<li><span style=\"color: #333399\"><strong>Caracter\u00edsticas personales:<\/strong><\/span> una persona curiosa y observadora, cr\u00edtica, con capacidad de an\u00e1lisis y abstracci\u00f3n, con inquietud por la mejora continua y un gusto por tecnolog\u00edas de diferentes tipos.<\/li>\n<li><span style=\"color: #333399\"><strong>Aspiraciones y valores:<\/strong><\/span> alto sentido de la responsabilidad, motivaci\u00f3n para realizar trabajo innovador y creativo, con un serio impacto profesional y social e inter\u00e9s en la superaci\u00f3n y el desarrollo personal y profesional.<\/li>\n<li><span style=\"color: #333399\"><strong>Disposiciones y actitudes:<\/strong><\/span> hacia el trabajo orientado al logro de metas claras y realizables e inter\u00e9s en la aplicaci\u00f3n de conocimiento cient\u00edfico, t\u00e9cnico, matem\u00e1tico y organizacional para la resoluci\u00f3n de problemas.<\/li>\n<\/ul>\n","protected":false},"excerpt":{"rendered":"<p>Facilidad para el aprendizaje de Matem\u00e1tica, F\u00edsica y Qu\u00edmica. Poseer iniciativa, creatividad y dinamismo. Capacidad de an\u00e1lisis y s\u00edntesis. Capacidad de adaptaci\u00f3n e integraci\u00f3n. El perfil de ingreso: Caracter\u00edsticas personales: una persona curiosa y observadora, cr\u00edtica, con capacidad de an\u00e1lisis y abstracci\u00f3n, con inquietud por la mejora continua y un gusto por tecnolog\u00edas de diferentes [&hellip;]<\/p>\n","protected":false},"author":1,"featured_media":267,"parent":0,"menu_order":0,"comment_status":"closed","ping_status":"closed","template":"","meta":{"_acf_changed":false,"footnotes":""},"class_list":["post-440","page","type-page","status-publish","has-post-thumbnail","hentry"],"acf":[],"_links":{"self":[{"href":"https:\/\/fips.unsa.edu.pe\/ingenieriaindustrial\/wp-json\/wp\/v2\/pages\/440","targetHints":{"allow":["GET"]}}],"collection":[{"href":"https:\/\/fips.unsa.edu.pe\/ingenieriaindustrial\/wp-json\/wp\/v2\/pages"}],"about":[{"href":"https:\/\/fips.unsa.edu.pe\/ingenieriaindustrial\/wp-json\/wp\/v2\/types\/page"}],"author":[{"embeddable":true,"href":"https:\/\/fips.unsa.edu.pe\/ingenieriaindustrial\/wp-json\/wp\/v2\/users\/1"}],"replies":[{"embeddable":true,"href":"https:\/\/fips.unsa.edu.pe\/ingenieriaindustrial\/wp-json\/wp\/v2\/comments?post=440"}],"version-history":[{"count":6,"href":"https:\/\/fips.unsa.edu.pe\/ingenieriaindustrial\/wp-json\/wp\/v2\/pages\/440\/revisions"}],"predecessor-version":[{"id":648,"href":"https:\/\/fips.unsa.edu.pe\/ingenieriaindustrial\/wp-json\/wp\/v2\/pages\/440\/revisions\/648"}],"wp:featuredmedia":[{"embeddable":true,"href":"https:\/\/fips.unsa.edu.pe\/ingenieriaindustrial\/wp-json\/wp\/v2\/media\/267"}],"wp:attachment":[{"href":"https:\/\/fips.unsa.edu.pe\/ingenieriaindustrial\/wp-json\/wp\/v2\/media?parent=440"}],"curies":[{"name":"wp","href":"https:\/\/api.w.org\/{rel}","templated":true}]}}