{"id":427,"date":"2018-02-12T14:14:13","date_gmt":"2018-02-12T14:14:13","guid":{"rendered":"https:\/\/fips.unsa.edu.pe\/ingenieriaindustrial\/?page_id=427"},"modified":"2022-09-02T19:59:18","modified_gmt":"2022-09-03T00:59:18","slug":"objetivos-educacionales","status":"publish","type":"page","link":"https:\/\/fips.unsa.edu.pe\/ingenieriaindustrial\/objetivos-educacionales\/","title":{"rendered":"Objetivos Educacionales"},"content":{"rendered":"<p><span style=\"color: #000080\"><strong>Se espera que los graduados de la Escuela Profesional de Ingenier\u00eda Industrial algunos a\u00f1os despu\u00e9s de su graduaci\u00f3n logren:<\/strong><\/span><\/p>\n<table class=\"table table-striped\" style=\"height: 500px\" width=\"966\">\n<tbody>\n<tr>\n<td width=\"263\"><span style=\"color: #000080\"><strong>OBJETIVO EDUCACIONAL <\/strong><\/span><\/td>\n<td width=\"254\"><span style=\"color: #000080\"><strong>APORTE <\/strong><\/span><\/td>\n<\/tr>\n<tr>\n<td width=\"263\">Brindar alternativas de soluci\u00f3n a los problemas de la sociedad para contribuir al crecimiento y desarrollo social dotado de una s\u00f3lida base de conocimientos en ingenier\u00eda y formaci\u00f3n \u00e9tica.<\/td>\n<td width=\"254\">Brindar alternativas de soluci\u00f3n a los problemas de la sociedad para contribuir al crecimiento y desarrollo social dotado de una s\u00f3lida base de conocimientos en ingenier\u00eda y formaci\u00f3n \u00e9tica<\/td>\n<\/tr>\n<tr>\n<td width=\"263\">Dirigir los procesos de cambio que involucren mejoras tecnol\u00f3gicas en la organizaci\u00f3n.<\/td>\n<td width=\"254\">Dirigir la gesti\u00f3n integral de los procesos de cambio que involucren mejoras tecnol\u00f3gicas en mercados convencionales y no convencionales.<\/td>\n<\/tr>\n<tr>\n<td width=\"263\">Planificar y administrar proyectos con criterios de eficiencia, productividad, \u00e9tica y cuidado del medio ambiente.<\/td>\n<td width=\"254\">Gestionar proyectos privados y p\u00fablicos sostenibles en el tiempo, con criterios de oportunidad, eficiencia, eficacia, productividad, calidad, cuidado del medio ambiente, seguridad y salud en el trabajo, \u00e9tica y responsabilidad social.<\/td>\n<\/tr>\n<tr>\n<td width=\"263\">Establecer estrategias para el aprovechamiento de oportunidades mediante la investigaci\u00f3n para la creaci\u00f3n de nuevas empresas con \u00e9tica y responsabilidad social.<\/td>\n<td width=\"254\">Establecer estrategias para la identificaci\u00f3n y aprovechamiento de oportunidades mediante la investigaci\u00f3n e innovaci\u00f3n de la propuesta de valor para la creaci\u00f3n de nuevas empresas con \u00e9tica, responsabilidad social y cuidado del medio ambiente.<\/td>\n<\/tr>\n<\/tbody>\n<\/table>\n<p>Los objetivos educacionales han sido derivados de la Misi\u00f3n de la Universidad en correspondencia con la misi\u00f3n de la Escuela.<\/p>\n","protected":false},"excerpt":{"rendered":"<p>Se espera que los graduados de la Escuela Profesional de Ingenier\u00eda Industrial algunos a\u00f1os despu\u00e9s de su graduaci\u00f3n logren: OBJETIVO EDUCACIONAL APORTE Brindar alternativas de soluci\u00f3n a los problemas de la sociedad para contribuir al crecimiento y desarrollo social dotado de una s\u00f3lida base de conocimientos en ingenier\u00eda y formaci\u00f3n \u00e9tica. Brindar alternativas de soluci\u00f3n [&hellip;]<\/p>\n","protected":false},"author":1,"featured_media":272,"parent":0,"menu_order":0,"comment_status":"closed","ping_status":"closed","template":"","meta":{"_acf_changed":false,"footnotes":""},"class_list":["post-427","page","type-page","status-publish","has-post-thumbnail","hentry"],"acf":[],"_links":{"self":[{"href":"https:\/\/fips.unsa.edu.pe\/ingenieriaindustrial\/wp-json\/wp\/v2\/pages\/427","targetHints":{"allow":["GET"]}}],"collection":[{"href":"https:\/\/fips.unsa.edu.pe\/ingenieriaindustrial\/wp-json\/wp\/v2\/pages"}],"about":[{"href":"https:\/\/fips.unsa.edu.pe\/ingenieriaindustrial\/wp-json\/wp\/v2\/types\/page"}],"author":[{"embeddable":true,"href":"https:\/\/fips.unsa.edu.pe\/ingenieriaindustrial\/wp-json\/wp\/v2\/users\/1"}],"replies":[{"embeddable":true,"href":"https:\/\/fips.unsa.edu.pe\/ingenieriaindustrial\/wp-json\/wp\/v2\/comments?post=427"}],"version-history":[{"count":5,"href":"https:\/\/fips.unsa.edu.pe\/ingenieriaindustrial\/wp-json\/wp\/v2\/pages\/427\/revisions"}],"predecessor-version":[{"id":926,"href":"https:\/\/fips.unsa.edu.pe\/ingenieriaindustrial\/wp-json\/wp\/v2\/pages\/427\/revisions\/926"}],"wp:featuredmedia":[{"embeddable":true,"href":"https:\/\/fips.unsa.edu.pe\/ingenieriaindustrial\/wp-json\/wp\/v2\/media\/272"}],"wp:attachment":[{"href":"https:\/\/fips.unsa.edu.pe\/ingenieriaindustrial\/wp-json\/wp\/v2\/media?parent=427"}],"curies":[{"name":"wp","href":"https:\/\/api.w.org\/{rel}","templated":true}]}}