{"id":41,"date":"2017-07-03T19:06:00","date_gmt":"2017-07-03T19:06:00","guid":{"rendered":"http:\/\/www2.unsa.edu.pe\/escuelas\/ingindustrial\/?page_id=41"},"modified":"2021-05-07T19:34:56","modified_gmt":"2021-05-08T00:34:56","slug":"presentacion","status":"publish","type":"page","link":"https:\/\/fips.unsa.edu.pe\/ingenieriaindustrial\/presentacion\/","title":{"rendered":"Presentaci\u00f3n"},"content":{"rendered":"<p><img loading=\"lazy\" decoding=\"async\" class=\"alignnone size-full wp-image-733 aligncenter\" src=\"https:\/\/fips.unsa.edu.pe\/ingenieriaindustrial\/wp-content\/uploads\/sites\/6\/2021\/05\/Icacit-Logo.png\" alt=\"\" width=\"609\" height=\"95\" \/><\/p>\n<p>La Escuela Profesional de Ingenier\u00eda Industrial en el a\u00f1o 2019 ha pasado por el proceso de acreditaci\u00f3n con la evaluadora <em>ICACIT<\/em> obteniendo la certificaci\u00f3n de acreditaci\u00f3n por 6 a\u00f1os, lo que nos conlleva a establecer peri\u00f3dicamente planes de mejora para la sostenibilidad de nuestro programa<\/p>\n<p><em>ICACIT<\/em> es una agencia acreditadora especializada en programa de formaci\u00f3n profesional en computaci\u00f3n, ingenier\u00eda y tecnolog\u00eda en ingenier\u00eda. <em>ICACIT<\/em> promueve la mejora continua de la calidad educativa de los programas, garantizando que estos cumplan con los m\u00e1s altos est\u00e1ndares internacionales que aseguren que los graduados est\u00e9n listos para ejercer su profesi\u00f3n.\u00a0 .<\/p>\n<p><em>ICACIT<\/em> es la primera agencia latinoamericana admitida como miembro del Washington Accord, un acuerdo entre las m\u00e1s prestigiosas agencias de acreditaci\u00f3n de ingenier\u00eda en el mundo.<\/p>\n<p>La Ingenier\u00eda Industrial se enfrenta hoy en d\u00eda a retos que nos dan los sectores productivos en base a la econom\u00eda global. Por eso la Universidad propone un Modelo Educativo donde nuestros estudiantes deben tener una formaci\u00f3n humanista, de ciencias b\u00e1sicas y de especializaci\u00f3n, para lograr Profesionales de talento con saberes competitivos y \u00e9ticos como son: el saber ser, saber hacer, saber conocer y lo m\u00e1s esencial el saber convivir.<\/p>\n<p>La finalidad de la Ingenier\u00eda Industrial es la optimizaci\u00f3n de los procesos y en el mejoramiento continuo de los sistemas productivos para alcanzar la competitividad de las organizaciones. Emplea los recursos en forma eficiente y eficaz\u00a0 para proyectar, evaluar, planear, organizar\u00a0 y ofrecer bienes o servicios\u00a0 para dar respuesta a las necesidades\u00a0 que requiere la sociedad.<\/p>\n<p>El campo laboral se da en la Log\u00edstica, Marketing, Talento Humano, los Sistemas de Producci\u00f3n y la Gesti\u00f3n Organizacional.<\/p>\n<p>Futuros Ingenieros Industriales, el logro de nuestros objetivos y metas trazadas depende de nuestra actitud y proactividad, el desarrollo del pa\u00eds depende de nosotros.<\/p>\n<p><strong>DR. PAUL TANCO FERNANDEZ<\/strong><\/p>\n<p><strong>DIRECTOR<\/strong><\/p>\n","protected":false},"excerpt":{"rendered":"<p>La Escuela Profesional de Ingenier\u00eda Industrial en el a\u00f1o 2019 ha pasado por el proceso de acreditaci\u00f3n con la evaluadora ICACIT obteniendo la certificaci\u00f3n de acreditaci\u00f3n por 6 a\u00f1os, lo que nos conlleva a establecer peri\u00f3dicamente planes de mejora para la sostenibilidad de nuestro programa ICACIT es una agencia acreditadora especializada en programa de formaci\u00f3n [&hellip;]<\/p>\n","protected":false},"author":1,"featured_media":287,"parent":0,"menu_order":0,"comment_status":"closed","ping_status":"closed","template":"page-imagen.php","meta":{"_acf_changed":false,"footnotes":""},"class_list":["post-41","page","type-page","status-publish","has-post-thumbnail","hentry"],"acf":[],"_links":{"self":[{"href":"https:\/\/fips.unsa.edu.pe\/ingenieriaindustrial\/wp-json\/wp\/v2\/pages\/41","targetHints":{"allow":["GET"]}}],"collection":[{"href":"https:\/\/fips.unsa.edu.pe\/ingenieriaindustrial\/wp-json\/wp\/v2\/pages"}],"about":[{"href":"https:\/\/fips.unsa.edu.pe\/ingenieriaindustrial\/wp-json\/wp\/v2\/types\/page"}],"author":[{"embeddable":true,"href":"https:\/\/fips.unsa.edu.pe\/ingenieriaindustrial\/wp-json\/wp\/v2\/users\/1"}],"replies":[{"embeddable":true,"href":"https:\/\/fips.unsa.edu.pe\/ingenieriaindustrial\/wp-json\/wp\/v2\/comments?post=41"}],"version-history":[{"count":8,"href":"https:\/\/fips.unsa.edu.pe\/ingenieriaindustrial\/wp-json\/wp\/v2\/pages\/41\/revisions"}],"predecessor-version":[{"id":735,"href":"https:\/\/fips.unsa.edu.pe\/ingenieriaindustrial\/wp-json\/wp\/v2\/pages\/41\/revisions\/735"}],"wp:featuredmedia":[{"embeddable":true,"href":"https:\/\/fips.unsa.edu.pe\/ingenieriaindustrial\/wp-json\/wp\/v2\/media\/287"}],"wp:attachment":[{"href":"https:\/\/fips.unsa.edu.pe\/ingenieriaindustrial\/wp-json\/wp\/v2\/media?parent=41"}],"curies":[{"name":"wp","href":"https:\/\/api.w.org\/{rel}","templated":true}]}}