{"id":145,"date":"2017-07-05T20:00:44","date_gmt":"2017-07-05T20:00:44","guid":{"rendered":"http:\/\/www2.unsa.edu.pe\/escuelas\/ingindustrial\/?page_id=145"},"modified":"2021-04-28T22:33:57","modified_gmt":"2021-04-29T03:33:57","slug":"infraestructura","status":"publish","type":"page","link":"https:\/\/fips.unsa.edu.pe\/ingenieriaindustrial\/infraestructura\/","title":{"rendered":"Infraestructura"},"content":{"rendered":"<p><em><span style=\"color: #333399\"><strong>La Escuela profesional de Ingenier\u00eda Industrial cuenta con:<\/strong><\/span><\/em><\/p>\n<ul>\n<li><span style=\"color: #333399\">16 Salones<\/span><\/li>\n<li><span style=\"color: #333399\">2 Laboratorios de Inform\u00e1tica<\/span><\/li>\n<li><span style=\"color: #333399\">1 Laboratorio de M\u00e9todos<\/span><\/li>\n<li><span style=\"color: #333399\">1 Centro de Documentaci\u00f3n e Internet<\/span><\/li>\n<li><span style=\"color: #333399\">1 Sal\u00f3n de Tutor\u00eda (104)<\/span><\/li>\n<\/ul>\n","protected":false},"excerpt":{"rendered":"<p>La Escuela profesional de Ingenier\u00eda Industrial cuenta con: 16 Salones 2 Laboratorios de Inform\u00e1tica 1 Laboratorio de M\u00e9todos 1 Centro de Documentaci\u00f3n e Internet 1 Sal\u00f3n de Tutor\u00eda (104)<\/p>\n","protected":false},"author":1,"featured_media":264,"parent":0,"menu_order":0,"comment_status":"closed","ping_status":"closed","template":"","meta":{"_acf_changed":false,"footnotes":""},"class_list":["post-145","page","type-page","status-publish","has-post-thumbnail","hentry"],"acf":[],"_links":{"self":[{"href":"https:\/\/fips.unsa.edu.pe\/ingenieriaindustrial\/wp-json\/wp\/v2\/pages\/145","targetHints":{"allow":["GET"]}}],"collection":[{"href":"https:\/\/fips.unsa.edu.pe\/ingenieriaindustrial\/wp-json\/wp\/v2\/pages"}],"about":[{"href":"https:\/\/fips.unsa.edu.pe\/ingenieriaindustrial\/wp-json\/wp\/v2\/types\/page"}],"author":[{"embeddable":true,"href":"https:\/\/fips.unsa.edu.pe\/ingenieriaindustrial\/wp-json\/wp\/v2\/users\/1"}],"replies":[{"embeddable":true,"href":"https:\/\/fips.unsa.edu.pe\/ingenieriaindustrial\/wp-json\/wp\/v2\/comments?post=145"}],"version-history":[{"count":4,"href":"https:\/\/fips.unsa.edu.pe\/ingenieriaindustrial\/wp-json\/wp\/v2\/pages\/145\/revisions"}],"predecessor-version":[{"id":638,"href":"https:\/\/fips.unsa.edu.pe\/ingenieriaindustrial\/wp-json\/wp\/v2\/pages\/145\/revisions\/638"}],"wp:featuredmedia":[{"embeddable":true,"href":"https:\/\/fips.unsa.edu.pe\/ingenieriaindustrial\/wp-json\/wp\/v2\/media\/264"}],"wp:attachment":[{"href":"https:\/\/fips.unsa.edu.pe\/ingenieriaindustrial\/wp-json\/wp\/v2\/media?parent=145"}],"curies":[{"name":"wp","href":"https:\/\/api.w.org\/{rel}","templated":true}]}}