{"id":123,"date":"2017-07-05T18:54:38","date_gmt":"2017-07-05T18:54:38","guid":{"rendered":"http:\/\/www2.unsa.edu.pe\/escuelas\/ingindustrial\/?page_id=123"},"modified":"2017-11-01T19:10:26","modified_gmt":"2017-11-01T19:10:26","slug":"titulo-de-ingeniero-industrial","status":"publish","type":"page","link":"https:\/\/fips.unsa.edu.pe\/ingenieriaindustrial\/titulo-de-ingeniero-industrial\/","title":{"rendered":"T\u00edtulo de Ingeniero Industrial"},"content":{"rendered":"<h4>Modalidades<\/h4>\n<p>Hay tres modalidades de titulaci\u00f3n: la primera es por tesis, la segunda es por servicios profesionales y la tercera mediante una prueba de Suficiencia Profesional.<\/p>\n<h4>Requisitos para la obtenci\u00f3n del t\u00edtulo<\/h4>\n<ol>\n<li>Fotocopia notarialmente legalizada del DNI<\/li>\n<li>Diploma de grado Acad\u00e9mico de Bachiller (copia legalizada)<\/li>\n<li>Libreta de notas original actualizada a la fecha<\/li>\n<li>Recibo por derechos de t\u00edtulo Profesional<\/li>\n<li>Fotograf\u00edas de frente de reciente data a colores (3 tama\u00f1os carnet y 2 tama\u00f1o pasaporte)<\/li>\n<li>Certificado negativo de antecedentes penales expedido por el registro judicial de condenas<\/li>\n<li>Constancia de no adeudar material bibliogr\u00e1fico en bibliotecas<\/li>\n<li>Constancia de no adeudar bienes a la escuela<\/li>\n<li>Constancia original de pr\u00e1cticas Pre profesionales (Modalidad Tesis)<\/li>\n<li>Constancia original de trabajo (modalidad servicios profesionales\/prueba de suficiencia)<\/li>\n<li>Registro de persona jur\u00eddica de la empresa donde efect\u00fao practicas o trabajo (registro SUNARP)<\/li>\n<li>Acta de aprobaci\u00f3n de tema original (modalidad tesis)<\/li>\n<li>Borrador de trabajo de Tesis impreso y digital (3 ejemplares)<\/li>\n<li>Memoria descriptiva impresa y digital (3 ejemplares), modalidad Servicios Profesionales<\/li>\n<li>Informe de experiencia profesional impreso y digital (3 ejemplares), modalidad servicios profesionales<\/li>\n<\/ol>\n","protected":false},"excerpt":{"rendered":"<p>Modalidades Hay tres modalidades de titulaci\u00f3n: la primera es por tesis, la segunda es por servicios profesionales y la tercera mediante una prueba de Suficiencia Profesional. Requisitos para la obtenci\u00f3n del t\u00edtulo Fotocopia notarialmente legalizada del DNI Diploma de grado Acad\u00e9mico de Bachiller (copia legalizada) Libreta de notas original actualizada a la fecha Recibo por [&hellip;]<\/p>\n","protected":false},"author":1,"featured_media":272,"parent":0,"menu_order":0,"comment_status":"closed","ping_status":"closed","template":"","meta":{"_acf_changed":false,"footnotes":""},"class_list":["post-123","page","type-page","status-publish","has-post-thumbnail","hentry"],"acf":[],"_links":{"self":[{"href":"https:\/\/fips.unsa.edu.pe\/ingenieriaindustrial\/wp-json\/wp\/v2\/pages\/123","targetHints":{"allow":["GET"]}}],"collection":[{"href":"https:\/\/fips.unsa.edu.pe\/ingenieriaindustrial\/wp-json\/wp\/v2\/pages"}],"about":[{"href":"https:\/\/fips.unsa.edu.pe\/ingenieriaindustrial\/wp-json\/wp\/v2\/types\/page"}],"author":[{"embeddable":true,"href":"https:\/\/fips.unsa.edu.pe\/ingenieriaindustrial\/wp-json\/wp\/v2\/users\/1"}],"replies":[{"embeddable":true,"href":"https:\/\/fips.unsa.edu.pe\/ingenieriaindustrial\/wp-json\/wp\/v2\/comments?post=123"}],"version-history":[{"count":3,"href":"https:\/\/fips.unsa.edu.pe\/ingenieriaindustrial\/wp-json\/wp\/v2\/pages\/123\/revisions"}],"predecessor-version":[{"id":292,"href":"https:\/\/fips.unsa.edu.pe\/ingenieriaindustrial\/wp-json\/wp\/v2\/pages\/123\/revisions\/292"}],"wp:featuredmedia":[{"embeddable":true,"href":"https:\/\/fips.unsa.edu.pe\/ingenieriaindustrial\/wp-json\/wp\/v2\/media\/272"}],"wp:attachment":[{"href":"https:\/\/fips.unsa.edu.pe\/ingenieriaindustrial\/wp-json\/wp\/v2\/media?parent=123"}],"curies":[{"name":"wp","href":"https:\/\/api.w.org\/{rel}","templated":true}]}}