{"id":113,"date":"2017-07-04T20:26:13","date_gmt":"2017-07-04T20:26:13","guid":{"rendered":"http:\/\/www2.unsa.edu.pe\/escuelas\/ingindustrial\/?page_id=113"},"modified":"2021-04-28T22:46:16","modified_gmt":"2021-04-29T03:46:16","slug":"competencias-de-la-carrera","status":"publish","type":"page","link":"https:\/\/fips.unsa.edu.pe\/ingenieriaindustrial\/competencias-de-la-carrera\/","title":{"rendered":"Competencias de la Carrera"},"content":{"rendered":"<h4><span style=\"color: #333399\"><strong>Competencias Generales:<\/strong><\/span><\/h4>\n<ol>\n<li>Analiza las estructuras y enfoques te\u00f3ricos, antes de aceptarlos como v\u00e1lidos y partiendo de las necesidades de su sociedad.<\/li>\n<li>Soluciona problemas de ingenier\u00eda, para la satisfacci\u00f3n de los intereses de la sociedad peruana y de acuerdo a las normas legales, \u00e9tica y valores.<\/li>\n<li>Reconoce la importancia de la investigaci\u00f3n cient\u00edfica y tecnol\u00f3gica, as\u00ed como del empleo de m\u00e9todos cient\u00edficos para afrontar los problemas de la pr\u00e1ctica profesional y ciudadana.<\/li>\n<li>Gestiona sistemas de informaci\u00f3n de manera integral, para mejorar la productividad de los sistemas de producci\u00f3n y de servicios con eficiencia.<\/li>\n<li>Desarrolla trabajo en equipo, para afrontar adecuadamente la cr\u00edtica y el conflicto con probidad.<\/li>\n<li>Comunica de manera asertiva la informaci\u00f3n para lograr facilidad de entendimiento y empat\u00eda en la organizaci\u00f3n.<\/li>\n<li>Dise\u00f1a sistemas para resolver necesidades y de esta manera lograr eficacia de manera id\u00f3nea.<\/li>\n<li>Fomenta el desarrollo propio y mejora continua, para lograr los objetivos trazados con probidad e idoneidad.<\/li>\n<li>Participa en la b\u00fasqueda y difusi\u00f3n de la verdad, adem\u00e1s de la libertad de pensamiento de expresi\u00f3n y de cr\u00edtica con responsabilidad.<\/li>\n<\/ol>\n<h4><span style=\"color: #333399\"><strong>Competencias Espec\u00edficas y de Especialidad:<\/strong><\/span><\/h4>\n<h4><span style=\"color: #333399\"><em><strong>Competencias Espec\u00edficas<\/strong><\/em><\/span><\/h4>\n<ol>\n<li>Resuelve diferentes problemas de matem\u00e1ticas, f\u00edsica, qu\u00edmica y otras materias asociadas a la ingenier\u00eda industrial con eficiencia.<\/li>\n<li>Aplica tecnolog\u00edas, t\u00e9cnicas y herramientas modernas de ingenier\u00eda industrial con eficiencia y eficacia.<\/li>\n<li>Analiza problemas y sistemas complejos del campo de la ingenier\u00eda industrial con responsabilidad.<\/li>\n<li>Razona en forma l\u00f3gica, conceptual, deductiva y cr\u00edtica sobre casos que se presentan en cualquier \u00e1rea de ingenier\u00eda industrial, con idoneidad.<\/li>\n<li>Modela problemas de la realidad, con car\u00e1cter sist\u00e9mico e interdisciplinario con idoneidad<\/li>\n<li>Simula sistemas y realidades complejas relacionadas a la carrera de ingenier\u00eda industrial con veracidad.<\/li>\n<li>Dirige personas, actividades y proyectos, para la satisfacci\u00f3n de los intereses del empresariado con idoneidad.<\/li>\n<li>Se comunica efectivamente en forma oral, gr\u00e1fica y por escrito en el \u00e1mbito empresarial y social con respeto e idoneidad.<\/li>\n<li>Asegura la calidad, ergonom\u00eda y seguridad industrial para la satisfacci\u00f3n de clientes internos y externos con eficiencia.<\/li>\n<li>Aplica conocimientos de ciencias sociales y humanidades en el contexto empresarial con idoneidad.<\/li>\n<li>Muestra iniciativa y esp\u00edritu emprendedor, para generar trabajo con eficiencia e idoneidad.<\/li>\n<\/ol>\n<h4><em><span style=\"color: #333399\"><strong>Competencias de Especialidad<\/strong><\/span><\/em><\/h4>\n<ol>\n<li>Desarrolla presupuestos y costos de cualquier tipo de empresa tomando en cuenta las limitaciones de costo, tiempo y tama\u00f1o de las empresas con eficiencia.<\/li>\n<li>Dise\u00f1a m\u00e9todos de trabajo en diferentes rubros de empresas con eficiencia y responsabilidad.<\/li>\n<li><strong>Producci\u00f3n<\/strong>: Gestiona los recursos de una empresa, logrando la optimizaci\u00f3n de los procesos de los sistemas productivos y de servicios y resolver posibles conflictos con responsabilidad.<\/li>\n<li><strong>Marketing<\/strong>: Resuelve la negociaci\u00f3n con los clientes, en el \u00e1mbito empresarial con eficiencia.<\/li>\n<li><strong>Proyectos<\/strong>: Administra los proyectos industriales y de servicios con criterios de eficiencia y \u00e9tica.<\/li>\n<li><strong>Finanzas<\/strong>: Desarrolla estrategias financieras de acuerdo a la metodolog\u00eda comercial establecida, maximizando la rentabilidad de la empresa con idoneidad.<\/li>\n<li>Sistemas: Implementa sistemas de informaci\u00f3n de acuerdo a los requerimientos tomando en cuenta las limitaciones de costo, tiempo y tama\u00f1o de las empresas con responsabilidad.<\/li>\n<\/ol>\n","protected":false},"excerpt":{"rendered":"<p>Competencias Generales: Analiza las estructuras y enfoques te\u00f3ricos, antes de aceptarlos como v\u00e1lidos y partiendo de las necesidades de su sociedad. Soluciona problemas de ingenier\u00eda, para la satisfacci\u00f3n de los intereses de la sociedad peruana y de acuerdo a las normas legales, \u00e9tica y valores. Reconoce la importancia de la investigaci\u00f3n cient\u00edfica y tecnol\u00f3gica, as\u00ed [&hellip;]<\/p>\n","protected":false},"author":1,"featured_media":266,"parent":0,"menu_order":0,"comment_status":"closed","ping_status":"closed","template":"","meta":{"_acf_changed":false,"footnotes":""},"class_list":["post-113","page","type-page","status-publish","has-post-thumbnail","hentry"],"acf":[],"_links":{"self":[{"href":"https:\/\/fips.unsa.edu.pe\/ingenieriaindustrial\/wp-json\/wp\/v2\/pages\/113","targetHints":{"allow":["GET"]}}],"collection":[{"href":"https:\/\/fips.unsa.edu.pe\/ingenieriaindustrial\/wp-json\/wp\/v2\/pages"}],"about":[{"href":"https:\/\/fips.unsa.edu.pe\/ingenieriaindustrial\/wp-json\/wp\/v2\/types\/page"}],"author":[{"embeddable":true,"href":"https:\/\/fips.unsa.edu.pe\/ingenieriaindustrial\/wp-json\/wp\/v2\/users\/1"}],"replies":[{"embeddable":true,"href":"https:\/\/fips.unsa.edu.pe\/ingenieriaindustrial\/wp-json\/wp\/v2\/comments?post=113"}],"version-history":[{"count":3,"href":"https:\/\/fips.unsa.edu.pe\/ingenieriaindustrial\/wp-json\/wp\/v2\/pages\/113\/revisions"}],"predecessor-version":[{"id":654,"href":"https:\/\/fips.unsa.edu.pe\/ingenieriaindustrial\/wp-json\/wp\/v2\/pages\/113\/revisions\/654"}],"wp:featuredmedia":[{"embeddable":true,"href":"https:\/\/fips.unsa.edu.pe\/ingenieriaindustrial\/wp-json\/wp\/v2\/media\/266"}],"wp:attachment":[{"href":"https:\/\/fips.unsa.edu.pe\/ingenieriaindustrial\/wp-json\/wp\/v2\/media?parent=113"}],"curies":[{"name":"wp","href":"https:\/\/api.w.org\/{rel}","templated":true}]}}