{"id":111,"date":"2017-07-04T20:23:00","date_gmt":"2017-07-04T20:23:00","guid":{"rendered":"http:\/\/www2.unsa.edu.pe\/escuelas\/ingindustrial\/?page_id=111"},"modified":"2021-04-28T22:47:12","modified_gmt":"2021-04-29T03:47:12","slug":"campo-ocupacional","status":"publish","type":"page","link":"https:\/\/fips.unsa.edu.pe\/ingenieriaindustrial\/campo-ocupacional\/","title":{"rendered":"Campo Ocupacional"},"content":{"rendered":"<p>El Ingeniero Industrial puede trabajar en todas las organizaciones de Producci\u00f3n o Servicios, p\u00fablicas o privadas.<br \/>\nEn Industrias mec\u00e1nicas, de la construcci\u00f3n, textiles, mineras, agr\u00edcolas, de alimentos, etc.<\/p>\n<p>Puede dedicarse a la Docencia Universitaria y T\u00e9cnica Profesional.<\/p>\n","protected":false},"excerpt":{"rendered":"<p>El Ingeniero Industrial puede trabajar en todas las organizaciones de Producci\u00f3n o Servicios, p\u00fablicas o privadas. En Industrias mec\u00e1nicas, de la construcci\u00f3n, textiles, mineras, agr\u00edcolas, de alimentos, etc. Puede dedicarse a la Docencia Universitaria y T\u00e9cnica Profesional.<\/p>\n","protected":false},"author":1,"featured_media":0,"parent":0,"menu_order":0,"comment_status":"closed","ping_status":"closed","template":"","meta":{"_acf_changed":false,"footnotes":""},"class_list":["post-111","page","type-page","status-publish","hentry"],"acf":[],"_links":{"self":[{"href":"https:\/\/fips.unsa.edu.pe\/ingenieriaindustrial\/wp-json\/wp\/v2\/pages\/111","targetHints":{"allow":["GET"]}}],"collection":[{"href":"https:\/\/fips.unsa.edu.pe\/ingenieriaindustrial\/wp-json\/wp\/v2\/pages"}],"about":[{"href":"https:\/\/fips.unsa.edu.pe\/ingenieriaindustrial\/wp-json\/wp\/v2\/types\/page"}],"author":[{"embeddable":true,"href":"https:\/\/fips.unsa.edu.pe\/ingenieriaindustrial\/wp-json\/wp\/v2\/users\/1"}],"replies":[{"embeddable":true,"href":"https:\/\/fips.unsa.edu.pe\/ingenieriaindustrial\/wp-json\/wp\/v2\/comments?post=111"}],"version-history":[{"count":3,"href":"https:\/\/fips.unsa.edu.pe\/ingenieriaindustrial\/wp-json\/wp\/v2\/pages\/111\/revisions"}],"predecessor-version":[{"id":655,"href":"https:\/\/fips.unsa.edu.pe\/ingenieriaindustrial\/wp-json\/wp\/v2\/pages\/111\/revisions\/655"}],"wp:attachment":[{"href":"https:\/\/fips.unsa.edu.pe\/ingenieriaindustrial\/wp-json\/wp\/v2\/media?parent=111"}],"curies":[{"name":"wp","href":"https:\/\/api.w.org\/{rel}","templated":true}]}}