{"id":1091,"date":"2025-06-06T11:45:13","date_gmt":"2025-06-06T16:45:13","guid":{"rendered":"https:\/\/fips.unsa.edu.pe\/ingenieriaindustrial\/?page_id=1091"},"modified":"2025-06-06T11:52:12","modified_gmt":"2025-06-06T16:52:12","slug":"objetivos","status":"publish","type":"page","link":"https:\/\/fips.unsa.edu.pe\/ingenieriaindustrial\/objetivos\/","title":{"rendered":"Objetivos"},"content":{"rendered":"<h2>Objetivos del sistema de gesti\u00f3n de calidad<\/h2>\n<p>La Universidad Nacional de San Agust\u00edn de Arequipa garantiza que sus estudiantes de pregrado y posgrado accedan a un servicio educativo universitario de calidad, a trav\u00e9s de la mejora continua de los procesos de ense\u00f1anza aprendizaje, investigaci\u00f3n y responsabilidad social universitaria; el resultado es la formaci\u00f3n integral de profesionales competentes y con valores, que contribuyan al desarrollo sostenible de la regi\u00f3n y del pa\u00eds.<\/p>\n<p>Nos comprometemos a:<\/p>\n<ol>\n<li>Promover la investigaci\u00f3n a trav\u00e9s de la gesti\u00f3n de los fondos concursables y otros fondos externos a la Universidad<\/li>\n<li>Implementaci\u00f3n del Parque Cient\u00edfico, Institutos y Laboratorios de Investigaci\u00f3n para la comunidad acad\u00e9mica.<\/li>\n<li>Garantizar la gesti\u00f3n de la propiedad intelectual<\/li>\n<li>Fomentar la excelencia mediante la mejora continua en cuanto a la formaci\u00f3n y especializaci\u00f3n Profesional y su contribuci\u00f3n a la sociedad.<\/li>\n<li>Mantener la acreditaci\u00f3n para la mejora continua.<\/li>\n<li>Garantizar el cumplimiento de las condiciones b\u00e1sicas de calidad en la Universidad manteniendo la continuidad del licenciamiento institucional.<\/li>\n<li>Garantizar una cultura de calidad que incluya actividades de responsabilidad social y el seguimiento de la satisfacci\u00f3n de las partes interesadas.<\/li>\n<\/ol>\n<p style=\"text-align: center\">HUGO JOSE ROJAS FLORES<br \/>\nRECTOR<br \/>\nAprobada con RCU N\u00b0 0510-2022, emitida el 19 de octubre de 2022.<\/p>\n","protected":false},"excerpt":{"rendered":"<p>Objetivos del sistema de gesti\u00f3n de calidad La Universidad Nacional de San Agust\u00edn de Arequipa garantiza que sus estudiantes de pregrado y posgrado accedan a un servicio educativo universitario de calidad, a trav\u00e9s de la mejora continua de los procesos de ense\u00f1anza aprendizaje, investigaci\u00f3n y responsabilidad social universitaria; el resultado es la formaci\u00f3n integral de [&hellip;]<\/p>\n","protected":false},"author":27,"featured_media":0,"parent":0,"menu_order":0,"comment_status":"closed","ping_status":"closed","template":"","meta":{"_acf_changed":false,"footnotes":""},"class_list":["post-1091","page","type-page","status-publish","hentry"],"acf":[],"_links":{"self":[{"href":"https:\/\/fips.unsa.edu.pe\/ingenieriaindustrial\/wp-json\/wp\/v2\/pages\/1091","targetHints":{"allow":["GET"]}}],"collection":[{"href":"https:\/\/fips.unsa.edu.pe\/ingenieriaindustrial\/wp-json\/wp\/v2\/pages"}],"about":[{"href":"https:\/\/fips.unsa.edu.pe\/ingenieriaindustrial\/wp-json\/wp\/v2\/types\/page"}],"author":[{"embeddable":true,"href":"https:\/\/fips.unsa.edu.pe\/ingenieriaindustrial\/wp-json\/wp\/v2\/users\/27"}],"replies":[{"embeddable":true,"href":"https:\/\/fips.unsa.edu.pe\/ingenieriaindustrial\/wp-json\/wp\/v2\/comments?post=1091"}],"version-history":[{"count":2,"href":"https:\/\/fips.unsa.edu.pe\/ingenieriaindustrial\/wp-json\/wp\/v2\/pages\/1091\/revisions"}],"predecessor-version":[{"id":1097,"href":"https:\/\/fips.unsa.edu.pe\/ingenieriaindustrial\/wp-json\/wp\/v2\/pages\/1091\/revisions\/1097"}],"wp:attachment":[{"href":"https:\/\/fips.unsa.edu.pe\/ingenieriaindustrial\/wp-json\/wp\/v2\/media?parent=1091"}],"curies":[{"name":"wp","href":"https:\/\/api.w.org\/{rel}","templated":true}]}}